{"id":6339,"date":"2025-01-27T11:01:54","date_gmt":"2025-01-27T10:01:54","guid":{"rendered":"https:\/\/www.nikki.amsterdam\/?post_type=product&#038;p=6339"},"modified":"2026-04-21T16:33:45","modified_gmt":"2026-04-21T14:33:45","slug":"the-pillow","status":"publish","type":"product","link":"https:\/\/www.nikki.amsterdam\/de\/produkt\/warmeprodukte\/warmekissen\/the-pillow\/","title":{"rendered":"The.Pillow"},"content":{"rendered":"<h2>\u00dcber das Produkt<\/h2>\n<p>Unser solide gepolstertes kabelloses W\u00e4rmekissen The.Pillow ist mit 60 x 45 cm und einer Dicke von 18 cm gro\u00df genug, um bequem an Ihnen zu liegen oder Ihren gesamten R\u00fccken zu w\u00e4rmen. Mit 4 gleichm\u00e4\u00dfig \u00fcber das Kissen verteilten W\u00e4rmeelementen werden Sie genau dort gew\u00e4rmt, wo Ihr K\u00f6rper es braucht. Mit 3 einstellbaren W\u00e4rmestufen w\u00e4hlen Sie die W\u00e4rme, die Sie m\u00f6gen. Dank der leistungsstarken Powerbank k\u00f6nnen Sie es bis zu 14 Stunden lang genie\u00dfen.<\/p>\n<p>Besonderes Augenmerk wurde auf die Weichheit und Qualit\u00e4t des Stoffes gelegt. Das Kissen ist aus einem sch\u00f6nen Teddyfleece gefertigt, dessen Au\u00dfenbezug in der Maschine waschbar ist. Auch nach vielen W\u00e4schen bleibt das Kissen kuschelig weich. Diese Weichheit in Verbindung mit stundenlanger W\u00e4rme ist ein reines Vergn\u00fcgen.<\/p>\n<h2><strong>Stunden der Hitze<\/strong><\/h2>\n<p>The.Pillow wird mit einer leistungsstarken 16.000 mAh (80 Wh) Powerbank geliefert. Mit der Taste an der Au\u00dfenseite k\u00f6nnen Sie Ihre pers\u00f6nliche W\u00e4rme f\u00fcr bis zu 14 Stunden einstellen.<\/p>\n<p>Sie haben die Wahl zwischen 3 verschiedenen Heizstufen:<\/p>\n<ul>\n<li><strong>Rot<\/strong> | intern 58\u00b0C | taktil 45\u00b0C | Betriebsdauer 10 Stunden<\/li>\n<li><strong>Blau<\/strong> | intern 50\u00b0C | taktil 40\u00b0C | Betriebsdauer 12 Stunden<\/li>\n<li><strong>Gr\u00fcn<\/strong> | intern 45\u00b0C | taktil 38\u00b0C | Betriebsdauer 14 Stunden<\/li>\n<\/ul>\n<h2><strong>Unsere Vorteile<\/strong><\/h2>\n<ul>\n<li><strong>Erstklassige Qualit\u00e4t: <\/strong>Hergestellt aus hochwertigen Materialien und ausgestattet mit fortschrittlicher Infrarot-Technologie. Unsere W\u00e4rmeprodukte f\u00fchlen sich nicht nur luxuri\u00f6s an, sondern erbringen auch H\u00f6chstleistungen - Tag f\u00fcr Tag, Saison f\u00fcr Saison.<\/li>\n<li><strong>Lange Lebensdauer, ohne teure Nachr\u00fcstungen: <\/strong>Der leistungsstarke Akku h\u00e4lt deutlich l\u00e4nger, als Sie es gewohnt sind. Sie brauchen keine teuren Aufs\u00e4tze oder zus\u00e4tzliches Zubeh\u00f6r - bei uns ist der Langzeitkomfort einfach serienm\u00e4\u00dfig enthalten.<\/li>\n<li><strong>Vollst\u00e4ndige und nachhaltige W\u00e4rme:<\/strong> Dank mehrerer Heizelemente, die \u00fcber die gesamte Oberfl\u00e4che verteilt sind, genie\u00dfen Sie konstante, angenehme Infrarotw\u00e4rme - nicht nur an einem Ort, sondern \u00fcberall, wo Sie sie brauchen... Au\u00dferdem erw\u00e4rmt sie Sie und nicht die Umgebung, so dass die Heizung um ein Grad heruntergedreht werden kann!<\/li>\n<li><strong>Fairer Preis, faire W\u00e4rme: <\/strong>Wir investieren in Qualit\u00e4t, nicht in teures Marketing oder \u00fcberfl\u00fcssige Verpackungen. So bleibt unser Preis fair und wir sind transparent, was echte W\u00e4rme angeht.<\/li>\n<\/ul>\n<h2><strong>Sicherheit<\/strong><\/h2>\n<p>Alle unsere Produkte werden gr\u00fcndlich getestet und tragen die erforderlichen G\u00fctesiegel. Der Akku ist gegen \u00dcberhitzung gesch\u00fctzt und schaltet sich ab, wenn er zu hei\u00df wird.<\/p>","protected":false},"excerpt":{"rendered":"Tolles Fr\u00fchlingsangebot! Kabelloses Heizkissen (60 x 45 cm, 18 cm dick) aus Teddyfleece mit <strong>Infrarottechnik<\/strong> und wiederaufladbare Batterie f\u00fcr <strong>14 Stunden<\/strong> Kuschelig weiche W\u00e4rme. Wunderbar, wenn es drau\u00dfen ein bisschen k\u00fchl ist!\r\n\r\n<a href=\"https:\/\/www.nikki.amsterdam\/de\/produkt\/combo-angebote\/the-pillow-duo\/\">Mehr Nutzen pro Set!<\/a>","protected":false},"featured_media":7989,"template":"","meta":{"_acf_changed":false},"product_brand":[],"product_cat":[105],"product_tag":[],"class_list":{"0":"post-6339","1":"product","2":"type-product","3":"status-publish","4":"has-post-thumbnail","6":"product_cat-warmtekussens","8":"first","9":"instock","10":"sale","11":"taxable","12":"shipping-taxable","13":"purchasable","14":"product-type-variable"},"composite_virtual":false,"composite_layout":"","composite_add_to_cart_form_location":"","composite_editable_in_cart":false,"composite_sold_individually_context":"","composite_shop_price_calc":"","composite_components":[],"composite_scenarios":[],"exclude_global_add_ons":false,"addons":[{"name":"Combineer en profiteer!","type":"checkbox","position":0,"required":false,"title_format":"label","default":"","description_enable":true,"description":"Tweede product een warmteproduct? Geef je gewenste kleur aan ons door via het opmerkingenveld bij het afrekenen!","placeholder_enable":false,"placeholder":"","display":"select","restrictions_type":"any_text","adjust_price":false,"price":"","price_type":"flat_fee","restrictions":false,"min":"0","max":"0","options":[{"label":"+ The.Plaid van \u20ac149 voor","price":"110","price_type":"flat_fee","image":0,"visibility":true},{"label":"+ The.Lampion van \u20ac129 voor","price":"100","price_type":"flat_fee","image":0,"visibility":true},{"label":"+ The.Pillow van \u20ac119 voor","price":"80","price_type":"flat_fee","image":0,"visibility":true},{"label":"+ The.Wrap van \u20ac89 voor","price":"60","price_type":"flat_fee","image":0,"visibility":true}],"id":1753089994}],"acf":[],"yoast_head":null,"yoast_head_json":null,"_links":{"self":[{"href":"https:\/\/www.nikki.amsterdam\/de\/wp-json\/wp\/v2\/product\/6339","targetHints":{"allow":["GET"]}}],"collection":[{"href":"https:\/\/www.nikki.amsterdam\/de\/wp-json\/wp\/v2\/product"}],"about":[{"href":"https:\/\/www.nikki.amsterdam\/de\/wp-json\/wp\/v2\/types\/product"}],"wp:featuredmedia":[{"embeddable":true,"href":"https:\/\/www.nikki.amsterdam\/de\/wp-json\/wp\/v2\/media\/7989"}],"wp:attachment":[{"href":"https:\/\/www.nikki.amsterdam\/de\/wp-json\/wp\/v2\/media?parent=6339"}],"wp:term":[{"taxonomy":"product_brand","embeddable":true,"href":"https:\/\/www.nikki.amsterdam\/de\/wp-json\/wp\/v2\/product_brand?post=6339"},{"taxonomy":"product_cat","embeddable":true,"href":"https:\/\/www.nikki.amsterdam\/de\/wp-json\/wp\/v2\/product_cat?post=6339"},{"taxonomy":"product_tag","embeddable":true,"href":"https:\/\/www.nikki.amsterdam\/de\/wp-json\/wp\/v2\/product_tag?post=6339"}],"curies":[{"name":"wp","href":"https:\/\/api.w.org\/{rel}","templated":true}]}}