{"id":6342,"date":"2025-01-27T11:01:55","date_gmt":"2025-01-27T10:01:55","guid":{"rendered":"https:\/\/www.nikki.amsterdam\/?post_type=product&#038;p=6342"},"modified":"2026-03-13T10:10:39","modified_gmt":"2026-03-13T09:10:39","slug":"seat-pad","status":"publish","type":"product","link":"https:\/\/www.nikki.amsterdam\/de\/product\/warmteproducten\/warmtedekens\/seat-pad\/","title":{"rendered":"The.Seat Pad"},"content":{"rendered":"<p>The.Seat Pad - Ihr pers\u00f6nlicher Sitzw\u00e4rmer (135 x 45 cm), jederzeit und \u00fcberall.  Mit <strong>6 Heizelemente<\/strong> (4 im Fond, 2 auf dem Sitz) werden Sie genie\u00dfen <strong>gezielte, sanfte W\u00e4rme<\/strong> genau dort, wo Sie es brauchen.<\/p>\n<p>Hergestellt aus bequemem, waschbarem Wollstoff und mit 3 einstellbaren W\u00e4rmestufen, um die ideale Temperatur zu w\u00e4hlen.<\/p>\n<p>Dank der <strong>stilvoller Leder-Trageriemen<\/strong> nehmen Sie Ihr The.Seat-Pad m\u00fchelos mit - vom Wohnzimmer ins B\u00fcro. <strong>W\u00e4rme, Komfort und Stil in einem<\/strong><\/p>\n<h2><strong>Stunden der Hitze<\/strong><\/h2>\n<p>Das.Seat Pad ist mit einer leistungsstarken 16.000 mAh (80 Wh) Powerbank ausgestattet. Mit der Taste an der Au\u00dfenseite k\u00f6nnen Sie Ihre pers\u00f6nliche W\u00e4rme f\u00fcr bis zu 12 Stunden einstellen.<\/p>\n<p>Sie haben die Wahl zwischen 3 verschiedenen Heizstufen:<\/p>\n<ul>\n<li><strong>Rot<\/strong> | intern 58\u00b0C | taktil 45\u00b0C | Betriebsdauer 8 Stunden<\/li>\n<li><strong>Blau<\/strong> | intern 50\u00b0C | taktil 40\u00b0C | Betriebsdauer 10 Stunden<\/li>\n<li><strong>Gr\u00fcn<\/strong> | intern 45\u00b0C | taktil 38\u00b0C | Betriebsdauer 12 Stunden<\/li>\n<\/ul>\n<h2><strong>Unsere Vorteile<\/strong><\/h2>\n<ul>\n<li><strong>Erstklassige Qualit\u00e4t: <\/strong>Hergestellt aus hochwertigen Materialien und ausgestattet mit fortschrittlicher Infrarot-Technologie. Unsere W\u00e4rmeprodukte f\u00fchlen sich nicht nur luxuri\u00f6s an, sondern erbringen auch H\u00f6chstleistungen - Tag f\u00fcr Tag, Saison f\u00fcr Saison.<\/li>\n<li><strong>Lange Lebensdauer, ohne teure Nachr\u00fcstungen: <\/strong>Der leistungsstarke Akku h\u00e4lt deutlich l\u00e4nger, als Sie es gewohnt sind. Sie brauchen keine teuren Aufs\u00e4tze oder zus\u00e4tzliches Zubeh\u00f6r - bei uns ist der Langzeitkomfort einfach serienm\u00e4\u00dfig enthalten.<\/li>\n<li><strong>Vollst\u00e4ndige und nachhaltige W\u00e4rme:<\/strong> Dank mehrerer \u00fcber die gesamte Oberfl\u00e4che verteilter Heizelemente genie\u00dfen Sie konstante, angenehme Infrarotw\u00e4rme - nicht nur an einer Stelle, sondern \u00fcberall, wo Sie sie sp\u00fcren. Au\u00dferdem erw\u00e4rmt sie Sie und nicht die Umgebung, sodass die Heizung um ein Grad heruntergedreht werden kann!<\/li>\n<li><strong>Fairer Preis, faire W\u00e4rme: <\/strong>Wir investieren in Qualit\u00e4t, nicht in teures Marketing oder \u00fcberfl\u00fcssige Verpackungen. So bleibt unser Preis fair und wir sind transparent, was echte W\u00e4rme angeht.<\/li>\n<\/ul>\n<h2><strong>Sicherheit<\/strong><\/h2>\n<p>Alle unsere Produkte werden gr\u00fcndlich getestet und tragen die erforderlichen G\u00fctesiegel. Der Akku ist gegen \u00dcberhitzung gesch\u00fctzt und schaltet sich ab, wenn er zu hei\u00df wird.<\/p>","protected":false},"excerpt":{"rendered":"Luxuri\u00f6se, kabellose XL-Stuhlheizung (135 x 45 cm) aus wolligem Stoff.\r\n\u2705 6 Infrarot-W\u00e4rmeelemente (R\u00fccken und Sitz)\r\n\u2705 Einstellbare, interne W\u00e4rme bis zu 58\u00b0C\r\n\u2705 Bis zu 12 Stunden W\u00e4rme mit einer Akkuladung\r\n\u2705 Inklusive kostenlosem Leder-Tragegurt\r\n\u2705 Inklusive kostenloser Powerbank im Wert von 49,95 Euro\r\n\r\n \r\n\r\nBefristetes Fr\u00fchlingsangebot 139 \u20ac f\u00fcr 99 \u20ac\r\n<a href=\"https:\/\/www.nikki.amsterdam\/de\/produkt\/combo-angebote\/the-sit-and-heat\/\"><strong>Jetzt als Set inkl. The.Plaid noch vorteilhafter<\/strong><\/a>","protected":false},"featured_media":7994,"template":"","meta":{"_acf_changed":false},"product_brand":[],"product_cat":[104],"product_tag":[],"class_list":{"0":"post-6342","1":"product","2":"type-product","3":"status-publish","4":"has-post-thumbnail","6":"product_cat-warmtedekens","8":"first","9":"instock","10":"sale","11":"taxable","12":"shipping-taxable","13":"purchasable","14":"product-type-variable"},"composite_virtual":false,"composite_layout":"","composite_add_to_cart_form_location":"","composite_editable_in_cart":false,"composite_sold_individually_context":"","composite_shop_price_calc":"","composite_components":[],"composite_scenarios":[],"exclude_global_add_ons":false,"addons":[{"name":"Kombinieren und profitieren!","type":"checkbox","position":0,"required":false,"title_format":"label","default":"","description_enable":true,"description":"Zweites Produkt ein W\u00e4rmeprodukt? Teilen Sie uns Ihre Wunschfarbe \u00fcber das Kommentarfeld beim Checkout mit!","placeholder_enable":false,"placeholder":"","display":"select","restrictions_type":"any_text","adjust_price":false,"price":"","price_type":"flat_fee","restrictions":false,"min":"0","max":"0","options":[{"label":"+ The.Plaid van \u20ac149 voor","price":"110","price_type":"flat_fee","image":0,"visibility":true}],"id":1753088750}],"acf":[],"yoast_head":null,"yoast_head_json":null,"_links":{"self":[{"href":"https:\/\/www.nikki.amsterdam\/de\/wp-json\/wp\/v2\/product\/6342","targetHints":{"allow":["GET"]}}],"collection":[{"href":"https:\/\/www.nikki.amsterdam\/de\/wp-json\/wp\/v2\/product"}],"about":[{"href":"https:\/\/www.nikki.amsterdam\/de\/wp-json\/wp\/v2\/types\/product"}],"wp:featuredmedia":[{"embeddable":true,"href":"https:\/\/www.nikki.amsterdam\/de\/wp-json\/wp\/v2\/media\/7994"}],"wp:attachment":[{"href":"https:\/\/www.nikki.amsterdam\/de\/wp-json\/wp\/v2\/media?parent=6342"}],"wp:term":[{"taxonomy":"product_brand","embeddable":true,"href":"https:\/\/www.nikki.amsterdam\/de\/wp-json\/wp\/v2\/product_brand?post=6342"},{"taxonomy":"product_cat","embeddable":true,"href":"https:\/\/www.nikki.amsterdam\/de\/wp-json\/wp\/v2\/product_cat?post=6342"},{"taxonomy":"product_tag","embeddable":true,"href":"https:\/\/www.nikki.amsterdam\/de\/wp-json\/wp\/v2\/product_tag?post=6342"}],"curies":[{"name":"wp","href":"https:\/\/api.w.org\/{rel}","templated":true}]}}