{"id":6343,"date":"2025-01-27T11:01:55","date_gmt":"2025-01-27T10:01:55","guid":{"rendered":"https:\/\/www.nikki.amsterdam\/?post_type=product&#038;p=6343"},"modified":"2026-03-06T12:08:46","modified_gmt":"2026-03-06T11:08:46","slug":"the-triple-treat","status":"publish","type":"product","link":"https:\/\/www.nikki.amsterdam\/de\/produkt\/combo-angebote\/the-triple-treat\/","title":{"rendered":"The.Triple Treat"},"content":{"rendered":"<h2>Dieses Leistungspaket enth\u00e4lt<\/h2>\n<p>\u2714 The.Plaid - die einzige kabellose Infrarot-W\u00e4rmedecke aus Teddyfleece<br \/>\n\u2714 The.Pillow - gut gef\u00fclltes W\u00e4rmekissen, ideal zum Halten oder f\u00fcr den R\u00fccken<br \/>\n\u2714 The.Wrap - multifunktionales Kissen, das als Sitzkissen, Handw\u00e4rmer und Nackenkissen verwendet werden kann<br \/>\n\u2714 3 x mitgelieferte Powerbank mit 20.000 mAh (100 Wh), 16.000 mAh (80 Wh) und 10.000 mAh<br \/>\n\u2714 Kurzanleitung f\u00fcr die schnelle Inbetriebnahme<\/p>\n<h2><strong>The.Plaid Original<\/strong><\/h2>\n<p>The.Plaid ist eine kabellose W\u00e4rmedecke mit nicht weniger als 8 Infrarot-W\u00e4rmeelementen, die \u00fcber die gesamte L\u00e4nge der Decke verteilt sind. Sie wickeln sich in W\u00e4rme ein und unsere Infrarot-Technologie w\u00e4rmt Sie von innen heraus. Die leistungsstarke 20.000 mAh (100 Wh) Powerbank sorgt f\u00fcr bis zu 10 Stunden angenehme W\u00e4rme bei bis zu 58\u00b0C Innenw\u00e4rme.<\/p>\n<h2><strong>The.Pillow<\/strong><\/h2>\n<p>Das Pillow (60 x 45 cm) ist ein Infrarot-Heizkissen mit 4 Heizelementen, die genau dort w\u00e4rmen, wo Sie es brauchen. Es ist ein festes, gef\u00fclltes Kissen, das man bequem festhalten kann, um den K\u00f6rper zu w\u00e4rmen. Oder Sie verwenden es als Kopfkissen f\u00fcr Ihren Rus. Mit 4 Heizelementen und einem kabellosen Akku mit 16.000 mAh (80 Wh) werden Sie bis zu 14 Stunden lang auf bis zu 58\u00b0C Innentemperatur erw\u00e4rmt.<\/p>\n<h2><strong>The.Wrap<\/strong><\/h2>\n<p>Der.Wrap (55 x 40 cm) ist ein<strong> Infrarot-Heizkissen<\/strong> mit 3 Funktionen. Sie verwenden The.Wrap als <strong>Sitzkissen<\/strong>sondern durch das Rollen des Kissens nach innen oder au\u00dfen auch als <strong>Krug<\/strong> (nach au\u00dfen) oder <strong>Handw\u00e4rmer <\/strong>(nach innen). Sie sichern das aufgerollte Kissen mit einem doppelseitigen Rei\u00dfverschluss.<\/p>\n<p>The.Wrap verf\u00fcgt \u00fcber 2 leistungsstarke Heizelemente in der Mitte des kabellosen Pads und einen <strong>10.000 mAh-Akku <\/strong>(50 Wh). Damit k\u00f6nnen Sie bis zu 10 Stunden lang heizen. Sie k\u00f6nnen w\u00e4hlen zwischen <strong>3 Heizstufen.<\/strong>\u00a0Der \u00e4u\u00dfere Bezug ist maschinenwaschbar.<\/p>\n<p>Sie haben die Wahl zwischen 3 verschiedenen Heizstufen:<\/p>\n<ul>\n<li><strong>Rot<\/strong> | Intern 58\u00b0C | Taktil 45\u00b0C | Dauer The.Plaid \/ The.Wrap 6 Stunden | The.Pillow10 Stunden<\/li>\n<li><strong>Blau<\/strong> | Intern 50\u00b0C | Sensible 40\u00b0C | Dauer The.Plaid \/ The.Wrap 8 Stunden | The.Pillow 12 Stunden<\/li>\n<li><strong>Gr\u00fcn<\/strong> | Innen 45\u00b0C | Taktil 38\u00b0C | Dauer The.Plaid \/The.Wrap 10 Stunden |The.Pillow 14 Stunden<\/li>\n<\/ul>\n<h2><strong>Sicherheit<\/strong><\/h2>\n<p>Alle unsere Produkte werden gr\u00fcndlich getestet und tragen die erforderlichen G\u00fctesiegel. Der Akku ist gegen \u00dcberhitzung gesch\u00fctzt und schaltet sich ab, wenn er zu hei\u00df wird.<\/p>","protected":false},"excerpt":{"rendered":"Vorteilspackung mit drei Toppern; Unsere W\u00e4rmedecke The.Plaid sowie zwei <strong>verschiedene<\/strong> infrarood warmtekussens; The.Pillow &amp; The.Wrap. Extra warmte, extra voordeel. Leuk om te ontvangen of te geven!\r\n\r\nNormaal samen \u20ac 357,-\r\nIn voorjaarssale \u20ac 307,-\r\n<strong>Jetzt als Bundle \u20ac 269<\/strong>\r\n\r\n<strong>88 \u20ac sparen\u00a0<\/strong>\r\n\r\n&nbsp;","protected":false},"featured_media":12084,"template":"","meta":{"_acf_changed":false},"product_brand":[],"product_cat":[221,330],"product_tag":[],"class_list":{"0":"post-6343","1":"product","2":"type-product","3":"status-publish","4":"has-post-thumbnail","6":"product_cat-combideals","7":"product_cat-combideals-warmteproducten","9":"first","10":"instock","11":"sale","12":"taxable","13":"shipping-taxable","14":"purchasable","15":"product-type-variable"},"composite_virtual":false,"composite_layout":"","composite_add_to_cart_form_location":"","composite_editable_in_cart":false,"composite_sold_individually_context":"","composite_shop_price_calc":"","composite_components":[],"composite_scenarios":[],"exclude_global_add_ons":[],"addons":[],"acf":[],"yoast_head":null,"yoast_head_json":null,"_links":{"self":[{"href":"https:\/\/www.nikki.amsterdam\/de\/wp-json\/wp\/v2\/product\/6343","targetHints":{"allow":["GET"]}}],"collection":[{"href":"https:\/\/www.nikki.amsterdam\/de\/wp-json\/wp\/v2\/product"}],"about":[{"href":"https:\/\/www.nikki.amsterdam\/de\/wp-json\/wp\/v2\/types\/product"}],"wp:featuredmedia":[{"embeddable":true,"href":"https:\/\/www.nikki.amsterdam\/de\/wp-json\/wp\/v2\/media\/12084"}],"wp:attachment":[{"href":"https:\/\/www.nikki.amsterdam\/de\/wp-json\/wp\/v2\/media?parent=6343"}],"wp:term":[{"taxonomy":"product_brand","embeddable":true,"href":"https:\/\/www.nikki.amsterdam\/de\/wp-json\/wp\/v2\/product_brand?post=6343"},{"taxonomy":"product_cat","embeddable":true,"href":"https:\/\/www.nikki.amsterdam\/de\/wp-json\/wp\/v2\/product_cat?post=6343"},{"taxonomy":"product_tag","embeddable":true,"href":"https:\/\/www.nikki.amsterdam\/de\/wp-json\/wp\/v2\/product_tag?post=6343"}],"curies":[{"name":"wp","href":"https:\/\/api.w.org\/{rel}","templated":true}]}}