{"id":6345,"date":"2025-01-27T11:01:56","date_gmt":"2025-01-27T10:01:56","guid":{"rendered":"https:\/\/www.nikki.amsterdam\/?post_type=product&#038;p=6345"},"modified":"2026-03-06T13:03:35","modified_gmt":"2026-03-06T12:03:35","slug":"the-wrap-it-up","status":"publish","type":"product","link":"https:\/\/www.nikki.amsterdam\/de\/produkt\/combo-angebote\/the-wrap-it-up\/","title":{"rendered":"The.Wrap it Up"},"content":{"rendered":"<h2>Dieses Leistungspaket enth\u00e4lt<\/h2>\n<p>\u2714 The.Plaid Original - sch\u00f6ne kabellose Infrarot-W\u00e4rmedecke<br \/>\n\u2714 Passende 20.000 mAh Powerbank (100 Wh)<br \/>\n\u2714 The.Wrap - multifunktionales W\u00e4rmekissen mit 3 Optionen<br \/>\n\u2714 Passende 10.000 mAh Powerbank (50 Wh)<br \/>\n\u2714 Kurzanleitung f\u00fcr die schnelle Inbetriebnahme<\/p>\n<h2><strong>The.Plaid Original<\/strong><\/h2>\n<p>H\u00fcllen Sie sich in W\u00e4rme! Unsere kabellose W\u00e4rmedecke The.Plaid ist gro\u00df genug, um sich darin einzukuscheln (150 x 130 cm). Mit 8 gleichm\u00e4\u00dfig \u00fcber die Decke verteilten W\u00e4rmeelementen werden Sie genau dort gew\u00e4rmt, wo Ihr K\u00f6rper es braucht. Mit 3 einstellbaren W\u00e4rmestufen w\u00e4hlst du die W\u00e4rme, die du magst, bis zu 10 Stunden lang dank der mitgelieferten Powerbank.<\/p>\n<p>Besonderes Augenmerk wurde auf die Weichheit und Qualit\u00e4t des Stoffes gelegt. The.Plaid ist aus einem sch\u00f6nen Teddyfleece gefertigt, dessen Au\u00dfendecke maschinenwaschbar ist. Auch nach vielen W\u00e4schen bleibt die Decke kuschelig weich. Diese Weichheit in Kombination mit stundenlanger W\u00e4rme ist ein reines Vergn\u00fcgen.<\/p>\n<h2><strong>The.Wrap<\/strong><\/h2>\n<p>The.Wrap (55 x 40cm) ist ein Infrarot-W\u00e4rmekissen mit 3 Funktionen. Sie k\u00f6nnen es als Sitzkissen verwenden, aber wenn Sie das Kissen nach au\u00dfen oder innen rollen, kann es auch als W\u00e4rmflasche oder Handw\u00e4rmer verwendet werden. Sie sichern das aufgerollte Kissen mit einem doppelseitigen Rei\u00dfverschluss.<\/p>\n<p>Sie haben die Wahl zwischen 3 verschiedenen Heizstufen:<\/p>\n<ul>\n<li><strong>Rot<\/strong> | Intern 58\u00b0C | Taktil 45\u00b0C | Nutzungsdauer The.Plaid 6 Stunden | The.Wrap 6 Stunden<\/li>\n<li><strong>Blau<\/strong> | Intern 50\u00b0C | Sensible 40\u00b0C | Nutzungsdauer The.Plaid 8 Stunden | The.Wrap 8 Stunden<\/li>\n<li><strong>Gr\u00fcn<\/strong> | Innen 45\u00b0C | Empfindlich 38\u00b0C | Nutzungsdauer The.Plaid 10 Stunden | The.Wrap 10 Stunden<\/li>\n<\/ul>\n<h2><strong>Sicherheit<\/strong><\/h2>\n<p>Alle unsere Produkte werden gr\u00fcndlich getestet und tragen die erforderlichen G\u00fctesiegel. Der Akku ist gegen \u00dcberhitzung gesch\u00fctzt und schaltet sich ab, wenn er zu hei\u00df wird.<\/p>","protected":false},"excerpt":{"rendered":"Combideal van onze infrarood warmtedeken The.Plaid Original (normaal \u20ac149,- in voorjaarssale \u20ac119,-) en draadloos warmtekussen The.Wrap (los \u20ac89,-).\r\n\r\nNormaal los \u20ac238,-\r\nLos in voorjaarsale \u20ac208,-\r\n<strong>Jetzt als Kombi-Angebot im Fr\u00fchjahrsverkauf \u20ac179<\/strong>\r\n\r\n<strong>59 \u20ac sparen<\/strong>\r\n-&gt; zus\u00e4tzlicher B\u00fcndelvorteil \u20ac29\r\n\r\n&nbsp;","protected":false},"featured_media":8000,"template":"","meta":{"_acf_changed":false},"product_brand":[],"product_cat":[221,330],"product_tag":[],"class_list":{"0":"post-6345","1":"product","2":"type-product","3":"status-publish","4":"has-post-thumbnail","6":"product_cat-combideals","7":"product_cat-combideals-warmteproducten","9":"first","10":"instock","11":"sale","12":"taxable","13":"shipping-taxable","14":"purchasable","15":"product-type-variable"},"composite_virtual":false,"composite_layout":"","composite_add_to_cart_form_location":"","composite_editable_in_cart":false,"composite_sold_individually_context":"","composite_shop_price_calc":"","composite_components":[],"composite_scenarios":[],"exclude_global_add_ons":[],"addons":[],"acf":[],"yoast_head":null,"yoast_head_json":null,"_links":{"self":[{"href":"https:\/\/www.nikki.amsterdam\/de\/wp-json\/wp\/v2\/product\/6345","targetHints":{"allow":["GET"]}}],"collection":[{"href":"https:\/\/www.nikki.amsterdam\/de\/wp-json\/wp\/v2\/product"}],"about":[{"href":"https:\/\/www.nikki.amsterdam\/de\/wp-json\/wp\/v2\/types\/product"}],"wp:featuredmedia":[{"embeddable":true,"href":"https:\/\/www.nikki.amsterdam\/de\/wp-json\/wp\/v2\/media\/8000"}],"wp:attachment":[{"href":"https:\/\/www.nikki.amsterdam\/de\/wp-json\/wp\/v2\/media?parent=6345"}],"wp:term":[{"taxonomy":"product_brand","embeddable":true,"href":"https:\/\/www.nikki.amsterdam\/de\/wp-json\/wp\/v2\/product_brand?post=6345"},{"taxonomy":"product_cat","embeddable":true,"href":"https:\/\/www.nikki.amsterdam\/de\/wp-json\/wp\/v2\/product_cat?post=6345"},{"taxonomy":"product_tag","embeddable":true,"href":"https:\/\/www.nikki.amsterdam\/de\/wp-json\/wp\/v2\/product_tag?post=6345"}],"curies":[{"name":"wp","href":"https:\/\/api.w.org\/{rel}","templated":true}]}}