{"id":6346,"date":"2025-01-27T11:01:56","date_gmt":"2025-01-27T10:01:56","guid":{"rendered":"https:\/\/www.nikki.amsterdam\/?post_type=product&#038;p=6346"},"modified":"2026-03-03T20:14:12","modified_gmt":"2026-03-03T19:14:12","slug":"the-pets-pillow","status":"publish","type":"product","link":"https:\/\/www.nikki.amsterdam\/de\/produkt\/warmeprodukte\/warmekissen\/the-pets-pillow\/","title":{"rendered":"The.Pets Pillow"},"content":{"rendered":"<h2>Wie funktioniert das The.Pets Pillow?<\/h2>\n<h2><strong>3 Heizstufen, 1 Batterie, 4 Heizelemente<\/strong><\/h2>\n<p>Das.Pets Pillow verf\u00fcgt \u00fcber nicht weniger als 4 W\u00e4rmeelemente, die geschickt auf 1 Seite des Kissens verteilt sind. Auf diese Weise erf\u00e4hrt Ihr Haustier die W\u00e4rme dort, wo es sie am meisten braucht. Mit dem Knopf an der Au\u00dfenseite w\u00e4hlen Sie die gew\u00fcnschte Einstellung. Dank des leistungsstarken 16.000-mAh-Akkus (80Wh) genie\u00dft Ihr Haustier bis zu 10 Stunden lang angenehme W\u00e4rme, v\u00f6llig kabellos.<\/p>\n<p>Sie haben die Wahl zwischen 3 verschiedenen Heizstufen:<\/p>\n<p>Rot | Intern 58\u00b0C | Taktil 45\u00b0C | Betriebsdauer 10 Stunden<\/p>\n<p>Blau | intern 50\u00b0C | taktil 40\u00b0C | Betriebsdauer 8 Stunden<\/p>\n<p>Gr\u00fcn | intern 45\u00b0C | taktil 38\u00b0C | Betriebsdauer 6 Stunden<\/p>\n<h2><strong>Material<\/strong><\/h2>\n<p>Die \u00e4u\u00dfere H\u00fclle des The.Pets Pillow ist aus herrlich weichem Teddyfleece gefertigt. Sch\u00f6n flauschig, aber robust genug, um auch mal eine Baggerfahrt zu \u00fcberstehen.<\/p>\n<p>Der \u00e4u\u00dfere Bezug kann in der Maschine gewaschen werden.<\/p>\n<p>Die rutschfeste Schicht an der Unterseite sorgt daf\u00fcr, dass das Kissen auf rutschigen Oberfl\u00e4chen nicht verrutscht.<\/p>\n<p>Der Schaumstoff ist ein hochwertiger Kaltschaum mit guter Festigkeit, der zur\u00fcckfedert, wenn das Tier aufsteht. Das gibt guten Halt und sorgt daf\u00fcr, dass das Tier nicht auf dem Boden liegt. Drumherum befindet sich eine wasserdichte Innenh\u00fclle, die die Heizelemente enth\u00e4lt. Dadurch werden sowohl die Elemente als auch der Schaumstoff vor Feuchtigkeit gesch\u00fctzt und der Hund kann sich nach dem Duschen oder Schwimmen einfach auf sein Kissen legen.<\/p>\n<h2><strong>Sicherheit<\/strong><\/h2>\n<p>Die Powerbank ist gut in einer Tasche an der Innenseite des Kissens verstaut. Es gibt keine losen Dr\u00e4hte, auf denen Hund oder Katze herumkauen k\u00f6nnten. Sollte es eine schlaue Person geben, die es schafft, die Dr\u00e4hte zu finden... sie verwendet 5V und stellt somit keine Gefahr dar.<\/p>\n<p>Wir empfehlen jedoch, das Kissen nur zu verwenden, wenn das Haustier beaufsichtigt wird. Entfernen Sie die Powerbank, wenn das Tier l\u00e4ngere Zeit alleine ist. Auch ohne die W\u00e4rmeelemente hat sich das Kissen inzwischen als einladend f\u00fcr Haustiere erwiesen: Alle unsere Produkte wurden ausgiebig getestet und tragen die notwendigen G\u00fctesiegel. Der Akku ist gegen \u00dcberhitzung gesch\u00fctzt und schaltet sich ab, wenn er zu hei\u00df wird.<\/p>\n<p>&nbsp;<\/p>","protected":false},"excerpt":{"rendered":"Infrarot-Heizkissen (gro\u00df und klein) aus Teddyfleece f\u00fcr Hund und Katze. Bequem mit hochwertiger Matratze.","protected":false},"featured_media":7998,"template":"","meta":{"_acf_changed":false},"product_brand":[],"product_cat":[105],"product_tag":[],"class_list":{"0":"post-6346","1":"product","2":"type-product","3":"status-publish","4":"has-post-thumbnail","6":"product_cat-warmtekussens","8":"first","9":"instock","10":"sale","11":"taxable","12":"shipping-taxable","13":"purchasable","14":"product-type-variable"},"composite_virtual":false,"composite_layout":"","composite_add_to_cart_form_location":"","composite_editable_in_cart":false,"composite_sold_individually_context":"","composite_shop_price_calc":"","composite_components":[],"composite_scenarios":[],"exclude_global_add_ons":[],"addons":[],"acf":[],"yoast_head":null,"yoast_head_json":null,"_links":{"self":[{"href":"https:\/\/www.nikki.amsterdam\/de\/wp-json\/wp\/v2\/product\/6346","targetHints":{"allow":["GET"]}}],"collection":[{"href":"https:\/\/www.nikki.amsterdam\/de\/wp-json\/wp\/v2\/product"}],"about":[{"href":"https:\/\/www.nikki.amsterdam\/de\/wp-json\/wp\/v2\/types\/product"}],"wp:featuredmedia":[{"embeddable":true,"href":"https:\/\/www.nikki.amsterdam\/de\/wp-json\/wp\/v2\/media\/7998"}],"wp:attachment":[{"href":"https:\/\/www.nikki.amsterdam\/de\/wp-json\/wp\/v2\/media?parent=6346"}],"wp:term":[{"taxonomy":"product_brand","embeddable":true,"href":"https:\/\/www.nikki.amsterdam\/de\/wp-json\/wp\/v2\/product_brand?post=6346"},{"taxonomy":"product_cat","embeddable":true,"href":"https:\/\/www.nikki.amsterdam\/de\/wp-json\/wp\/v2\/product_cat?post=6346"},{"taxonomy":"product_tag","embeddable":true,"href":"https:\/\/www.nikki.amsterdam\/de\/wp-json\/wp\/v2\/product_tag?post=6346"}],"curies":[{"name":"wp","href":"https:\/\/api.w.org\/{rel}","templated":true}]}}