{"id":6347,"date":"2025-01-27T11:01:56","date_gmt":"2025-01-27T10:01:56","guid":{"rendered":"https:\/\/www.nikki.amsterdam\/?post_type=product&#038;p=6347"},"modified":"2026-03-23T08:03:40","modified_gmt":"2026-03-23T07:03:40","slug":"the-comfort-combi","status":"publish","type":"product","link":"https:\/\/www.nikki.amsterdam\/de\/product\/lampen\/combideals-lampen\/the-comfort-combi\/","title":{"rendered":"The.Comfort Combi"},"content":{"rendered":"<h2>Dieses Leistungspaket enth\u00e4lt<\/h2>\n<p>Wohlige W\u00e4rme und stimmungsvolle Beleuchtung in einem Paket!<br \/>\n\u2714 The.Lampion - Weink\u00fchler mit Bluetooth-Lautsprecher und mehrfarbiger Beleuchtung<br \/>\n\u2714 The.Wrap - multifunktionales W\u00e4rmekissen, das als W\u00e4rmflasche, Handw\u00e4rmer und Nackenkissen verwendet werden kann<br \/>\n\u2714 Passende 10.000 mAh Powerbank (50 Wh)<br \/>\n\u2714 Zugeh\u00f6riger Adapter<br \/>\n\u2714 Kurzanleitung f\u00fcr die schnelle Inbetriebnahme<\/p>\n<p><strong>The.Lampion<\/strong><br \/>\nThe.Lampion bietet mehr als nur sch\u00f6ne Beleuchtung! \u00dcber den eingebauten Bleutooth-Lautsprecher streamen Sie Ihre eigene Musik und halten Ihren Wein k\u00f6stlich gek\u00fchlt. Eine Laterne, ein Weink\u00fchler und ein Lautsprecher in 1! Was brauchen Sie noch?<\/p>\n<p><strong>The.Wrap<\/strong><br \/>\nThe.Wrap (55 x 40cm) ist ein Infrarot-W\u00e4rmekissen mit 3 Funktionen: Sitzkissen, W\u00e4rmflasche und Handw\u00e4rmer. Dazu falten Sie das Kissen ganz einfach nach innen oder au\u00dfen und befestigen es mit einem doppelseitigen Rei\u00dfverschluss. Mit 2 Heizelementen und einer kabellosen Batterie mit 10.000 mAh (50 Wh) werden Sie bis zu 10 Stunden lang auf 58\u00b0C Innenw\u00e4rme erw\u00e4rmt.<\/p>\n<p>Sie haben die Wahl zwischen 3 verschiedenen Heizstufen:<\/p>\n<ul>\n<li><strong>Rot<\/strong> | intern 58\u00b0C | taktil 45\u00b0C | Betriebsdauer 10 Stunden<\/li>\n<li><strong>Blau<\/strong> | intern 50\u00b0C | taktil 40\u00b0C | Betriebsdauer 12fire<\/li>\n<li><strong>Gr\u00fcn<\/strong> | intern 45\u00b0C | taktil 38\u00b0C | Betriebsdauer 14 Stunden<\/li>\n<\/ul>\n<p><strong>Sicherheit<\/strong><br \/>\nAlle unsere Produkte werden gr\u00fcndlich getestet und tragen die erforderlichen G\u00fctesiegel. Der Akku ist gegen \u00dcberhitzung gesch\u00fctzt und schaltet sich ab, wenn er zu hei\u00df wird.<\/p>","protected":false},"excerpt":{"rendered":"Voordeelpakket inclusief wijnkoeler The.Lampion en multifunctioneel warmtekussen The.Wrap . Warmte en sfeer in 1 pakket. Cadeau voor hem en haar.\r\n\r\nNormaal samen \u20ac238,-\r\nIn voorjaarssale los \u20ac218,-\r\n\r\n<strong>Jetzt als Kombi-Angebot \u20ac199<\/strong>\r\n\r\n&nbsp;\r\n\r\n&nbsp;\r\n\r\n&nbsp;\r\n\r\n&nbsp;","protected":false},"featured_media":12337,"template":"","meta":{"_acf_changed":false},"product_brand":[],"product_cat":[221,331],"product_tag":[],"class_list":{"0":"post-6347","1":"product","2":"type-product","3":"status-publish","4":"has-post-thumbnail","6":"product_cat-combideals","7":"product_cat-combideals-lampen","9":"first","10":"instock","11":"sale","12":"taxable","13":"shipping-taxable","14":"purchasable","15":"product-type-variable"},"composite_virtual":false,"composite_layout":"","composite_add_to_cart_form_location":"","composite_editable_in_cart":false,"composite_sold_individually_context":"","composite_shop_price_calc":"","composite_components":[],"composite_scenarios":[],"exclude_global_add_ons":[],"addons":[],"acf":[],"yoast_head":null,"yoast_head_json":null,"_links":{"self":[{"href":"https:\/\/www.nikki.amsterdam\/de\/wp-json\/wp\/v2\/product\/6347","targetHints":{"allow":["GET"]}}],"collection":[{"href":"https:\/\/www.nikki.amsterdam\/de\/wp-json\/wp\/v2\/product"}],"about":[{"href":"https:\/\/www.nikki.amsterdam\/de\/wp-json\/wp\/v2\/types\/product"}],"wp:featuredmedia":[{"embeddable":true,"href":"https:\/\/www.nikki.amsterdam\/de\/wp-json\/wp\/v2\/media\/12337"}],"wp:attachment":[{"href":"https:\/\/www.nikki.amsterdam\/de\/wp-json\/wp\/v2\/media?parent=6347"}],"wp:term":[{"taxonomy":"product_brand","embeddable":true,"href":"https:\/\/www.nikki.amsterdam\/de\/wp-json\/wp\/v2\/product_brand?post=6347"},{"taxonomy":"product_cat","embeddable":true,"href":"https:\/\/www.nikki.amsterdam\/de\/wp-json\/wp\/v2\/product_cat?post=6347"},{"taxonomy":"product_tag","embeddable":true,"href":"https:\/\/www.nikki.amsterdam\/de\/wp-json\/wp\/v2\/product_tag?post=6347"}],"curies":[{"name":"wp","href":"https:\/\/api.w.org\/{rel}","templated":true}]}}