{"id":6348,"date":"2025-01-27T11:01:56","date_gmt":"2025-01-27T10:01:56","guid":{"rendered":"https:\/\/www.nikki.amsterdam\/?post_type=product&#038;p=6348"},"modified":"2026-04-25T21:46:41","modified_gmt":"2026-04-25T19:46:41","slug":"the-cozy-combi","status":"publish","type":"product","link":"https:\/\/www.nikki.amsterdam\/de\/produkt\/combo-angebote\/the-cozy-combi\/","title":{"rendered":"The.Cozy Combi"},"content":{"rendered":"<h2>Dieses Leistungspaket enth\u00e4lt<\/h2>\n<p>Wohlige W\u00e4rme und stimmungsvolle Beleuchtung in einem Paket!<br \/>\n\u2714 The.Lampion - Weink\u00fchler mit Bluetooth-Lautsprecher und mehrfarbiger Beleuchtung<br \/>\n\u2714 The.Pillow - gut gef\u00fclltes W\u00e4rmekissen, ideal zum Halten oder f\u00fcr den R\u00fccken<br \/>\n\u2714 Passende Powerbank mit 16.000 mAh (80 Wh)<br \/>\n\u2714 Zugeh\u00f6riger Adapter<br \/>\n\u2714 Kurzanleitung f\u00fcr die schnelle Inbetriebnahme<\/p>\n<h2><strong>The.Lampion<\/strong><\/h2>\n<p>The.Lampion bietet mehr als nur sch\u00f6ne Beleuchtung! \u00dcber den eingebauten Bleutooth-Lautsprecher streamen Sie Ihre eigene Musik und halten Ihren Wein k\u00f6stlich gek\u00fchlt. Eine Laterne, ein Weink\u00fchler und ein Lautsprecher in 1! Was brauchen Sie noch?<\/p>\n<h2><strong>The.Pillow<\/strong><\/h2>\n<p>Das.Pillow (60 x 45cm) ist ein Infrarot-Heizkissen mit 4 Heizelementen, die genau dort w\u00e4rmen, wo Sie es brauchen. Es ist ein fest gef\u00fclltes Kissen, das sich angenehm anschmiegen l\u00e4sst, um Ihren K\u00f6rper zu w\u00e4rmen. Oder Sie verwenden es als Kissen f\u00fcr Ihren R\u00fccken. Mit 4 Heizelementen und einer kabellosen Batterie mit 16.000 mAh (80 Wh) werden Sie bis zu 14 Stunden lang mit bis zu 58\u00b0C interner W\u00e4rme versorgt.<\/p>\n<p>Sie haben die Wahl zwischen 3 verschiedenen Heizstufen:<\/p>\n<ul>\n<li><strong>Rot<\/strong> | intern 58\u00b0C | taktil 45\u00b0C | Betriebsdauer 10 Stunden<\/li>\n<li><strong>Blau<\/strong> | intern 50\u00b0C | taktil 40\u00b0C | Betriebsdauer 12 Stunden<\/li>\n<li><strong>Gr\u00fcn<\/strong> | intern 45\u00b0C | taktil 38\u00b0C | Betriebsdauer 14 Stunden<\/li>\n<\/ul>\n<h2><strong>Sicherheit<\/strong><\/h2>\n<p>Alle unsere Produkte werden gr\u00fcndlich getestet und tragen die erforderlichen G\u00fctesiegel. Der Akku ist gegen \u00dcberhitzung gesch\u00fctzt und schaltet sich ab, wenn er zu hei\u00df wird.<\/p>","protected":false},"excerpt":{"rendered":"Voordeelpakket inclusief wijnkoeler The.Lampion en Teddy-zacht warmtekussen The.Pillow . Combineer en profiteer.\r\n\r\nNormaal samen \u20ac268,-\r\nLos in voorjaarsale \u20ac188,-\r\n\r\n<strong>Jetzt als Kombi-Angebot \u20ac174<\/strong>\r\n\r\n&nbsp;\r\n\r\n&nbsp;","protected":false},"featured_media":12338,"template":"","meta":{"_acf_changed":false},"product_brand":[],"product_cat":[221,331],"product_tag":[],"class_list":{"0":"post-6348","1":"product","2":"type-product","3":"status-publish","4":"has-post-thumbnail","6":"product_cat-combideals","7":"product_cat-combideals-lampen","9":"first","10":"instock","11":"sale","12":"taxable","13":"shipping-taxable","14":"purchasable","15":"product-type-variable"},"composite_virtual":false,"composite_layout":"","composite_add_to_cart_form_location":"","composite_editable_in_cart":false,"composite_sold_individually_context":"","composite_shop_price_calc":"","composite_components":[],"composite_scenarios":[],"exclude_global_add_ons":[],"addons":[],"acf":[],"yoast_head":null,"yoast_head_json":null,"_links":{"self":[{"href":"https:\/\/www.nikki.amsterdam\/de\/wp-json\/wp\/v2\/product\/6348","targetHints":{"allow":["GET"]}}],"collection":[{"href":"https:\/\/www.nikki.amsterdam\/de\/wp-json\/wp\/v2\/product"}],"about":[{"href":"https:\/\/www.nikki.amsterdam\/de\/wp-json\/wp\/v2\/types\/product"}],"wp:featuredmedia":[{"embeddable":true,"href":"https:\/\/www.nikki.amsterdam\/de\/wp-json\/wp\/v2\/media\/12338"}],"wp:attachment":[{"href":"https:\/\/www.nikki.amsterdam\/de\/wp-json\/wp\/v2\/media?parent=6348"}],"wp:term":[{"taxonomy":"product_brand","embeddable":true,"href":"https:\/\/www.nikki.amsterdam\/de\/wp-json\/wp\/v2\/product_brand?post=6348"},{"taxonomy":"product_cat","embeddable":true,"href":"https:\/\/www.nikki.amsterdam\/de\/wp-json\/wp\/v2\/product_cat?post=6348"},{"taxonomy":"product_tag","embeddable":true,"href":"https:\/\/www.nikki.amsterdam\/de\/wp-json\/wp\/v2\/product_tag?post=6348"}],"curies":[{"name":"wp","href":"https:\/\/api.w.org\/{rel}","templated":true}]}}