{"id":6349,"date":"2025-01-27T11:01:57","date_gmt":"2025-01-27T10:01:57","guid":{"rendered":"https:\/\/www.nikki.amsterdam\/?post_type=product&#038;p=6349"},"modified":"2026-05-11T12:18:06","modified_gmt":"2026-05-11T10:18:06","slug":"the-bowl","status":"publish","type":"product","link":"https:\/\/www.nikki.amsterdam\/de\/product\/lampen\/wijnkoeler-lampen\/the-bowl\/","title":{"rendered":"The.Bowl"},"content":{"rendered":"<h2>Wie funktioniert The.Bowl?<\/h2>\n<h2><strong>Bluetooth-Lautsprecher<\/strong><\/h2>\n<p>Mit dem mitgelieferten Kabel k\u00f6nnen Sie The.Bowl aufladen und dann kabellos verwenden. \u00dcber Bluetooth k\u00f6nnen Sie Ihr Telefon oder ein anderes Ger\u00e4t ganz einfach mit The.Bowl koppeln. W\u00e4hlen Sie Ihre eigene Wiedergabeliste oder Ihren Lieblingsradiosender und genie\u00dfen Sie hochwertigen Sound.<\/p>\n<h2><strong>Mehrfarbige Beleuchtung<\/strong><\/h2>\n<p>Warmwei\u00df oder mehrfarbig, Sie haben die Wahl! Es gibt eine Farbe f\u00fcr jede Stimmung. Lassen Sie die Farben im Takt der Musik verblassen, in einem ruhigen \u00dcberblendmodus oder w\u00e4hlen Sie eine feste Einzelfarbe.<\/p>\n<h2><strong>App<\/strong><\/h2>\n<p>Laden Sie unsere eigene kostenlose Nikki.Amsterdam-App herunter, mit der Sie sowohl Licht als auch Ton steuern k\u00f6nnen. Verwenden Sie Ihre eigene Wiedergabeliste oder stellen Sie Ihren Lieblingsradiosender ein. Die M\u00f6glichkeiten sind endlos. Sie k\u00f6nnen mehrere Laternen miteinander verbinden, um \u00fcberall das gleiche Licht und den gleichen Sound zu erzeugen. Besitzen Sie bereits eines unserer anderen LED-Produkte mit Lautsprecher? Diese k\u00f6nnen ebenfalls an The.Bowl! angeschlossen werden.<\/p>\n<h2><strong>Multifunktional<\/strong><\/h2>\n<p>Ihr Getr\u00e4nk ist k\u00f6stlich gek\u00fchlt und im Hintergrund spielt Musik. Sie f\u00fcllen die wasserdichte Aussparung in der Mitte von The.Bowl mit Eis (Wasser) und schon ist Ihr Weink\u00fchler einsatzbereit. Aber haben Sie schon einmal daran gedacht, The.Bowl zum Beispiel zum K\u00fchlen von Austern zu verwenden? Oder sie mit S\u00fc\u00dfigkeiten oder anderen Give-aways zu f\u00fcllen? Damit eignet sich The.Bowl auch perfekt f\u00fcr ein Kinderfest, eine Messe oder eine andere Veranstaltung.<\/p>","protected":false},"excerpt":{"rendered":"Riesiger Weink\u00fchler f\u00fcr mehrere Flaschen Wein oder Bier inklusive mehrfarbiger Beleuchtung und Bluetooth-Lautsprecher. Perfekt f\u00fcr lange Sommerabende, gem\u00fctliches Beisammensein oder spannende Wettbewerbe.","protected":false},"featured_media":12075,"template":"","meta":{"_acf_changed":false},"product_brand":[],"product_cat":[219,106],"product_tag":[],"class_list":{"0":"post-6349","1":"product","2":"type-product","3":"status-publish","4":"has-post-thumbnail","6":"product_cat-speaker-lampen","7":"product_cat-wijnkoeler-lampen","9":"first","10":"instock","11":"sale","12":"taxable","13":"shipping-taxable","14":"purchasable","15":"product-type-simple"},"composite_virtual":false,"composite_layout":"","composite_add_to_cart_form_location":"","composite_editable_in_cart":false,"composite_sold_individually_context":"","composite_shop_price_calc":"","composite_components":[],"composite_scenarios":[],"exclude_global_add_ons":[],"addons":[],"acf":[],"yoast_head":null,"yoast_head_json":null,"_links":{"self":[{"href":"https:\/\/www.nikki.amsterdam\/de\/wp-json\/wp\/v2\/product\/6349","targetHints":{"allow":["GET"]}}],"collection":[{"href":"https:\/\/www.nikki.amsterdam\/de\/wp-json\/wp\/v2\/product"}],"about":[{"href":"https:\/\/www.nikki.amsterdam\/de\/wp-json\/wp\/v2\/types\/product"}],"wp:featuredmedia":[{"embeddable":true,"href":"https:\/\/www.nikki.amsterdam\/de\/wp-json\/wp\/v2\/media\/12075"}],"wp:attachment":[{"href":"https:\/\/www.nikki.amsterdam\/de\/wp-json\/wp\/v2\/media?parent=6349"}],"wp:term":[{"taxonomy":"product_brand","embeddable":true,"href":"https:\/\/www.nikki.amsterdam\/de\/wp-json\/wp\/v2\/product_brand?post=6349"},{"taxonomy":"product_cat","embeddable":true,"href":"https:\/\/www.nikki.amsterdam\/de\/wp-json\/wp\/v2\/product_cat?post=6349"},{"taxonomy":"product_tag","embeddable":true,"href":"https:\/\/www.nikki.amsterdam\/de\/wp-json\/wp\/v2\/product_tag?post=6349"}],"curies":[{"name":"wp","href":"https:\/\/api.w.org\/{rel}","templated":true}]}}