{"id":6350,"date":"2025-01-27T11:01:57","date_gmt":"2025-01-27T10:01:57","guid":{"rendered":"https:\/\/www.nikki.amsterdam\/?post_type=product&#038;p=6350"},"modified":"2026-04-07T10:12:32","modified_gmt":"2026-04-07T08:12:32","slug":"the-lampion","status":"publish","type":"product","link":"https:\/\/www.nikki.amsterdam\/de\/produkt\/lampen\/lautsprecher-lampen\/the-lampion\/","title":{"rendered":"The.Lampion"},"content":{"rendered":"<h2>Wie funktioniert unsere Weink\u00fchlerlampe?<\/h2>\n<h2><strong>Bluetooth-Lautsprecher<\/strong><\/h2>\n<p>Mit dem mitgelieferten Kabel laden Sie die Weink\u00fchlerlampe auf und verwenden sie dann kabellos. \u00dcber Bluetooth k\u00f6nnen Sie Ihr Telefon oder ein anderes Ger\u00e4t ganz einfach mit The.Lampion koppeln. W\u00e4hlen Sie Ihre eigene Wiedergabeliste oder Ihren Lieblingsradiosender und genie\u00dfen Sie hochwertigen Sound.<\/p>\n<h2><strong>Mehrfarbige Beleuchtung<\/strong><\/h2>\n<p>Warmwei\u00df oder mehrfarbig, Sie haben die Wahl! Es gibt eine Farbe f\u00fcr jede Stimmung. Lassen Sie die Farben im Takt der Musik verblassen, in einem ruhigen \u00dcberblendmodus oder w\u00e4hlen Sie eine feste Einzelfarbe.<\/p>\n<h2><strong>Weink\u00fchler<\/strong><\/h2>\n<p>Ihr Getr\u00e4nk ist gut gek\u00fchlt und im Hintergrund l\u00e4uft Musik. Was kann man sich mehr w\u00fcnschen? Sie f\u00fcllen die wasserdichte Aussparung in der Mitte von The.Lampion mit Eis (Wasser) und Ihre Weink\u00fchlerlampe ist einsatzbereit. The.Lampion in Gr\u00f6\u00dfe S ist die kleinste Gr\u00f6\u00dfe und geeignet f\u00fcr 1 Flasche Wein oder Champagner, The.Lampion in Gr\u00f6\u00dfe M ist die mittlere Gr\u00f6\u00dfe und geeignet f\u00fcr 1 Flasche Wein oder Champagner und schlie\u00dflich The.Lampion in Gr\u00f6\u00dfe L ist die gr\u00f6\u00dfte Gr\u00f6\u00dfe und geeignet f\u00fcr 2 bis 3 Flaschen Wein oder Champagner.<\/p>\n<h2><strong>App<\/strong><\/h2>\n<p>Laden Sie unsere eigene kostenlose Nikki.Amsterdam-App herunter, mit der Sie sowohl Licht als auch Ton steuern k\u00f6nnen. Verwenden Sie Ihre eigene Wiedergabeliste oder stellen Sie Ihren Lieblingsradiosender ein. Die M\u00f6glichkeiten sind endlos. Sie k\u00f6nnen mehrere Laternen miteinander verbinden, um \u00fcberall das gleiche Licht und den gleichen Sound zu erzeugen. Besitzen Sie bereits eines unserer anderen LED-Produkte mit Lautsprecher? Auch diese k\u00f6nnen an The.Lampion angeschlossen werden!<\/p>","protected":false},"excerpt":{"rendered":"Dieser Weink\u00fchler k\u00fchlt nicht nur Ihre Getr\u00e4nke, sondern bietet auch mehr als eine sch\u00f6ne mehrfarbige Beleuchtung! Und \u00fcber den eingebauten Bluetooth-Lautsprecher k\u00f6nnen Sie Ihre eigene Musik streamen! V\u00f6llig kabellos. Was brauchen Sie noch?","protected":false},"featured_media":11876,"template":"","meta":{"_acf_changed":false},"product_brand":[],"product_cat":[219,106],"product_tag":[],"class_list":{"0":"post-6350","1":"product","2":"type-product","3":"status-publish","4":"has-post-thumbnail","6":"product_cat-speaker-lampen","7":"product_cat-wijnkoeler-lampen","9":"first","10":"instock","11":"sale","12":"taxable","13":"shipping-taxable","14":"purchasable","15":"product-type-variable"},"composite_virtual":false,"composite_layout":"","composite_add_to_cart_form_location":"","composite_editable_in_cart":false,"composite_sold_individually_context":"","composite_shop_price_calc":"","composite_components":[],"composite_scenarios":[],"exclude_global_add_ons":false,"addons":[{"name":"Combineer en profiteer!","type":"checkbox","position":0,"required":false,"title_format":"label","default":"","description_enable":true,"description":"Tweede product een warmteproduct? Geef je gewenste kleur aan ons door via het opmerkingenveld bij het afrekenen!","placeholder_enable":false,"placeholder":"","display":"select","restrictions_type":"any_text","adjust_price":false,"price":"","price_type":"flat_fee","restrictions":false,"min":"0","max":"0","options":[{"label":"+ The.Plaid van \u20ac149 voor","price":"120","price_type":"flat_fee","image":0,"visibility":true},{"label":"+ The.Pillow van \u20ac119 voor","price":"90","price_type":"flat_fee","image":0,"visibility":true},{"label":"+ The.Wrap van \u20ac89 voor","price":"60","price_type":"flat_fee","image":0,"visibility":true}],"id":1753088026}],"acf":[],"yoast_head":null,"yoast_head_json":null,"_links":{"self":[{"href":"https:\/\/www.nikki.amsterdam\/de\/wp-json\/wp\/v2\/product\/6350","targetHints":{"allow":["GET"]}}],"collection":[{"href":"https:\/\/www.nikki.amsterdam\/de\/wp-json\/wp\/v2\/product"}],"about":[{"href":"https:\/\/www.nikki.amsterdam\/de\/wp-json\/wp\/v2\/types\/product"}],"wp:featuredmedia":[{"embeddable":true,"href":"https:\/\/www.nikki.amsterdam\/de\/wp-json\/wp\/v2\/media\/11876"}],"wp:attachment":[{"href":"https:\/\/www.nikki.amsterdam\/de\/wp-json\/wp\/v2\/media?parent=6350"}],"wp:term":[{"taxonomy":"product_brand","embeddable":true,"href":"https:\/\/www.nikki.amsterdam\/de\/wp-json\/wp\/v2\/product_brand?post=6350"},{"taxonomy":"product_cat","embeddable":true,"href":"https:\/\/www.nikki.amsterdam\/de\/wp-json\/wp\/v2\/product_cat?post=6350"},{"taxonomy":"product_tag","embeddable":true,"href":"https:\/\/www.nikki.amsterdam\/de\/wp-json\/wp\/v2\/product_tag?post=6350"}],"curies":[{"name":"wp","href":"https:\/\/api.w.org\/{rel}","templated":true}]}}