{"id":6353,"date":"2025-01-27T11:01:58","date_gmt":"2025-01-27T10:01:58","guid":{"rendered":"https:\/\/www.nikki.amsterdam\/?post_type=product&#038;p=6353"},"modified":"2026-03-23T07:55:31","modified_gmt":"2026-03-23T06:55:31","slug":"the-ball","status":"publish","type":"product","link":"https:\/\/www.nikki.amsterdam\/de\/produkt\/lampen\/andere-lampen\/the-ball\/","title":{"rendered":"The.Ball"},"content":{"rendered":"<h2>Wie funktioniert The.Ball?<\/h2>\n<h2><strong>Mehrfarbige Beleuchtung<\/strong><\/h2>\n<p>Warmwei\u00df oder mehrfarbig, Sie haben die Wahl! Es gibt eine Farbe f\u00fcr jede Stimmung. W\u00e4hlen Sie eine feste Farbe, einen leisen Fade-Modus oder lassen Sie das Licht verblassen. Sie steuern The.Ball mit der mitgelieferten Fernbedienung.<\/p>\n<h2><strong>Drahtlos<\/strong><\/h2>\n<p>The.Ball kann kabellos verwendet werden. Sie laden unsere Gartenlampe mit dem mitgelieferten Ladekabel auf. Einmal aufgeladen, k\u00f6nnen Sie die sch\u00f6nen Lichter bis zu 10 Stunden lang genie\u00dfen.<\/p>\n<h2><strong>Wasserdicht<\/strong><\/h2>\n<p>Der.Ball ist komplett wasserdicht. So k\u00f6nnen Sie die Gartenlampe bei einem Regenschauer einfach h\u00e4ngen lassen. Sie k\u00f6nnen die Laterne selbst im Wasser schwimmen lassen. Wir empfehlen jedoch, in diesem Fall den Ledergriff zu entfernen.<\/p>\n<p>Da der The.Ball auch im Wasser verwendet werden kann, ist er <span style=\"text-decoration: underline\">nicht<\/span> ausgestattet mit einem Bluetooth-Lautsprecher<\/p>","protected":false},"excerpt":{"rendered":"Wasserdichte, mehrfarbige Laterne mit LED-Leuchten in sch\u00f6nem Design. Stimmungsvoll f\u00fcr im Baum, auf der Terrasse oder sogar im Teich.","protected":false},"featured_media":12066,"template":"","meta":{"_acf_changed":false},"product_brand":[],"product_cat":[107],"product_tag":[],"class_list":{"0":"post-6353","1":"product","2":"type-product","3":"status-publish","4":"has-post-thumbnail","6":"product_cat-overige-lampen","8":"first","9":"instock","10":"sale","11":"taxable","12":"shipping-taxable","13":"purchasable","14":"product-type-simple"},"composite_virtual":false,"composite_layout":"","composite_add_to_cart_form_location":"","composite_editable_in_cart":false,"composite_sold_individually_context":"","composite_shop_price_calc":"","composite_components":[],"composite_scenarios":[],"exclude_global_add_ons":[],"addons":[],"acf":[],"yoast_head":null,"yoast_head_json":null,"_links":{"self":[{"href":"https:\/\/www.nikki.amsterdam\/de\/wp-json\/wp\/v2\/product\/6353","targetHints":{"allow":["GET"]}}],"collection":[{"href":"https:\/\/www.nikki.amsterdam\/de\/wp-json\/wp\/v2\/product"}],"about":[{"href":"https:\/\/www.nikki.amsterdam\/de\/wp-json\/wp\/v2\/types\/product"}],"wp:featuredmedia":[{"embeddable":true,"href":"https:\/\/www.nikki.amsterdam\/de\/wp-json\/wp\/v2\/media\/12066"}],"wp:attachment":[{"href":"https:\/\/www.nikki.amsterdam\/de\/wp-json\/wp\/v2\/media?parent=6353"}],"wp:term":[{"taxonomy":"product_brand","embeddable":true,"href":"https:\/\/www.nikki.amsterdam\/de\/wp-json\/wp\/v2\/product_brand?post=6353"},{"taxonomy":"product_cat","embeddable":true,"href":"https:\/\/www.nikki.amsterdam\/de\/wp-json\/wp\/v2\/product_cat?post=6353"},{"taxonomy":"product_tag","embeddable":true,"href":"https:\/\/www.nikki.amsterdam\/de\/wp-json\/wp\/v2\/product_tag?post=6353"}],"curies":[{"name":"wp","href":"https:\/\/api.w.org\/{rel}","templated":true}]}}