{"id":6356,"date":"2025-01-27T11:01:58","date_gmt":"2025-01-27T10:01:58","guid":{"rendered":"https:\/\/www.nikki.amsterdam\/?post_type=product&#038;p=6356"},"modified":"2026-04-07T10:10:57","modified_gmt":"2026-04-07T08:10:57","slug":"the-pouf","status":"publish","type":"product","link":"https:\/\/www.nikki.amsterdam\/de\/product\/lampen\/speaker-lampen\/the-pouf\/","title":{"rendered":"The.Pouf"},"content":{"rendered":"<h2><strong>Wie funktioniert The.Pouf?<\/strong><\/h2>\n<h2><strong>Bluetooth-Lautsprecher<\/strong><\/h2>\n<p>Mit dem mitgelieferten Kabel k\u00f6nnen Sie The.Pouf aufladen und dann kabellos benutzen. \u00dcber Bluetooth k\u00f6nnen Sie Ihr Telefon oder ein anderes Ger\u00e4t ganz einfach mit The.Pouf verbinden. W\u00e4hlen Sie Ihre eigene Wiedergabeliste oder Ihren Lieblingsradiosender und genie\u00dfen Sie hochwertigen Sound.<\/p>\n<h2><strong>Mehrfarbige Beleuchtung<\/strong><\/h2>\n<p>Warmwei\u00df oder mehrfarbig, Sie haben die Wahl! Es gibt eine Farbe f\u00fcr jede Stimmung. Lassen Sie die Farben im Takt der Musik verblassen, in einem ruhigen \u00dcberblendmodus oder w\u00e4hlen Sie eine feste Einzelfarbe.<\/p>\n<h2><strong>App<\/strong><\/h2>\n<p>Laden Sie unsere eigene kostenlose Nikki.Amsterdam-App herunter, mit der Sie sowohl Licht als auch Ton steuern k\u00f6nnen. Verwenden Sie Ihre eigene Wiedergabeliste oder stellen Sie Ihren Lieblingsradiosender ein. Die M\u00f6glichkeiten sind endlos. Sie k\u00f6nnen mehrere Laternen miteinander verbinden, um \u00fcberall das gleiche Licht und den gleichen Sound zu erzeugen. Besitzen Sie bereits eines unserer anderen LED-Produkte mit Lautsprecher? Auch diese k\u00f6nnen an The.Pouf! angeschlossen werden.<\/p>","protected":false},"excerpt":{"rendered":"Einfach und vielseitig. Bei diesem mehrfarbigen Hocker mit <strong>LED-Beleuchtung<\/strong> Man kann nicht nur sitzen, sondern The.Pouf auch als <strong>Bluetooth-Lautsprecher<\/strong>.","protected":false},"featured_media":12077,"template":"","meta":{"_acf_changed":false},"product_brand":[],"product_cat":[219],"product_tag":[],"class_list":{"0":"post-6356","1":"product","2":"type-product","3":"status-publish","4":"has-post-thumbnail","6":"product_cat-speaker-lampen","8":"first","9":"instock","10":"sale","11":"taxable","12":"shipping-taxable","13":"purchasable","14":"product-type-simple"},"composite_virtual":false,"composite_layout":"","composite_add_to_cart_form_location":"","composite_editable_in_cart":false,"composite_sold_individually_context":"","composite_shop_price_calc":"","composite_components":[],"composite_scenarios":[],"exclude_global_add_ons":[],"addons":[],"acf":[],"yoast_head":null,"yoast_head_json":null,"_links":{"self":[{"href":"https:\/\/www.nikki.amsterdam\/de\/wp-json\/wp\/v2\/product\/6356","targetHints":{"allow":["GET"]}}],"collection":[{"href":"https:\/\/www.nikki.amsterdam\/de\/wp-json\/wp\/v2\/product"}],"about":[{"href":"https:\/\/www.nikki.amsterdam\/de\/wp-json\/wp\/v2\/types\/product"}],"wp:featuredmedia":[{"embeddable":true,"href":"https:\/\/www.nikki.amsterdam\/de\/wp-json\/wp\/v2\/media\/12077"}],"wp:attachment":[{"href":"https:\/\/www.nikki.amsterdam\/de\/wp-json\/wp\/v2\/media?parent=6356"}],"wp:term":[{"taxonomy":"product_brand","embeddable":true,"href":"https:\/\/www.nikki.amsterdam\/de\/wp-json\/wp\/v2\/product_brand?post=6356"},{"taxonomy":"product_cat","embeddable":true,"href":"https:\/\/www.nikki.amsterdam\/de\/wp-json\/wp\/v2\/product_cat?post=6356"},{"taxonomy":"product_tag","embeddable":true,"href":"https:\/\/www.nikki.amsterdam\/de\/wp-json\/wp\/v2\/product_tag?post=6356"}],"curies":[{"name":"wp","href":"https:\/\/api.w.org\/{rel}","templated":true}]}}