{"id":6358,"date":"2025-01-27T11:01:59","date_gmt":"2025-01-27T10:01:59","guid":{"rendered":"https:\/\/www.nikki.amsterdam\/?post_type=product&#038;p=6358"},"modified":"2026-03-23T08:05:02","modified_gmt":"2026-03-23T07:05:02","slug":"the-seat","status":"publish","type":"product","link":"https:\/\/www.nikki.amsterdam\/de\/produkt\/combo-angebote\/the-seat\/","title":{"rendered":"The.Seat"},"content":{"rendered":"<h2><strong>Material<\/strong><\/h2>\n<p>Unsere aufblasbaren Loungesessel sind aus Double Wall Fabric gefertigt. Das sagt Ihnen vielleicht nichts, aber wenn wir von Supboards sprechen, wissen Sie wahrscheinlich sofort, was wir meinen. Das macht die Sessel strapazierf\u00e4hig und rei\u00dffest, so dass sie auch f\u00fcr etwas rauere B\u00f6den geeignet sind. Ein Kieselstein hier oder da ist kein Problem. Das glatte Material ist leicht zu reinigen.<\/p>\n<h2><strong>Dieses Paket enth\u00e4lt<\/strong><\/h2>\n<p>\u2714 2 x aufblasbare und abnehmbare St\u00fchle<br \/>\n\u2714 Passende wasserabweisende Sitz- und R\u00fcckenkissen (Bezug maschinenwaschbar)<br \/>\n\u2714 1 x Begleitpumpe mit Druckanzeige<br \/>\n\u2714 ! x Tragekoffer<\/p>\n<h2><strong>Aufblasbar<\/strong><\/h2>\n<p>Die meisten aufblasbaren St\u00fchle bleiben immer ein wenig weich, so dass man in ihnen versinkt. Das ist bei The.Seat nicht der Fall. Einmal aufgeblasen, ist er ein sehr stabiler und aufgrund seiner Form sehr bequemer Loungesessel mit einer Tragf\u00e4higkeit von +150 kg. Selbst ein Auto f\u00e4hrt problemlos dar\u00fcber, ohne dass das Material bricht. Nach dem Aufblasen bleiben die St\u00fchle 2 Monate lang stabil, und es ist nicht n\u00f6tig, zus\u00e4tzliche Luft einzuf\u00fcllen. Das macht sie sehr geeignet f\u00fcr den Garten oder unter der Veranda.<\/p>","protected":false},"excerpt":{"rendered":"Luxuri\u00f6ses Outdoor-Lounge-Set, das Sie in 5 Minuten aufbauen k\u00f6nnen. \u00c4u\u00dferst stabil und in einer praktischen Tragetasche geliefert. Entspannen war noch nie so entspannend!","protected":false},"featured_media":8028,"template":"","meta":{"_acf_changed":false},"product_brand":[],"product_cat":[221],"product_tag":[],"class_list":{"0":"post-6358","1":"product","2":"type-product","3":"status-publish","4":"has-post-thumbnail","6":"product_cat-combideals","8":"first","9":"instock","10":"sale","11":"taxable","12":"shipping-taxable","13":"purchasable","14":"product-type-simple"},"composite_virtual":false,"composite_layout":"","composite_add_to_cart_form_location":"","composite_editable_in_cart":false,"composite_sold_individually_context":"","composite_shop_price_calc":"","composite_components":[],"composite_scenarios":[],"exclude_global_add_ons":[],"addons":[],"acf":[],"yoast_head":null,"yoast_head_json":null,"_links":{"self":[{"href":"https:\/\/www.nikki.amsterdam\/de\/wp-json\/wp\/v2\/product\/6358","targetHints":{"allow":["GET"]}}],"collection":[{"href":"https:\/\/www.nikki.amsterdam\/de\/wp-json\/wp\/v2\/product"}],"about":[{"href":"https:\/\/www.nikki.amsterdam\/de\/wp-json\/wp\/v2\/types\/product"}],"wp:featuredmedia":[{"embeddable":true,"href":"https:\/\/www.nikki.amsterdam\/de\/wp-json\/wp\/v2\/media\/8028"}],"wp:attachment":[{"href":"https:\/\/www.nikki.amsterdam\/de\/wp-json\/wp\/v2\/media?parent=6358"}],"wp:term":[{"taxonomy":"product_brand","embeddable":true,"href":"https:\/\/www.nikki.amsterdam\/de\/wp-json\/wp\/v2\/product_brand?post=6358"},{"taxonomy":"product_cat","embeddable":true,"href":"https:\/\/www.nikki.amsterdam\/de\/wp-json\/wp\/v2\/product_cat?post=6358"},{"taxonomy":"product_tag","embeddable":true,"href":"https:\/\/www.nikki.amsterdam\/de\/wp-json\/wp\/v2\/product_tag?post=6358"}],"curies":[{"name":"wp","href":"https:\/\/api.w.org\/{rel}","templated":true}]}}