{"id":6359,"date":"2025-01-27T11:01:59","date_gmt":"2025-01-27T10:01:59","guid":{"rendered":"https:\/\/www.nikki.amsterdam\/?post_type=product&#038;p=6359"},"modified":"2026-04-28T11:30:44","modified_gmt":"2026-04-28T09:30:44","slug":"the-twilight","status":"publish","type":"product","link":"https:\/\/www.nikki.amsterdam\/de\/produkt\/lampen\/andere-lampen\/the-twilight\/","title":{"rendered":"The.Twilight"},"content":{"rendered":"<p>Diese wiederaufladbare Tischlampe mit mehrfarbigen <strong>LED-Beleuchtung<\/strong> hat eine H\u00f6he von 28 cm. Die Tischleuchte ist in 2 Versionen erh\u00e4ltlich; mit und ohne <strong>Bluetooth-Lautsprecher<\/strong>. Beide Exemplare sind wiederaufladbar und <strong>drahtlos<\/strong> zu verwenden. Voll aufgeladen brennt das Licht bis zu 10 Stunden lang. Neben dem stimmungsvollen warmwei\u00dfen Licht k\u00f6nnen Sie die Farbe ganz einfach \u00fcber die Fernbedienung oder die kostenlose App \u00e4ndern und dimmen. Auf diese Weise schaffen Sie Ihre eigene Atmosph\u00e4re! Nehmen Sie es mit auf den Campingplatz, stellen Sie es in den Garten, auf die Veranda oder drinnen auf den Schreibtisch.<\/p>\n<h2><strong>Mehrfarbige Beleuchtung<\/strong><\/h2>\n<p>Warmwei\u00df oder mehrfarbig, Sie haben die Wahl! Es gibt eine Farbe f\u00fcr jede Stimmung. W\u00e4hlen Sie eine feste Farbe, einen ruhigen Fade-Modus oder lassen Sie das Licht verblassen. Du steuerst den Twilight Tune \u00fcber die App. Die Version ohne Lautsprecher wird mit einer Fernbedienung geliefert.<\/p>\n<h2><strong>Drahtlos<\/strong><\/h2>\n<p>The.Twilight wird mit einem Kabel zum Aufladen geliefert. Danach ist die Verwendung v\u00f6llig drahtlos und Sie schaffen Atmosph\u00e4re, wo immer Sie wollen. Im Garten, auf der Terrasse, auf dem Boot oder im Park!<\/p>\n<h2><strong>Bluetooth-Lautsprecher<\/strong><\/h2>\n<p>The.Twilight Tune ist mit einem Bluetooth-Lautsprecher ausgestattet. \u00dcber Bluetooth k\u00f6nnen Sie Ihr Telefon oder ein anderes Ger\u00e4t ganz einfach mit der Tischlampe verbinden. W\u00e4hlen Sie Ihre eigene Wiedergabeliste oder Ihren Lieblingsradiosender und genie\u00dfen Sie hochwertigen Sound.<\/p>\n<h2><strong>App<\/strong><\/h2>\n<p>Lade unsere kostenlose Nikki.Amsterdam-App herunter, mit der du sowohl das Licht als auch den Ton steuern kannst (unter The.Twilight Tune). Verwenden Sie Ihre eigene Wiedergabeliste oder stellen Sie Ihren Lieblingsradiosender ein. Die M\u00f6glichkeiten sind endlos. Sie k\u00f6nnen mehrere Lichter miteinander verbinden, um \u00fcberall das gleiche Licht und den gleichen Sound zu erzeugen. Haben Sie bereits eines unserer anderen LED-Produkte mit Lautsprecher? Auch diese k\u00f6nnen mit The.Twilight Tune verbunden werden!<\/p>","protected":false},"excerpt":{"rendered":"Elegante kabellose Tischleuchte mit mehrfarbiger LED-Beleuchtung. Erh\u00e4ltlich mit oder ohne Bluetooth-Lautsprecher. Die Leuchten mit Lautsprecher verbinden sich automatisch miteinander. Auf diese Weise erzeugen Sie in jeder Ecke das gleiche Licht und den gleichen Sound. Profitieren Sie von unserem Mengenrabatt!","protected":false},"featured_media":12079,"template":"","meta":{"_acf_changed":false},"product_brand":[],"product_cat":[221,331,107,219],"product_tag":[],"class_list":{"0":"post-6359","1":"product","2":"type-product","3":"status-publish","4":"has-post-thumbnail","6":"product_cat-combideals","7":"product_cat-combideals-lampen","8":"product_cat-overige-lampen","9":"product_cat-speaker-lampen","11":"first","12":"instock","13":"sale","14":"taxable","15":"shipping-taxable","16":"purchasable","17":"product-type-variable"},"composite_virtual":false,"composite_layout":"","composite_add_to_cart_form_location":"","composite_editable_in_cart":false,"composite_sold_individually_context":"","composite_shop_price_calc":"","composite_components":[],"composite_scenarios":[],"exclude_global_add_ons":[],"addons":[],"acf":[],"yoast_head":null,"yoast_head_json":null,"_links":{"self":[{"href":"https:\/\/www.nikki.amsterdam\/de\/wp-json\/wp\/v2\/product\/6359","targetHints":{"allow":["GET"]}}],"collection":[{"href":"https:\/\/www.nikki.amsterdam\/de\/wp-json\/wp\/v2\/product"}],"about":[{"href":"https:\/\/www.nikki.amsterdam\/de\/wp-json\/wp\/v2\/types\/product"}],"wp:featuredmedia":[{"embeddable":true,"href":"https:\/\/www.nikki.amsterdam\/de\/wp-json\/wp\/v2\/media\/12079"}],"wp:attachment":[{"href":"https:\/\/www.nikki.amsterdam\/de\/wp-json\/wp\/v2\/media?parent=6359"}],"wp:term":[{"taxonomy":"product_brand","embeddable":true,"href":"https:\/\/www.nikki.amsterdam\/de\/wp-json\/wp\/v2\/product_brand?post=6359"},{"taxonomy":"product_cat","embeddable":true,"href":"https:\/\/www.nikki.amsterdam\/de\/wp-json\/wp\/v2\/product_cat?post=6359"},{"taxonomy":"product_tag","embeddable":true,"href":"https:\/\/www.nikki.amsterdam\/de\/wp-json\/wp\/v2\/product_tag?post=6359"}],"curies":[{"name":"wp","href":"https:\/\/api.w.org\/{rel}","templated":true}]}}