{"id":6377,"date":"2025-01-27T11:02:10","date_gmt":"2025-01-27T10:02:10","guid":{"rendered":"https:\/\/www.nikki.amsterdam\/?post_type=product&#038;p=6377"},"modified":"2025-10-09T16:56:45","modified_gmt":"2025-10-09T14:56:45","slug":"the-gift-card","status":"publish","type":"product","link":"https:\/\/www.nikki.amsterdam\/de\/product\/gift-cards\/the-gift-card\/","title":{"rendered":"The.Gift Card"},"content":{"rendered":"<h2>Mehr \u00fcber The.Gift Card<\/h2>\n<p>Unsere Geschenkkarten sind die L\u00f6sung, wenn man sich nicht entscheiden kann! Manchmal ist man sich einfach nicht sicher, was den anderen wirklich gl\u00fccklich machen wird. Eine w\u00e4rmende Decke oder doch lieber ein Kissen? Oder die coole Laterne? Und mal ehrlich, man schenkt doch nicht jedem auf einmal so ein tolles Geschenk. Das mag niemand. Deshalb kannst du aus verschiedenen Betr\u00e4gen pro Geschenkkarte w\u00e4hlen.<\/p>\n<p>Wir schicken die Karte in einem sch\u00f6nen Umschlag per Post, damit Sie etwas Sch\u00f6nes \u00fcberreichen k\u00f6nnen. Nat\u00fcrlich k\u00f6nnen Sie die Karte auch direkt an den Empf\u00e4nger schicken!<\/p>\n<p>Sie m\u00f6chten The.Gift Card an mehrere Personen verschenken? M\u00f6glicherweise mit einer pers\u00f6nlichen Note? Klicken Sie hier f\u00fcr Optionen oder senden Sie eine E-Mail an sales@nikki.amsterdam.<\/p>","protected":false},"excerpt":{"rendered":"Mit einem Geschenkgutschein sind Sie immer auf der richtigen Seite. Erh\u00e4ltlich ab 25 \u20ac. Sch\u00f6n zu schenken und zu erhalten.","protected":false},"featured_media":6809,"template":"","meta":{"_acf_changed":false},"product_brand":[],"product_cat":[223],"product_tag":[],"class_list":{"0":"post-6377","1":"product","2":"type-product","3":"status-publish","4":"has-post-thumbnail","6":"product_cat-gift-cards","8":"first","9":"instock","10":"taxable","11":"shipping-taxable","12":"purchasable","13":"product-type-variable"},"composite_virtual":false,"composite_layout":"","composite_add_to_cart_form_location":"","composite_editable_in_cart":false,"composite_sold_individually_context":"","composite_shop_price_calc":"","composite_components":[],"composite_scenarios":[],"exclude_global_add_ons":[],"addons":[],"acf":[],"yoast_head":null,"yoast_head_json":null,"_links":{"self":[{"href":"https:\/\/www.nikki.amsterdam\/de\/wp-json\/wp\/v2\/product\/6377","targetHints":{"allow":["GET"]}}],"collection":[{"href":"https:\/\/www.nikki.amsterdam\/de\/wp-json\/wp\/v2\/product"}],"about":[{"href":"https:\/\/www.nikki.amsterdam\/de\/wp-json\/wp\/v2\/types\/product"}],"wp:featuredmedia":[{"embeddable":true,"href":"https:\/\/www.nikki.amsterdam\/de\/wp-json\/wp\/v2\/media\/6809"}],"wp:attachment":[{"href":"https:\/\/www.nikki.amsterdam\/de\/wp-json\/wp\/v2\/media?parent=6377"}],"wp:term":[{"taxonomy":"product_brand","embeddable":true,"href":"https:\/\/www.nikki.amsterdam\/de\/wp-json\/wp\/v2\/product_brand?post=6377"},{"taxonomy":"product_cat","embeddable":true,"href":"https:\/\/www.nikki.amsterdam\/de\/wp-json\/wp\/v2\/product_cat?post=6377"},{"taxonomy":"product_tag","embeddable":true,"href":"https:\/\/www.nikki.amsterdam\/de\/wp-json\/wp\/v2\/product_tag?post=6377"}],"curies":[{"name":"wp","href":"https:\/\/api.w.org\/{rel}","templated":true}]}}