{"id":6381,"date":"2025-01-27T11:02:11","date_gmt":"2025-01-27T10:02:11","guid":{"rendered":"https:\/\/www.nikki.amsterdam\/?post_type=product&#038;p=6381"},"modified":"2026-04-28T11:31:39","modified_gmt":"2026-04-28T09:31:39","slug":"the-bar-table","status":"publish","type":"product","link":"https:\/\/www.nikki.amsterdam\/de\/produkt\/lampen\/lautsprecher-lampen\/the-bar-table\/","title":{"rendered":"The.Bar Table"},"content":{"rendered":"<h2><strong>Wie funktioniert The.Bar Table?<\/strong><\/h2>\n<h2><strong>Bluetooth-Lautsprecher<\/strong><\/h2>\n<p>Mit dem mitgelieferten Kabel k\u00f6nnen Sie The.Bar Table aufladen und dann kabellos verwenden. Verbinden Sie Ihr Telefon \u00fcber Bluetooth mit The.Bar Table und spielen Sie dann Ihre eigene Playlist ab. Dank des hochwertigen Lautsprechers an der Unterseite des Tisches werden Sie von dem Klang begeistert sein.<\/p>\n<h2><strong>Mehrfarbige Beleuchtung<\/strong><\/h2>\n<p>Warmwei\u00df oder mehrfarbig, Sie haben die Wahl! Es gibt eine Farbe f\u00fcr jede Stimmung. Lassen Sie die Farben im Takt der Musik verblassen, in einem ruhigen \u00dcberblendmodus oder w\u00e4hlen Sie eine feste Einzelfarbe.<\/p>\n<h2><strong>App<\/strong><\/h2>\n<p>Laden Sie unsere eigene kostenlose Nikki.Amsterdam-App herunter, mit der Sie sowohl Licht als auch Ton steuern k\u00f6nnen. Verwenden Sie Ihre eigene Wiedergabeliste oder stellen Sie Ihren Lieblingsradiosender ein. Die M\u00f6glichkeiten sind endlos. Sie k\u00f6nnen mehrere Laternen miteinander verbinden, um \u00fcberall das gleiche Licht und den gleichen Sound zu erzeugen. Besitzen Sie bereits eines unserer anderen LED-Produkte mit Lautsprecher? Auch diese k\u00f6nnen an The.Lampion angeschlossen werden!<\/p>\n<h2><strong>Weink\u00fchler<\/strong><\/h2>\n<p>The.Bar Table ist gro\u00df genug, um 12 Flaschen Wein oder Champagner zu k\u00fchlen. Sie f\u00fcllen die Aussparung in der Mitte mit Eis. Danach kann das Eiswasser durch Entfernen des Abflusses an der Unterseite des Bartisches entfernt werden. Der Stehtisch hat eine stilvolle Kante aus geb\u00fcrstetem Stahl, auf der Sie Ihr Getr\u00e4nk abstellen k\u00f6nnen. Die R\u00e4der (mit Bremse) an der Unterseite machen es einfach, The.Bar Table zu bewegen.<\/p>","protected":false},"excerpt":{"rendered":"LED-beleuchteter Tisch mit Bluetooth-Lautsprecher und Aussparung zum K\u00fchlen von Weinflaschen. Ein stilvoller Schrittmacher f\u00fcr Ihre Haus- und Gartenparty oder Ihr (Firmen-)Treffen.\r\n\r\n<em>Bitte beachten Sie! F\u00fcr diesen Stehtisch fallen je nach Bestimmungsort Versandkosten an. Bitte z\u00f6gern Sie nicht uns zu kontaktieren unter <a rel=\"noopener\" data-start=\"861\" data-end=\"882\">sales@nikki.amsterdam<\/a>Wir helfen Ihnen gerne mit einer geeigneten Berechnung.<\/em>","protected":false},"featured_media":12080,"template":"","meta":{"_acf_changed":false},"product_brand":[],"product_cat":[219,106],"product_tag":[],"class_list":{"0":"post-6381","1":"product","2":"type-product","3":"status-publish","4":"has-post-thumbnail","6":"product_cat-speaker-lampen","7":"product_cat-wijnkoeler-lampen","9":"first","10":"instock","11":"sale","12":"taxable","13":"shipping-taxable","14":"purchasable","15":"product-type-simple"},"composite_virtual":false,"composite_layout":"","composite_add_to_cart_form_location":"","composite_editable_in_cart":false,"composite_sold_individually_context":"","composite_shop_price_calc":"","composite_components":[],"composite_scenarios":[],"exclude_global_add_ons":[],"addons":[],"acf":[],"yoast_head":null,"yoast_head_json":null,"_links":{"self":[{"href":"https:\/\/www.nikki.amsterdam\/de\/wp-json\/wp\/v2\/product\/6381","targetHints":{"allow":["GET"]}}],"collection":[{"href":"https:\/\/www.nikki.amsterdam\/de\/wp-json\/wp\/v2\/product"}],"about":[{"href":"https:\/\/www.nikki.amsterdam\/de\/wp-json\/wp\/v2\/types\/product"}],"wp:featuredmedia":[{"embeddable":true,"href":"https:\/\/www.nikki.amsterdam\/de\/wp-json\/wp\/v2\/media\/12080"}],"wp:attachment":[{"href":"https:\/\/www.nikki.amsterdam\/de\/wp-json\/wp\/v2\/media?parent=6381"}],"wp:term":[{"taxonomy":"product_brand","embeddable":true,"href":"https:\/\/www.nikki.amsterdam\/de\/wp-json\/wp\/v2\/product_brand?post=6381"},{"taxonomy":"product_cat","embeddable":true,"href":"https:\/\/www.nikki.amsterdam\/de\/wp-json\/wp\/v2\/product_cat?post=6381"},{"taxonomy":"product_tag","embeddable":true,"href":"https:\/\/www.nikki.amsterdam\/de\/wp-json\/wp\/v2\/product_tag?post=6381"}],"curies":[{"name":"wp","href":"https:\/\/api.w.org\/{rel}","templated":true}]}}