{"id":6384,"date":"2025-01-27T11:02:12","date_gmt":"2025-01-27T10:02:12","guid":{"rendered":"https:\/\/www.nikki.amsterdam\/?post_type=product&#038;p=6384"},"modified":"2026-03-23T08:00:17","modified_gmt":"2026-03-23T07:00:17","slug":"the-bag","status":"publish","type":"product","link":"https:\/\/www.nikki.amsterdam\/de\/produkt\/lampen\/weinkuhler-lampen\/the-bag\/","title":{"rendered":"The.Bag"},"content":{"rendered":"<h2><strong>Material<\/strong><\/h2>\n<p>Die Reisetasche hat eine harte H\u00fclle und verf\u00fcgt \u00fcber einen Griff und einen Rei\u00dfverschluss. The.Bag wird mit unserem Weink\u00fchler\/Lautsprecher The.Lampion und 2 Gl\u00e4sern geliefert. The.Bag verf\u00fcgt \u00fcber eine Aussparung f\u00fcr eine Flasche Wein oder Champagner. Ein elastisches Band h\u00e4lt die Gl\u00e4ser und die Flasche w\u00e4hrend des Transports an ihrem Platz.<\/p>\n<h2><strong>Handgep\u00e4ck<\/strong><\/h2>\n<p>The.Bag kann als Handgep\u00e4ck mit ins Flugzeug genommen werden. Informieren Sie sich vorher \u00fcber die Abmessungen, da diese von Fluggesellschaft zu Fluggesellschaft variieren k\u00f6nnen und \u00c4nderungen vorbehalten sind.<\/p>\n<h2><strong>Geschenk<\/strong><\/h2>\n<p>Der Lampion an sich ist schon ein wunderbares Geschenk, aber mit dieser Reisetasche ist die \u00dcberraschung komplett. Bei gr\u00f6\u00dferen Bestellungen k\u00f6nnen die Reisetasche und\/oder die Laterne personalisiert werden.<\/p>","protected":false},"excerpt":{"rendered":"<strong>The.Lampion S, zwei Weingl\u00e4ser<\/strong> und eine Flasche Wein oder Champagner in einer robusten Reisetasche. Ideal f\u00fcr den Urlaub, ein Picknick oder f\u00fcr die Fahrt auf dem Boot!","protected":false},"featured_media":7985,"template":"","meta":{"_acf_changed":false},"product_brand":[],"product_cat":[106],"product_tag":[],"class_list":{"0":"post-6384","1":"product","2":"type-product","3":"status-publish","4":"has-post-thumbnail","6":"product_cat-wijnkoeler-lampen","8":"first","9":"instock","10":"sale","11":"taxable","12":"shipping-taxable","13":"purchasable","14":"product-type-simple"},"composite_virtual":false,"composite_layout":"","composite_add_to_cart_form_location":"","composite_editable_in_cart":false,"composite_sold_individually_context":"","composite_shop_price_calc":"","composite_components":[],"composite_scenarios":[],"exclude_global_add_ons":[],"addons":[],"acf":[],"yoast_head":null,"yoast_head_json":null,"_links":{"self":[{"href":"https:\/\/www.nikki.amsterdam\/de\/wp-json\/wp\/v2\/product\/6384","targetHints":{"allow":["GET"]}}],"collection":[{"href":"https:\/\/www.nikki.amsterdam\/de\/wp-json\/wp\/v2\/product"}],"about":[{"href":"https:\/\/www.nikki.amsterdam\/de\/wp-json\/wp\/v2\/types\/product"}],"wp:featuredmedia":[{"embeddable":true,"href":"https:\/\/www.nikki.amsterdam\/de\/wp-json\/wp\/v2\/media\/7985"}],"wp:attachment":[{"href":"https:\/\/www.nikki.amsterdam\/de\/wp-json\/wp\/v2\/media?parent=6384"}],"wp:term":[{"taxonomy":"product_brand","embeddable":true,"href":"https:\/\/www.nikki.amsterdam\/de\/wp-json\/wp\/v2\/product_brand?post=6384"},{"taxonomy":"product_cat","embeddable":true,"href":"https:\/\/www.nikki.amsterdam\/de\/wp-json\/wp\/v2\/product_cat?post=6384"},{"taxonomy":"product_tag","embeddable":true,"href":"https:\/\/www.nikki.amsterdam\/de\/wp-json\/wp\/v2\/product_tag?post=6384"}],"curies":[{"name":"wp","href":"https:\/\/api.w.org\/{rel}","templated":true}]}}