{"id":6386,"date":"2025-01-27T11:02:13","date_gmt":"2025-01-27T10:02:13","guid":{"rendered":"https:\/\/www.nikki.amsterdam\/?post_type=product&#038;p=6386"},"modified":"2025-10-22T10:39:44","modified_gmt":"2025-10-22T08:39:44","slug":"the-powerbank","status":"publish","type":"product","link":"https:\/\/www.nikki.amsterdam\/de\/produkt\/zubehor\/the-powerbank\/","title":{"rendered":"The.Powerbank"},"content":{"rendered":"<p>Alle unsere Produkte werden mit einer eigenen Powerbank geliefert. Speziell zugeschnitten auf die Gr\u00f6\u00dfe des Produkts und die entsprechende Anzahl von Heizelementen. In den Spezifikationen jedes Produkts finden Sie die mitgelieferte Standard-Powerbank. Sollte diese ausgetauscht werden m\u00fcssen oder wenn Sie eine Ersatzbank ben\u00f6tigen, behalten Sie dieselbe Powerbank. Wir empfehlen, unsere Powerbanks mit unseren Produkten zu verwenden, da wir sonst leider keine Garantie \u00fcbernehmen k\u00f6nnen.<\/p>\n<p>Die.Powerbank (16.000 und 20.000 mAh) verf\u00fcgt \u00fcber 2 USB-A-Ports und 1 USB-C-Port. So k\u00f6nnen Sie mehrere Ger\u00e4te gleichzeitig aufladen und\/oder verwenden. Die Powerbank wird mit einem Kabel zum Aufladen geliefert.<\/p>\n<p>Die Powerbank verf\u00fcgt \u00fcber 4 LED-Leuchten, an denen Sie erkennen k\u00f6nnen, wie voll der Akku ist und ob Ihr Ger\u00e4t geladen wird.<\/p>","protected":false},"excerpt":{"rendered":"Die Powerbank von Nikki.Amsterdam ist ein wiederaufladbarer Akku und ist mit verschiedenen Kapazit\u00e4ten erh\u00e4ltlich: 10.000 mAh, 16.000 mAh und 20.000 mAh.","protected":false},"featured_media":8151,"template":"","meta":{"_acf_changed":false},"product_brand":[],"product_cat":[222],"product_tag":[],"class_list":{"0":"post-6386","1":"product","2":"type-product","3":"status-publish","4":"has-post-thumbnail","6":"product_cat-accessoires","7":"product_shipping_class-accessoires","9":"first","10":"instock","11":"taxable","12":"shipping-taxable","13":"purchasable","14":"product-type-variable"},"composite_virtual":false,"composite_layout":"","composite_add_to_cart_form_location":"","composite_editable_in_cart":false,"composite_sold_individually_context":"","composite_shop_price_calc":"","composite_components":[],"composite_scenarios":[],"exclude_global_add_ons":[],"addons":[],"acf":[],"yoast_head":null,"yoast_head_json":null,"_links":{"self":[{"href":"https:\/\/www.nikki.amsterdam\/de\/wp-json\/wp\/v2\/product\/6386","targetHints":{"allow":["GET"]}}],"collection":[{"href":"https:\/\/www.nikki.amsterdam\/de\/wp-json\/wp\/v2\/product"}],"about":[{"href":"https:\/\/www.nikki.amsterdam\/de\/wp-json\/wp\/v2\/types\/product"}],"wp:featuredmedia":[{"embeddable":true,"href":"https:\/\/www.nikki.amsterdam\/de\/wp-json\/wp\/v2\/media\/8151"}],"wp:attachment":[{"href":"https:\/\/www.nikki.amsterdam\/de\/wp-json\/wp\/v2\/media?parent=6386"}],"wp:term":[{"taxonomy":"product_brand","embeddable":true,"href":"https:\/\/www.nikki.amsterdam\/de\/wp-json\/wp\/v2\/product_brand?post=6386"},{"taxonomy":"product_cat","embeddable":true,"href":"https:\/\/www.nikki.amsterdam\/de\/wp-json\/wp\/v2\/product_cat?post=6386"},{"taxonomy":"product_tag","embeddable":true,"href":"https:\/\/www.nikki.amsterdam\/de\/wp-json\/wp\/v2\/product_tag?post=6386"}],"curies":[{"name":"wp","href":"https:\/\/api.w.org\/{rel}","templated":true}]}}