{"id":6389,"date":"2025-01-27T11:02:14","date_gmt":"2025-01-27T10:02:14","guid":{"rendered":"https:\/\/www.nikki.amsterdam\/?post_type=product&#038;p=6389"},"modified":"2026-03-06T11:31:48","modified_gmt":"2026-03-06T10:31:48","slug":"the-wrap-duo","status":"publish","type":"product","link":"https:\/\/www.nikki.amsterdam\/de\/produkt\/combo-angebote\/the-wrap-duo\/","title":{"rendered":"The.Wrap Duo"},"content":{"rendered":"<h2>Dieses Leistungspaket enth\u00e4lt<\/h2>\n<p>\u2714 2 x The.Wrap<br \/>\n\u2714 2 x mitgelieferte 10.000 mAh Powerbank (50 Wh)<br \/>\n\u2714 Kurzanleitung f\u00fcr die schnelle Inbetriebnahme<\/p>\n<p>The.Wrap (55 x 40cm) ist ein Infrarot-W\u00e4rmekissen mit 3 Funktionen. Sie k\u00f6nnen es als Sitzkissen verwenden, aber wenn Sie das Kissen nach au\u00dfen oder innen rollen, kann es auch als W\u00e4rmflasche oder Handw\u00e4rmer verwendet werden. Sie sichern das aufgerollte Kissen mit einem doppelseitigen Rei\u00dfverschluss.<\/p>\n<h2><strong>Stunden der Hitze<\/strong><\/h2>\n<p>The.Wrap hat 2 Heizelemente, die f\u00fcr eine optimale W\u00e4rmeverteilung sorgen. So sp\u00fcren Sie die W\u00e4rme dort, wo Sie sie brauchen. Mit dem Knopf an der Au\u00dfenseite k\u00f6nnen Sie Ihre pers\u00f6nliche W\u00e4rme einstellen. Dank des leistungsstarken 10.000 mAh (50Wh) Akkus k\u00f6nnen Sie bis zu 10 Stunden lang kabellos angenehme W\u00e4rme genie\u00dfen. Die \u00e4u\u00dfere H\u00fclle ist maschinenwaschbar.<\/p>\n<p>Sie haben die Wahl zwischen 3 verschiedenen Heizstufen:<\/p>\n<p>Rot | Intern 58\u00b0C | Taktil 45\u00b0C | Betriebsdauer 6 Stunden<\/p>\n<p>Blau | intern 50\u00b0C | taktil 40\u00b0C | Betriebsdauer 8 Stunden<\/p>\n<p>Gr\u00fcn | intern 45\u00b0C | taktil 38\u00b0C | Betriebsdauer 10 Stunden<\/p>\n<h2><strong>Material<\/strong><\/h2>\n<p>Der.Wrap hat einen hohen Kuschelfaktor, ist aus herrlich weichem Teddyfleece gefertigt. Der Au\u00dfenbezug kann in der Maschine gewaschen werden.<\/p>\n<p>Wenn das Kissen nach innen oder au\u00dfen gerollt ist, wird es mit einem doppelseitigen Rei\u00dfverschluss gesichert. So entsteht eine weiche W\u00e4rmflasche oder ein Handw\u00e4rmer.<\/p>\n<h2><strong>T<\/strong><strong>he.Wrap als Sitzkissen<\/strong><\/h2>\n<p>The.Wrap ist nicht zu fest und sogar ein wenig flauschig. Sch\u00f6n zum Sitzen bei der Arbeit zu Hause oder im Garten.<\/p>\n<h2><strong>The.Wrap als Handw\u00e4rmer<\/strong><\/h2>\n<p>Rollen Sie das Kissen nach au\u00dfen und befestigen Sie es mit dem Rei\u00dfverschluss. Stecken Sie dann Ihre H\u00e4nde auf beiden Seiten der Rolle hinein und Sie werden nicht nur die Weichheit des Stoffes sp\u00fcren, sondern auch die wunderbare W\u00e4rme.<\/p>\n<h2><strong>The.Wrap als Gef\u00e4\u00df oder Nackenkissen<\/strong><\/h2>\n<p>Rollen Sie das Kissen nach innen und befestigen Sie es mit dem Rei\u00dfverschluss. Jetzt ist die Au\u00dfenseite beheizt. Sch\u00f6n warm im Bett oder bei schmerzenden Nackenmuskeln.<\/p>\n<h2><strong>Sicherheit<\/strong><\/h2>\n<p>Alle unsere Produkte werden gr\u00fcndlich getestet und tragen die erforderlichen G\u00fctesiegel. Der Akku ist gegen \u00dcberhitzung gesch\u00fctzt und schaltet sich ab, wenn er zu hei\u00df wird. Die Infrarottechnologie ist sicher f\u00fcr den Langzeitgebrauch.<\/p>","protected":false},"excerpt":{"rendered":"Voordeelpakket met 2 x The.Wrap (55 x 40 cm). Dubbel zoveel warmte en comfort. Te gebruiken als kruik, zitkussen en handenwarmer.\r\n\r\nLos \u20ac89,-\r\nAls combideal normaal \u20ac179,-\r\n<strong>Jetzt \u20ac149<\/strong>\r\n\r\n<strong>30 \u20ac sparen<\/strong>\r\n\r\n&nbsp;","protected":false},"featured_media":12085,"template":"","meta":{"_acf_changed":false},"product_brand":[],"product_cat":[221,330],"product_tag":[513],"class_list":{"0":"post-6389","1":"product","2":"type-product","3":"status-publish","4":"has-post-thumbnail","6":"product_cat-combideals","7":"product_cat-combideals-warmteproducten","8":"product_tag-startersdeal","10":"first","11":"instock","12":"sale","13":"taxable","14":"shipping-taxable","15":"purchasable","16":"product-type-variable"},"composite_virtual":false,"composite_layout":"","composite_add_to_cart_form_location":"","composite_editable_in_cart":false,"composite_sold_individually_context":"","composite_shop_price_calc":"","composite_components":[],"composite_scenarios":[],"exclude_global_add_ons":[],"addons":[],"acf":[],"yoast_head":null,"yoast_head_json":null,"_links":{"self":[{"href":"https:\/\/www.nikki.amsterdam\/de\/wp-json\/wp\/v2\/product\/6389","targetHints":{"allow":["GET"]}}],"collection":[{"href":"https:\/\/www.nikki.amsterdam\/de\/wp-json\/wp\/v2\/product"}],"about":[{"href":"https:\/\/www.nikki.amsterdam\/de\/wp-json\/wp\/v2\/types\/product"}],"wp:featuredmedia":[{"embeddable":true,"href":"https:\/\/www.nikki.amsterdam\/de\/wp-json\/wp\/v2\/media\/12085"}],"wp:attachment":[{"href":"https:\/\/www.nikki.amsterdam\/de\/wp-json\/wp\/v2\/media?parent=6389"}],"wp:term":[{"taxonomy":"product_brand","embeddable":true,"href":"https:\/\/www.nikki.amsterdam\/de\/wp-json\/wp\/v2\/product_brand?post=6389"},{"taxonomy":"product_cat","embeddable":true,"href":"https:\/\/www.nikki.amsterdam\/de\/wp-json\/wp\/v2\/product_cat?post=6389"},{"taxonomy":"product_tag","embeddable":true,"href":"https:\/\/www.nikki.amsterdam\/de\/wp-json\/wp\/v2\/product_tag?post=6389"}],"curies":[{"name":"wp","href":"https:\/\/api.w.org\/{rel}","templated":true}]}}