{"id":6390,"date":"2025-01-27T11:02:14","date_gmt":"2025-01-27T10:02:14","guid":{"rendered":"https:\/\/www.nikki.amsterdam\/?post_type=product&#038;p=6390"},"modified":"2026-03-06T11:24:27","modified_gmt":"2026-03-06T10:24:27","slug":"the-plaid-powerplus","status":"publish","type":"product","link":"https:\/\/www.nikki.amsterdam\/de\/produkt\/combo-angebote\/the-plaid-powerplus\/","title":{"rendered":"The.Plaid Powerplus"},"content":{"rendered":"<h2>Dieses Leistungspaket enth\u00e4lt<\/h2>\n<p>\u2714 The.Plaid Original (inklusive Powerbank)<br \/>\n\u2714 Extra Powerbank 20.000 mAh (100 Wh)<br \/>\n\u2714 Trageriemen aus Leder<br \/>\n\u2714 Kurzanleitung f\u00fcr die schnelle Inbetriebnahme<\/p>\n<h2><strong>The.Plaid Original<\/strong><\/h2>\n<p>H\u00fcllen Sie sich in W\u00e4rme! Unsere kabellose W\u00e4rmedecke The.Plaid ist gro\u00df genug, um sich darin einzukuscheln (150 x 130 cm). Mit 8 gleichm\u00e4\u00dfig \u00fcber die Decke verteilten W\u00e4rmeelementen werden Sie genau dort gew\u00e4rmt, wo Ihr K\u00f6rper es braucht. Mit 3 einstellbaren W\u00e4rmestufen k\u00f6nnen Sie die W\u00e4rme w\u00e4hlen, die Sie bevorzugen, und das bis zu 10 Stunden lang dank der mitgelieferten Powerbank<br \/>\nBesonderes Augenmerk wurde auf die Weichheit und Qualit\u00e4t des Stoffes gelegt. The.Plaid ist aus einem sch\u00f6nen Teddyfleece gefertigt, dessen Au\u00dfendecke maschinenwaschbar ist. Auch nach vielen W\u00e4schen bleibt die Decke kuschelig weich. Diese Weichheit in Kombination mit stundenlanger W\u00e4rme ist ein reines Vergn\u00fcgen.<\/p>\n<h2><strong>The.Powerbank<\/strong><\/h2>\n<p>Die.Powerbank mit 20.000 mAh verf\u00fcgt \u00fcber 2 USB-A-Anschl\u00fcsse und 1 USB-C-Anschluss. So k\u00f6nnen Sie mehrere Ger\u00e4te gleichzeitig aufladen und\/oder verwenden. Die Powerbank wird mit einem Kabel zum Aufladen geliefert.<\/p>\n<p>Die Powerbank verf\u00fcgt \u00fcber 4 LED-Leuchten, an denen Sie erkennen k\u00f6nnen, wie voll der Akku ist und ob Ihr Ger\u00e4t geladen wird.<\/p>\n<h2><strong>Stunden der Hitze<\/strong><\/h2>\n<p>Das.Plaid Oriiginal wird mit einer leistungsstarken 20.000 mAh (100 Wh) Powerbank geliefert. Mit diesem Paket erhalten Sie eine zus\u00e4tzliche Powerbank f\u00fcr noch l\u00e4ngeres Vergn\u00fcgen oder als Ersatz. Mit dem Knopf an der Au\u00dfenseite von The.Plaid Original w\u00e4hlen Sie Ihre pers\u00f6nliche W\u00e4rme f\u00fcr bis zu 14 Stunden.<\/p>\n<p>Sie haben die Wahl zwischen 3 verschiedenen Heizstufen:<\/p>\n<ul>\n<li><strong>Rot<\/strong> | intern 58\u00b0C | taktil 45\u00b0C | Betriebsdauer 6 Stunden<\/li>\n<li><strong>Blau<\/strong> | intern 50\u00b0C | taktil 40\u00b0C | Betriebsdauer 8 Stunden<\/li>\n<li><strong>Gr\u00fcn<\/strong> | intern 45\u00b0C | taktil 38\u00b0C | Betriebsdauer 10 Stunden<\/li>\n<\/ul>\n<h2><strong>Unsere Vorteile<\/strong><\/h2>\n<ul>\n<li><strong>Erstklassige Qualit\u00e4t: <\/strong>Hergestellt aus hochwertigen Materialien und ausgestattet mit fortschrittlicher Infrarot-Technologie. Unsere W\u00e4rmeprodukte f\u00fchlen sich nicht nur luxuri\u00f6s an, sondern erbringen auch H\u00f6chstleistungen - Tag f\u00fcr Tag, Saison f\u00fcr Saison.<\/li>\n<li><strong>Lange Lebensdauer, ohne teure Nachr\u00fcstungen: <\/strong>Der leistungsstarke Akku h\u00e4lt deutlich l\u00e4nger, als Sie es gewohnt sind. Sie brauchen keine teuren Aufs\u00e4tze oder zus\u00e4tzliches Zubeh\u00f6r - bei uns ist der Langzeitkomfort einfach serienm\u00e4\u00dfig enthalten.<\/li>\n<li><strong>Vollst\u00e4ndige und nachhaltige W\u00e4rme: <\/strong>Dank mehrerer \u00fcber die gesamte Oberfl\u00e4che verteilter Heizelemente genie\u00dfen Sie konstante, angenehme Infrarotw\u00e4rme - nicht nur an einer Stelle, sondern \u00fcberall, wo Sie sie sp\u00fcren. Au\u00dferdem erw\u00e4rmt sie Sie und nicht die Umgebung, sodass die Heizung um ein Grad heruntergedreht werden kann!<\/li>\n<li><strong>Fairer Preis, faire W\u00e4rme: <\/strong>Wir investieren in Qualit\u00e4t, nicht in teures Marketing oder \u00fcberfl\u00fcssige Verpackungen. So bleibt unser Preis fair und wir sind transparent, was echte W\u00e4rme angeht.<\/li>\n<\/ul>","protected":false},"excerpt":{"rendered":"Vorteilspaket mit The.Plaid Original und einer zus\u00e4tzlichen Powerbank zum reduzierten Preis von 50%. Eine f\u00fcr den sofortigen Gebrauch und eine Ersatzbank. Extra lange Freude an der W\u00e4rme, jederzeit und \u00fcberall.","protected":false},"featured_media":12083,"template":"","meta":{"_acf_changed":false},"product_brand":[],"product_cat":[221,330],"product_tag":[515],"class_list":{"0":"post-6390","1":"product","2":"type-product","3":"status-publish","4":"has-post-thumbnail","6":"product_cat-combideals","7":"product_cat-combideals-warmteproducten","8":"product_tag-power-pack","10":"first","11":"instock","12":"sale","13":"taxable","14":"shipping-taxable","15":"purchasable","16":"product-type-variable"},"composite_virtual":false,"composite_layout":"","composite_add_to_cart_form_location":"","composite_editable_in_cart":false,"composite_sold_individually_context":"","composite_shop_price_calc":"","composite_components":[],"composite_scenarios":[],"exclude_global_add_ons":[],"addons":[],"acf":[],"yoast_head":null,"yoast_head_json":null,"_links":{"self":[{"href":"https:\/\/www.nikki.amsterdam\/de\/wp-json\/wp\/v2\/product\/6390","targetHints":{"allow":["GET"]}}],"collection":[{"href":"https:\/\/www.nikki.amsterdam\/de\/wp-json\/wp\/v2\/product"}],"about":[{"href":"https:\/\/www.nikki.amsterdam\/de\/wp-json\/wp\/v2\/types\/product"}],"wp:featuredmedia":[{"embeddable":true,"href":"https:\/\/www.nikki.amsterdam\/de\/wp-json\/wp\/v2\/media\/12083"}],"wp:attachment":[{"href":"https:\/\/www.nikki.amsterdam\/de\/wp-json\/wp\/v2\/media?parent=6390"}],"wp:term":[{"taxonomy":"product_brand","embeddable":true,"href":"https:\/\/www.nikki.amsterdam\/de\/wp-json\/wp\/v2\/product_brand?post=6390"},{"taxonomy":"product_cat","embeddable":true,"href":"https:\/\/www.nikki.amsterdam\/de\/wp-json\/wp\/v2\/product_cat?post=6390"},{"taxonomy":"product_tag","embeddable":true,"href":"https:\/\/www.nikki.amsterdam\/de\/wp-json\/wp\/v2\/product_tag?post=6390"}],"curies":[{"name":"wp","href":"https:\/\/api.w.org\/{rel}","templated":true}]}}