{"id":6408,"date":"2025-01-27T11:02:27","date_gmt":"2025-01-27T10:02:27","guid":{"rendered":"https:\/\/www.nikki.amsterdam\/?post_type=product&#038;p=6408"},"modified":"2026-02-28T13:11:03","modified_gmt":"2026-02-28T12:11:03","slug":"the-cushion-comfort","status":"publish","type":"product","link":"https:\/\/www.nikki.amsterdam\/de\/produkt\/combo-angebote\/the-cushion-comfort\/","title":{"rendered":"The.Cushion Comfort"},"content":{"rendered":"<h2>Dieses Leistungspaket enth\u00e4lt<\/h2>\n<p>2 verschiedene W\u00e4rmekissen mit einzigartigen Eigenschaften<br \/>\n\u2714 The.Wrap - multifunktionales W\u00e4rmekissen, das als W\u00e4rmflasche, Handw\u00e4rmer und Nackenkissen verwendet werden kann<br \/>\n\u2714 The.Pillow - gut gef\u00fclltes W\u00e4rmekissen, ideal zum Halten oder f\u00fcr den R\u00fccken<br \/>\n\u2714 Passende 10.000 mAh Powerbank (50 Wh)<br \/>\n\u2714 Passende Powerbank mit 16.000 mAh (80 Wh)<br \/>\n\u2714 Kurzanleitung f\u00fcr die schnelle Inbetriebnahme<\/p>\n<h2><strong>The.Wrap<\/strong><\/h2>\n<p>The.Wrap (55 x 40cm) ist ein Infrarot-W\u00e4rmekissen mit 3 Funktionen: Sitzkissen, W\u00e4rmflasche und Handw\u00e4rmer. Dazu falten Sie das Kissen ganz einfach nach innen oder au\u00dfen und befestigen es mit einem doppelseitigen Rei\u00dfverschluss. Mit 2 Heizelementen und einer kabellosen Batterie mit 10.000 mAh (50 Wh) werden Sie bis zu 10 Stunden lang auf 58\u00b0C Innenw\u00e4rme erw\u00e4rmt.<\/p>\n<h2><strong>The.Pillow<\/strong><\/h2>\n<p>Das Pillow (60 x 45 cm) ist ein Infrarot-Heizkissen mit 4 Heizelementen, die genau dort w\u00e4rmen, wo Sie es brauchen. Es ist ein festes, gef\u00fclltes Kissen, das man bequem festhalten kann, um den K\u00f6rper zu w\u00e4rmen. Oder Sie verwenden es als Kopfkissen f\u00fcr Ihren Rus. Mit 4 Heizelementen und einem kabellosen Akku mit 16.000 mAh (80 Wh) werden Sie bis zu 14 Stunden lang auf bis zu 58\u00b0C Innentemperatur erw\u00e4rmt.<\/p>\n<p>Sie haben die Wahl zwischen 3 verschiedenen Heizstufen:<\/p>\n<ul>\n<li><strong>Rot<\/strong> | Intern 58\u00b0C | Sensible 45\u00b0C | Nutzungsdauer The.Wrap 6 | The.Pillow 10 Stunden<\/li>\n<li><strong>Blau<\/strong> | Innen 50\u00b0C | Empfindlich 40\u00b0C | Nutzungsdauer The.Wrap 8 | The.Pillow 12 Stunden<\/li>\n<li><strong>Gr\u00fcn<\/strong> | Innen 45\u00b0C | Taktil 38\u00b0C | Nutzungsdauer The.Wrap 10 | The.Pillow 14 Stunden<\/li>\n<\/ul>\n<h2><strong>Sicherheit<\/strong><\/h2>\n<p>Alle unsere Produkte werden gr\u00fcndlich getestet und tragen die erforderlichen G\u00fctesiegel. Der Akku ist gegen \u00dcberhitzung gesch\u00fctzt und schaltet sich ab, wenn er zu hei\u00df wird.<\/p>","protected":false},"excerpt":{"rendered":"Vorteilspack mit 2 W\u00e4rmekissen: The.Pillow und The.Wrap (- 33%). Beide wunderbar bequem mit einer Innenw\u00e4rme von bis zu 58\u00b0C, aber mit unterschiedlichen einzigartigen Eigenschaften. Kombinieren und profitieren!","protected":false},"featured_media":8002,"template":"","meta":{"_acf_changed":false},"product_brand":[],"product_cat":[221,330],"product_tag":[],"class_list":{"0":"post-6408","1":"product","2":"type-product","3":"status-publish","4":"has-post-thumbnail","6":"product_cat-combideals","7":"product_cat-combideals-warmteproducten","9":"first","10":"instock","11":"sale","12":"taxable","13":"shipping-taxable","14":"purchasable","15":"product-type-variable"},"composite_virtual":false,"composite_layout":"","composite_add_to_cart_form_location":"","composite_editable_in_cart":false,"composite_sold_individually_context":"","composite_shop_price_calc":"","composite_components":[],"composite_scenarios":[],"exclude_global_add_ons":[],"addons":[],"acf":[],"yoast_head":null,"yoast_head_json":null,"_links":{"self":[{"href":"https:\/\/www.nikki.amsterdam\/de\/wp-json\/wp\/v2\/product\/6408","targetHints":{"allow":["GET"]}}],"collection":[{"href":"https:\/\/www.nikki.amsterdam\/de\/wp-json\/wp\/v2\/product"}],"about":[{"href":"https:\/\/www.nikki.amsterdam\/de\/wp-json\/wp\/v2\/types\/product"}],"wp:featuredmedia":[{"embeddable":true,"href":"https:\/\/www.nikki.amsterdam\/de\/wp-json\/wp\/v2\/media\/8002"}],"wp:attachment":[{"href":"https:\/\/www.nikki.amsterdam\/de\/wp-json\/wp\/v2\/media?parent=6408"}],"wp:term":[{"taxonomy":"product_brand","embeddable":true,"href":"https:\/\/www.nikki.amsterdam\/de\/wp-json\/wp\/v2\/product_brand?post=6408"},{"taxonomy":"product_cat","embeddable":true,"href":"https:\/\/www.nikki.amsterdam\/de\/wp-json\/wp\/v2\/product_cat?post=6408"},{"taxonomy":"product_tag","embeddable":true,"href":"https:\/\/www.nikki.amsterdam\/de\/wp-json\/wp\/v2\/product_tag?post=6408"}],"curies":[{"name":"wp","href":"https:\/\/api.w.org\/{rel}","templated":true}]}}