{"id":6444,"date":"2025-01-27T11:02:42","date_gmt":"2025-01-27T10:02:42","guid":{"rendered":"https:\/\/www.nikki.amsterdam\/product\/the-lampion-l-refurbished\/"},"modified":"2026-03-21T22:57:17","modified_gmt":"2026-03-21T21:57:17","slug":"the-lampion-l-refurbished","status":"publish","type":"product","link":"https:\/\/www.nikki.amsterdam\/de\/product\/refurbished\/the-lampion-l-refurbished\/","title":{"rendered":"The.Lampion L Refurbished"},"content":{"rendered":"<h2>Wie funktioniert The.Lampion Refurbished?<\/h2>\n<p>Alle unsere wiederaufbereiteten Produkte sind vollst\u00e4ndig gepr\u00fcft und haben 2 Garantien.<\/p>\n<h2><strong>Bluetooth-Lautsprecher<\/strong><\/h2>\n<p>Mit dem mitgelieferten Kabel k\u00f6nnen Sie The.Lampion aufladen und dann kabellos verwenden. \u00dcber Bluetooth k\u00f6nnen Sie Ihr Telefon oder ein anderes Ger\u00e4t ganz einfach mit The.Lampion verbinden. W\u00e4hlen Sie Ihre eigene Wiedergabeliste oder Ihren Lieblingsradiosender und genie\u00dfen Sie hochwertigen Klang.<\/p>\n<h3><strong>Mehrfarbige Beleuchtung<\/strong><\/h3>\n<p>Warmwei\u00df oder mehrfarbig, Sie haben die Wahl! Es gibt eine Farbe f\u00fcr jede Stimmung. Lassen Sie die Farben im Takt der Musik verblassen, in einem ruhigen \u00dcberblendmodus oder w\u00e4hlen Sie eine feste Einzelfarbe.<\/p>\n<h2><strong>App<\/strong><\/h2>\n<p>Laden Sie unsere eigene kostenlose Nikki.Amsterdam-App herunter, mit der Sie sowohl Licht als auch Ton steuern k\u00f6nnen. Verwenden Sie Ihre eigene Wiedergabeliste oder stellen Sie Ihren Lieblingsradiosender ein. Die M\u00f6glichkeiten sind endlos. Sie k\u00f6nnen mehrere Laternen miteinander verbinden, um \u00fcberall das gleiche Licht und den gleichen Sound zu erzeugen. Besitzen Sie bereits eines unserer anderen LED-Produkte mit Lautsprecher? Auch diese k\u00f6nnen an The.Lampion angeschlossen werden!<\/p>\n<h2><strong>Weink\u00fchler<\/strong><\/h2>\n<p>Ihr Getr\u00e4nk ist gut gek\u00fchlt und im Hintergrund l\u00e4uft Musik. Was kann man sich mehr w\u00fcnschen? F\u00fcllen Sie einfach die wasserdichte Aussparung in der Mitte von The.Lampion mit Eis (Wasser) und Ihr Weink\u00fchler ist einsatzbereit. \"<\/p>","protected":false},"excerpt":{"rendered":"Dieser Weink\u00fchler k\u00fchlt nicht nur Ihre Getr\u00e4nke, sondern bietet auch mehr als eine sch\u00f6ne mehrfarbige Beleuchtung! Und \u00fcber den eingebauten Bluetooth-Lautsprecher k\u00f6nnen Sie Ihre eigene Musik streamen! V\u00f6llig kabellos. Was brauchen Sie noch?","protected":false},"featured_media":8037,"template":"","meta":{"_acf_changed":false},"product_brand":[],"product_cat":[281],"product_tag":[],"class_list":{"0":"post-6444","1":"product","2":"type-product","3":"status-publish","4":"has-post-thumbnail","6":"product_cat-refurbished","8":"first","9":"instock","10":"taxable","11":"shipping-taxable","12":"purchasable","13":"product-type-simple"},"composite_virtual":false,"composite_layout":"","composite_add_to_cart_form_location":"","composite_editable_in_cart":false,"composite_sold_individually_context":"","composite_shop_price_calc":"","composite_components":[],"composite_scenarios":[],"exclude_global_add_ons":[],"addons":[],"acf":[],"yoast_head":null,"yoast_head_json":null,"_links":{"self":[{"href":"https:\/\/www.nikki.amsterdam\/de\/wp-json\/wp\/v2\/product\/6444","targetHints":{"allow":["GET"]}}],"collection":[{"href":"https:\/\/www.nikki.amsterdam\/de\/wp-json\/wp\/v2\/product"}],"about":[{"href":"https:\/\/www.nikki.amsterdam\/de\/wp-json\/wp\/v2\/types\/product"}],"wp:featuredmedia":[{"embeddable":true,"href":"https:\/\/www.nikki.amsterdam\/de\/wp-json\/wp\/v2\/media\/8037"}],"wp:attachment":[{"href":"https:\/\/www.nikki.amsterdam\/de\/wp-json\/wp\/v2\/media?parent=6444"}],"wp:term":[{"taxonomy":"product_brand","embeddable":true,"href":"https:\/\/www.nikki.amsterdam\/de\/wp-json\/wp\/v2\/product_brand?post=6444"},{"taxonomy":"product_cat","embeddable":true,"href":"https:\/\/www.nikki.amsterdam\/de\/wp-json\/wp\/v2\/product_cat?post=6444"},{"taxonomy":"product_tag","embeddable":true,"href":"https:\/\/www.nikki.amsterdam\/de\/wp-json\/wp\/v2\/product_tag?post=6444"}],"curies":[{"name":"wp","href":"https:\/\/api.w.org\/{rel}","templated":true}]}}