{"id":7928,"date":"2025-02-13T13:54:10","date_gmt":"2025-02-13T12:54:10","guid":{"rendered":"https:\/\/www.nikki.amsterdam\/?post_type=product&#038;p=7928"},"modified":"2026-03-23T08:03:01","modified_gmt":"2026-03-23T07:03:01","slug":"the-plaid-the-lampion-combi","status":"publish","type":"product","link":"https:\/\/www.nikki.amsterdam\/de\/produkt\/combo-angebote\/the-plaid-the-lampion-combi\/","title":{"rendered":"The.Plaid &amp; The.Lampion Combi"},"content":{"rendered":"<h2>Dieses Leistungspaket enth\u00e4lt<\/h2>\n<p>Wohlige W\u00e4rme und stimmungsvolle Beleuchtung in einem Paket!<br \/>\n\u2714 The.Lampion - Weink\u00fchler mit Bluetooth-Lautsprecher und mehrfarbiger Beleuchtung<br \/>\n\u2714 The.Plaid Original &#8211; goed gevuld warmtekussen, heerlijk om vast te houden of voor in de rug<br \/>\n\u2714 Passende 20.000 mAh Powerbank (100 Wh)<br \/>\n\u2714 Zugeh\u00f6riger Adapter<br \/>\n\u2714 Kurzanleitung f\u00fcr die schnelle Inbetriebnahme<\/p>\n<h2><strong>The.Lampion<\/strong><\/h2>\n<p>The.Lampion bietet mehr als nur sch\u00f6ne Beleuchtung! \u00dcber den eingebauten Bleutooth-Lautsprecher streamen Sie Ihre eigene Musik und halten Ihren Wein k\u00f6stlich gek\u00fchlt. Eine Laterne, ein Weink\u00fchler und ein Lautsprecher in 1! Was brauchen Sie noch?<\/p>\n<h2><strong>The.Plaid Original<\/strong><\/h2>\n<p>H\u00fcllen Sie sich in W\u00e4rme! Unsere kabellose W\u00e4rmedecke The.Plaid ist gro\u00df genug, um sich darin einzukuscheln (150 x 130 cm). Mit 8 gleichm\u00e4\u00dfig \u00fcber die Decke verteilten W\u00e4rmeelementen werden Sie genau dort gew\u00e4rmt, wo Ihr K\u00f6rper es braucht. Mit 3 einstellbaren W\u00e4rmestufen k\u00f6nnen Sie die W\u00e4rme w\u00e4hlen, die Sie bevorzugen, und das bis zu 10 Stunden lang dank der mitgelieferten Powerbank<br \/>\nBesonderes Augenmerk wurde auf die Weichheit und Qualit\u00e4t des Stoffes gelegt. The.Plaid ist aus einem sch\u00f6nen Teddyfleece gefertigt, dessen Au\u00dfendecke maschinenwaschbar ist. Auch nach vielen W\u00e4schen bleibt die Decke kuschelig weich. Diese Weichheit in Kombination mit stundenlanger W\u00e4rme ist ein reines Vergn\u00fcgen.<\/p>\n<p>Sie haben die Wahl zwischen 3 verschiedenen Heizstufen:<\/p>\n<ul>\n<li><strong>Rot<\/strong> | intern 58\u00b0C | taktil 45\u00b0C | Betriebsdauer 6 Stunden<\/li>\n<li><strong>Blau<\/strong> | intern 50\u00b0C | taktil 40\u00b0C | Betriebsdauer 8 Stunden<\/li>\n<li><strong>Gr\u00fcn<\/strong> | intern 45\u00b0C | taktil 38\u00b0C | Betriebsdauer 10 Stunden<\/li>\n<\/ul>\n<h2><strong>Sicherheit<\/strong><\/h2>\n<p>Alle unsere Produkte werden gr\u00fcndlich getestet und tragen die erforderlichen G\u00fctesiegel. Der Akku ist gegen \u00dcberhitzung gesch\u00fctzt und schaltet sich ab, wenn er zu hei\u00df wird.<\/p>","protected":false},"excerpt":{"rendered":"Voordeelpakket inclusief warmtedeken The.Plaid Original en The.Lampion. Warmte en sfeer in 1 pakket.\r\n\r\nNormaal \u20ac298\r\nIn voorjaarssale los \u20ac218\r\n<strong>Jetzt als Kombi-Angebot \u20ac199<\/strong>","protected":false},"featured_media":12336,"template":"","meta":{"_acf_changed":false},"product_brand":[],"product_cat":[221,331,330],"product_tag":[],"class_list":{"0":"post-7928","1":"product","2":"type-product","3":"status-publish","4":"has-post-thumbnail","6":"product_cat-combideals","7":"product_cat-combideals-lampen","8":"product_cat-combideals-warmteproducten","10":"first","11":"instock","12":"sale","13":"taxable","14":"shipping-taxable","15":"purchasable","16":"product-type-variable"},"composite_virtual":false,"composite_layout":"","composite_add_to_cart_form_location":"","composite_editable_in_cart":false,"composite_sold_individually_context":"","composite_shop_price_calc":"","composite_components":[],"composite_scenarios":[],"exclude_global_add_ons":[],"addons":[],"acf":[],"yoast_head":null,"yoast_head_json":null,"_links":{"self":[{"href":"https:\/\/www.nikki.amsterdam\/de\/wp-json\/wp\/v2\/product\/7928","targetHints":{"allow":["GET"]}}],"collection":[{"href":"https:\/\/www.nikki.amsterdam\/de\/wp-json\/wp\/v2\/product"}],"about":[{"href":"https:\/\/www.nikki.amsterdam\/de\/wp-json\/wp\/v2\/types\/product"}],"wp:featuredmedia":[{"embeddable":true,"href":"https:\/\/www.nikki.amsterdam\/de\/wp-json\/wp\/v2\/media\/12336"}],"wp:attachment":[{"href":"https:\/\/www.nikki.amsterdam\/de\/wp-json\/wp\/v2\/media?parent=7928"}],"wp:term":[{"taxonomy":"product_brand","embeddable":true,"href":"https:\/\/www.nikki.amsterdam\/de\/wp-json\/wp\/v2\/product_brand?post=7928"},{"taxonomy":"product_cat","embeddable":true,"href":"https:\/\/www.nikki.amsterdam\/de\/wp-json\/wp\/v2\/product_cat?post=7928"},{"taxonomy":"product_tag","embeddable":true,"href":"https:\/\/www.nikki.amsterdam\/de\/wp-json\/wp\/v2\/product_tag?post=7928"}],"curies":[{"name":"wp","href":"https:\/\/api.w.org\/{rel}","templated":true}]}}