{"id":8395,"date":"2025-03-18T14:09:45","date_gmt":"2025-03-18T13:09:45","guid":{"rendered":"https:\/\/www.nikki.amsterdam\/?post_type=product&#038;p=8395"},"modified":"2026-04-09T14:18:17","modified_gmt":"2026-04-09T12:18:17","slug":"the-sit-and-heat","status":"publish","type":"product","link":"https:\/\/www.nikki.amsterdam\/de\/produkt\/combo-angebote\/the-sit-and-heat\/","title":{"rendered":"The.Sit &amp; Heat"},"content":{"rendered":"<h2>Dieses Leistungspaket enth\u00e4lt<\/h2>\n<p>\u2714 Das.karierte Original<br \/>\n\u2714 Passende Powerbank 20.000 mAh (100 Wh)<br \/>\n\u2714 Das.Sitzpolster<br \/>\n\u2714 Passende Powerbank 16.000 mAh (80 Wh)<br \/>\n\u2714 2 x Leder-Trageriemen<br \/>\n\u2714 Kurzanleitung f\u00fcr die schnelle Inbetriebnahme<\/p>\n<h2><strong>The.Plaid Original<\/strong><\/h2>\n<p>H\u00fcllen Sie sich in W\u00e4rme! Unsere kabellose W\u00e4rmedecke The.Plaid ist gro\u00df genug, um sich darin einzukuscheln (150 x 130 cm). Mit 8 gleichm\u00e4\u00dfig \u00fcber die Decke verteilten W\u00e4rmeelementen werden Sie genau dort gew\u00e4rmt, wo Ihr K\u00f6rper es braucht. Mit 3 einstellbaren W\u00e4rmestufen w\u00e4hlst du die W\u00e4rme, die du magst, bis zu 10 Stunden lang dank der mitgelieferten Powerbank.<\/p>\n<p>Besonderes Augenmerk wurde auf die Weichheit und Qualit\u00e4t des Stoffes gelegt. The.Plaid ist aus einem sch\u00f6nen Teddyfleece gefertigt, dessen Au\u00dfendecke maschinenwaschbar ist. Auch nach vielen W\u00e4schen bleibt die Decke kuschelig weich. Diese Weichheit in Kombination mit stundenlanger W\u00e4rme ist ein reines Vergn\u00fcgen.<\/p>\n<h2><strong>The.Seat Pad<\/strong><\/h2>\n<p>Genie\u00dfen Sie die sanfte W\u00e4rme von The.Seat Pad. Unsere kabellose Stuhlheizung mit nicht weniger als 6 Heizelementen; 4 in der R\u00fcckenlehne, 2 in der Sitzfl\u00e4che. The.Seat Pad w\u00e4rmt genau dort, wo Sie es brauchen. Das Material ist ein wunderbar weicher, wolliger Stoff, bequem und waschmaschinenfest. Mit den 3 verstellbaren Einstellungen k\u00f6nnen Sie Ihre eigene Temperatur regulieren. Mit dem praktischen, stilvollen Leder-Tragegurt k\u00f6nnen Sie den Sitzw\u00e4rmer leicht verstauen oder mit ins B\u00fcro nehmen.<\/p>\n<p>Sie haben die Wahl zwischen 3 verschiedenen Heizstufen:<\/p>\n<ul>\n<li><strong>Rot<\/strong> | Innen 58\u00b0C | Taktil 45\u00b0C | Nutzungsdauer The.Plaid 6 Stunden | The.Seat Pad 12 Stunden<\/li>\n<li><strong>Blau<\/strong> | Innen 50\u00b0C | Empfindlich 40\u00b0C | Nutzungsdauer The.Plaid 8 Stunden | The.Seat Pad 10 Stunden<\/li>\n<li><strong>Gr\u00fcn<\/strong> | Innen 45\u00b0C | Taktil 38\u00b0C | Nutzungsdauer The.Plaid 10 Stunden | The.Seat Pad 8 Stunden<\/li>\n<\/ul>\n<h2><strong>Sicherheit<\/strong><\/h2>\n<p>Alle unsere Produkte werden gr\u00fcndlich getestet und tragen die erforderlichen G\u00fctesiegel. Der Akku ist gegen \u00dcberhitzung gesch\u00fctzt und schaltet sich ab, wenn er zu hei\u00df wird.<\/p>","protected":false},"excerpt":{"rendered":"Das beste Angebot im Moment! In diesem Kombi-Angebot erhalten Sie <strong data-start=\"409\" data-end=\"447\">The.Seat Pad<\/strong> <em>(normalerweise 139 \u20ac) +<\/em><strong data-start=\"409\" data-end=\"447\"> Das.Plaid<\/strong>\u00a0<em>(normalerweise \u20ac149)<\/em><strong data-start=\"409\" data-end=\"447\">\r\n<\/strong>\r\n\r\nNormalerweise zusammen \u20ac288<br data-start=\"433\" data-end=\"436\" \/>Im Fr\u00fchjahrsverkauf \u20ac218\r\n<strong>Jetzt als Kombi-Angebot f\u00fcr 189 \u20ac<\/strong>\r\n\r\n<strong>Sie sparen \u20ac99<\/strong>\r\n\r\n&nbsp;","protected":false},"featured_media":8399,"template":"","meta":{"_acf_changed":false},"product_brand":[],"product_cat":[221,104,330],"product_tag":[],"class_list":{"0":"post-8395","1":"product","2":"type-product","3":"status-publish","4":"has-post-thumbnail","6":"product_cat-combideals","7":"product_cat-warmtedekens","8":"product_cat-combideals-warmteproducten","10":"first","11":"instock","12":"sale","13":"taxable","14":"shipping-taxable","15":"purchasable","16":"product-type-variable"},"composite_virtual":false,"composite_layout":"","composite_add_to_cart_form_location":"","composite_editable_in_cart":false,"composite_sold_individually_context":"","composite_shop_price_calc":"","composite_components":[],"composite_scenarios":[],"exclude_global_add_ons":[],"addons":[],"acf":[],"yoast_head":null,"yoast_head_json":null,"_links":{"self":[{"href":"https:\/\/www.nikki.amsterdam\/de\/wp-json\/wp\/v2\/product\/8395","targetHints":{"allow":["GET"]}}],"collection":[{"href":"https:\/\/www.nikki.amsterdam\/de\/wp-json\/wp\/v2\/product"}],"about":[{"href":"https:\/\/www.nikki.amsterdam\/de\/wp-json\/wp\/v2\/types\/product"}],"wp:featuredmedia":[{"embeddable":true,"href":"https:\/\/www.nikki.amsterdam\/de\/wp-json\/wp\/v2\/media\/8399"}],"wp:attachment":[{"href":"https:\/\/www.nikki.amsterdam\/de\/wp-json\/wp\/v2\/media?parent=8395"}],"wp:term":[{"taxonomy":"product_brand","embeddable":true,"href":"https:\/\/www.nikki.amsterdam\/de\/wp-json\/wp\/v2\/product_brand?post=8395"},{"taxonomy":"product_cat","embeddable":true,"href":"https:\/\/www.nikki.amsterdam\/de\/wp-json\/wp\/v2\/product_cat?post=8395"},{"taxonomy":"product_tag","embeddable":true,"href":"https:\/\/www.nikki.amsterdam\/de\/wp-json\/wp\/v2\/product_tag?post=8395"}],"curies":[{"name":"wp","href":"https:\/\/api.w.org\/{rel}","templated":true}]}}