{"id":7929,"date":"2025-02-13T13:54:10","date_gmt":"2025-02-13T12:54:10","guid":{"rendered":"https:\/\/www.nikki.amsterdam\/product\/niet-gecategoriseerd\/the-essentials\/"},"modified":"2025-10-22T10:41:50","modified_gmt":"2025-10-22T08:41:50","slug":"the-essentials","status":"publish","type":"product","link":"https:\/\/www.nikki.amsterdam\/en\/product\/accessories\/the-essentials\/","title":{"rendered":"The.Essentials"},"content":{"rendered":"<h2>More about The.Essentials<\/h2>\n<p>Our oils, The.Essentials, are packaged in a beautiful, black box. The scents; Lemongrass (Cymbopogon flexuosus), Eucalyptus (Eucalyptus bulbs), Lavender (Lavandula angustifolia), Peppermint (Mentha piperita) and Tea Tree (Melaleuca alternifolia) come in a luxurious brown amber bottle that ensures maximum freshness.<\/p>\n<p>Etherische olie is een aromatische, olie-achtige vloeistof die &#8220;vluchtig&#8221; is. Dat wil zeggen dat ze redelijk snel verdampen bij blootstelling aan de licht. De olie wordt gewonnen uit delen van planten, bloemen, vruchten en bomen. Uiteraard hebben onze oli\u00ebn een zorgvuldig testproces ondergaan. Wij garanderen de onge\u00ebvenaarde kwaliteit van de essenti\u00eble oli\u00ebn. De oli\u00ebn hebben een heerlijk effect op het algemene welzijn en gezondheid en ruiken bovenal heerlijk!<\/p>","protected":false},"excerpt":{"rendered":"Our oils, The.Essentials, come in beautiful stylish box.","protected":false},"featured_media":7944,"template":"","meta":{"_acf_changed":false},"product_brand":[],"product_cat":[222],"product_tag":[],"class_list":{"0":"post-7929","1":"product","2":"type-product","3":"status-publish","4":"has-post-thumbnail","6":"product_cat-accessoires","7":"product_shipping_class-accessoires","9":"first","10":"instock","11":"taxable","12":"shipping-taxable","13":"purchasable","14":"product-type-simple"},"composite_virtual":false,"composite_layout":"","composite_add_to_cart_form_location":"","composite_editable_in_cart":false,"composite_sold_individually_context":"","composite_shop_price_calc":"","composite_components":[],"composite_scenarios":[],"exclude_global_add_ons":[],"addons":[],"acf":[],"yoast_head":null,"yoast_head_json":null,"_links":{"self":[{"href":"https:\/\/www.nikki.amsterdam\/en\/wp-json\/wp\/v2\/product\/7929","targetHints":{"allow":["GET"]}}],"collection":[{"href":"https:\/\/www.nikki.amsterdam\/en\/wp-json\/wp\/v2\/product"}],"about":[{"href":"https:\/\/www.nikki.amsterdam\/en\/wp-json\/wp\/v2\/types\/product"}],"wp:featuredmedia":[{"embeddable":true,"href":"https:\/\/www.nikki.amsterdam\/en\/wp-json\/wp\/v2\/media\/7944"}],"wp:attachment":[{"href":"https:\/\/www.nikki.amsterdam\/en\/wp-json\/wp\/v2\/media?parent=7929"}],"wp:term":[{"taxonomy":"product_brand","embeddable":true,"href":"https:\/\/www.nikki.amsterdam\/en\/wp-json\/wp\/v2\/product_brand?post=7929"},{"taxonomy":"product_cat","embeddable":true,"href":"https:\/\/www.nikki.amsterdam\/en\/wp-json\/wp\/v2\/product_cat?post=7929"},{"taxonomy":"product_tag","embeddable":true,"href":"https:\/\/www.nikki.amsterdam\/en\/wp-json\/wp\/v2\/product_tag?post=7929"}],"curies":[{"name":"wp","href":"https:\/\/api.w.org\/{rel}","templated":true}]}}