{"id":9472,"date":"2025-07-16T14:27:36","date_gmt":"2025-07-16T12:27:36","guid":{"rendered":"https:\/\/www.nikki.amsterdam\/?page_id=9472"},"modified":"2025-08-25T12:35:45","modified_gmt":"2025-08-25T10:35:45","slug":"economiser-de-energie-chauffage-infrarouge","status":"publish","type":"page","link":"https:\/\/www.nikki.amsterdam\/fr\/economiser-de-energie-chauffage-infrarouge\/","title":{"rendered":"\u00c9conomies d'\u00e9nergie gr\u00e2ce au chauffage infrarouge"},"content":{"rendered":"","protected":false},"excerpt":{"rendered":"","protected":false},"author":18,"featured_media":0,"parent":0,"menu_order":0,"comment_status":"closed","ping_status":"closed","template":"","meta":{"_acf_changed":false,"footnotes":""},"class_list":["post-9472","page","type-page","status-publish","hentry"],"acf":[],"yoast_head":null,"yoast_head_json":null,"_links":{"self":[{"href":"https:\/\/www.nikki.amsterdam\/fr\/wp-json\/wp\/v2\/pages\/9472","targetHints":{"allow":["GET"]}}],"collection":[{"href":"https:\/\/www.nikki.amsterdam\/fr\/wp-json\/wp\/v2\/pages"}],"about":[{"href":"https:\/\/www.nikki.amsterdam\/fr\/wp-json\/wp\/v2\/types\/page"}],"author":[{"embeddable":true,"href":"https:\/\/www.nikki.amsterdam\/fr\/wp-json\/wp\/v2\/users\/18"}],"replies":[{"embeddable":true,"href":"https:\/\/www.nikki.amsterdam\/fr\/wp-json\/wp\/v2\/comments?post=9472"}],"version-history":[{"count":8,"href":"https:\/\/www.nikki.amsterdam\/fr\/wp-json\/wp\/v2\/pages\/9472\/revisions"}],"predecessor-version":[{"id":9759,"href":"https:\/\/www.nikki.amsterdam\/fr\/wp-json\/wp\/v2\/pages\/9472\/revisions\/9759"}],"wp:attachment":[{"href":"https:\/\/www.nikki.amsterdam\/fr\/wp-json\/wp\/v2\/media?parent=9472"}],"curies":[{"name":"wp","href":"https:\/\/api.w.org\/{rel}","templated":true}]}}