{"id":6339,"date":"2025-01-27T11:01:54","date_gmt":"2025-01-27T10:01:54","guid":{"rendered":"https:\/\/www.nikki.amsterdam\/?post_type=product&#038;p=6339"},"modified":"2026-04-28T11:24:57","modified_gmt":"2026-04-28T09:24:57","slug":"the-pillow","status":"publish","type":"product","link":"https:\/\/www.nikki.amsterdam\/fr\/product\/warmteproducten\/warmtekussens\/the-pillow\/","title":{"rendered":"The.Pillow"},"content":{"rendered":"<h2>A propos du produit<\/h2>\n<p>Notre oreiller chauffant sans fil solidement rembourr\u00e9 The.Pillow (60 x 45 cm) et d'une \u00e9paisseur de 18 cm est suffisamment grand pour \u00eatre confortablement maintenu contre vous ou pour r\u00e9chauffer tout votre dos. Avec 4 \u00e9l\u00e9ments chauffants r\u00e9partis uniform\u00e9ment sur l'oreiller, vous serez r\u00e9chauff\u00e9 exactement l\u00e0 o\u00f9 votre corps en a besoin. Avec 3 r\u00e9glages de chaleur, vous choisissez la chaleur qui vous convient. Gr\u00e2ce \u00e0 la puissante banque d'alimentation, vous pouvez en profiter jusqu'\u00e0 14 heures.<\/p>\n<p>Une attention particuli\u00e8re a \u00e9t\u00e9 port\u00e9e \u00e0 la douceur et \u00e0 la qualit\u00e9 du tissu. L'oreiller est compos\u00e9 d'une adorable polaire Teddy dont la housse ext\u00e9rieure est lavable en machine. M\u00eame apr\u00e8s de nombreux lavages, l'oreiller reste tr\u00e8s doux. Cette douceur, combin\u00e9e \u00e0 des heures de chaleur, est un pur plaisir.<\/p>\n<h2><strong>Heures de chaleur<\/strong><\/h2>\n<p>L'oreiller est livr\u00e9 avec une puissante banque d'\u00e9nergie de 16 000 mAh (80 Wh). Le bouton situ\u00e9 \u00e0 l'ext\u00e9rieur vous permet de choisir votre chaleur personnelle pendant 14 heures.<\/p>\n<p>Vous avez le choix entre 3 r\u00e9glages de chaleur diff\u00e9rents :<\/p>\n<ul>\n<li><strong>Rouge<\/strong> | interne 58\u00b0C | tactile 45\u00b0C | dur\u00e9e de fonctionnement 10 heures<\/li>\n<li><strong>Bleu<\/strong> | interne 50\u00b0C | tactile 40\u00b0C | dur\u00e9e de fonctionnement 12 heures<\/li>\n<li><strong>Vert<\/strong> | Dur\u00e9e de fonctionnement : 14 heures.<\/li>\n<\/ul>\n<h2><strong>Nos avantages<\/strong><\/h2>\n<ul>\n<li><strong>Qualit\u00e9 sup\u00e9rieure : <\/strong>Fabriqu\u00e9s \u00e0 partir de mat\u00e9riaux de haute qualit\u00e9 et dot\u00e9s d'une technologie infrarouge avanc\u00e9e. Nos produits de chauffage ne sont pas seulement luxueux, ils sont aussi tr\u00e8s performants, jour apr\u00e8s jour, saison apr\u00e8s saison.<\/li>\n<li><strong>Longue dur\u00e9e de vie, sans mise \u00e0 niveau co\u00fbteuse : <\/strong>La batterie puissante dure beaucoup plus longtemps que ce \u00e0 quoi vous \u00eates habitu\u00e9. Pas besoin d'accessoires suppl\u00e9mentaires ou de compl\u00e9ments co\u00fbteux - chez nous, le confort durable fait partie de l'\u00e9quipement de s\u00e9rie.<\/li>\n<li><strong>Une chaleur compl\u00e8te et durable :<\/strong> Gr\u00e2ce aux multiples \u00e9l\u00e9ments chauffants r\u00e9partis sur toute la surface, vous b\u00e9n\u00e9ficiez d'une chaleur infrarouge constante et agr\u00e9able, non seulement \u00e0 un endroit, mais partout o\u00f9 vous en avez besoin... De plus, c'est vous qui \u00eates chauff\u00e9 et non l'environnement, ce qui permet de baisser le chauffage d'un degr\u00e9 !<\/li>\n<li><strong>Prix \u00e9quitable, chauffage \u00e9quitable : <\/strong>Nous investissons dans la qualit\u00e9, pas dans un marketing co\u00fbteux ou un emballage superflu. Ainsi, nos prix restent justes et nous sommes transparents en ce qui concerne la chaleur r\u00e9elle.<\/li>\n<\/ul>\n<h2><strong>S\u00e9curit\u00e9<\/strong><\/h2>\n<p>Tous nos produits sont test\u00e9s de mani\u00e8re approfondie et portent les labels de qualit\u00e9 n\u00e9cessaires. La batterie est prot\u00e9g\u00e9e contre la surchauffe et s'\u00e9teint lorsqu'elle devient trop chaude.<\/p>","protected":false},"excerpt":{"rendered":"Excellente affaire de printemps ! Coussin chauffant sans fil (60 x 45 cm, 18 cm d'\u00e9paisseur) en laine polaire Teddy avec <strong>technologie infrarouge<\/strong> et batterie rechargeable pour <strong>14 heures<\/strong> Une chaleur douce et c\u00e2line. Id\u00e9al lorsqu'il fait un peu froid dehors !\r\n\r\n<a href=\"https:\/\/www.nikki.amsterdam\/fr\/produit\/offres-combinees\/the-pillow-duo\/\">Par jeu, encore plus d'avantages !<\/a>","protected":false},"featured_media":7989,"template":"","meta":{"_acf_changed":false},"product_brand":[],"product_cat":[105],"product_tag":[],"class_list":{"0":"post-6339","1":"product","2":"type-product","3":"status-publish","4":"has-post-thumbnail","6":"product_cat-warmtekussens","8":"first","9":"instock","10":"sale","11":"taxable","12":"shipping-taxable","13":"purchasable","14":"product-type-variable"},"composite_virtual":false,"composite_layout":"","composite_add_to_cart_form_location":"","composite_editable_in_cart":false,"composite_sold_individually_context":"","composite_shop_price_calc":"","composite_components":[],"composite_scenarios":[],"exclude_global_add_ons":false,"addons":[{"name":"Combinez et profitez !","type":"checkbox","position":0,"required":false,"title_format":"label","default":"","description_enable":true,"description":"Le deuxi\u00e8me produit est un produit thermique ? Indiquez-nous la couleur souhait\u00e9e dans le champ des commentaires lors de la commande !","placeholder_enable":false,"placeholder":"","display":"select","restrictions_type":"any_text","adjust_price":false,"price":"","price_type":"flat_fee","restrictions":false,"min":"0","max":"0","options":[{"label":"+ The.Plaid van \u20ac149 voor","price":"110","price_type":"flat_fee","image":0,"visibility":true},{"label":"+ The.Lampion van \u20ac129 voor","price":"100","price_type":"flat_fee","image":0,"visibility":true},{"label":"+ The.Pillow van \u20ac119 voor","price":"80","price_type":"flat_fee","image":0,"visibility":true},{"label":"+ The.Wrap van \u20ac89 voor","price":"60","price_type":"flat_fee","image":0,"visibility":true}],"id":1753089994}],"acf":[],"yoast_head":null,"yoast_head_json":null,"_links":{"self":[{"href":"https:\/\/www.nikki.amsterdam\/fr\/wp-json\/wp\/v2\/product\/6339","targetHints":{"allow":["GET"]}}],"collection":[{"href":"https:\/\/www.nikki.amsterdam\/fr\/wp-json\/wp\/v2\/product"}],"about":[{"href":"https:\/\/www.nikki.amsterdam\/fr\/wp-json\/wp\/v2\/types\/product"}],"wp:featuredmedia":[{"embeddable":true,"href":"https:\/\/www.nikki.amsterdam\/fr\/wp-json\/wp\/v2\/media\/7989"}],"wp:attachment":[{"href":"https:\/\/www.nikki.amsterdam\/fr\/wp-json\/wp\/v2\/media?parent=6339"}],"wp:term":[{"taxonomy":"product_brand","embeddable":true,"href":"https:\/\/www.nikki.amsterdam\/fr\/wp-json\/wp\/v2\/product_brand?post=6339"},{"taxonomy":"product_cat","embeddable":true,"href":"https:\/\/www.nikki.amsterdam\/fr\/wp-json\/wp\/v2\/product_cat?post=6339"},{"taxonomy":"product_tag","embeddable":true,"href":"https:\/\/www.nikki.amsterdam\/fr\/wp-json\/wp\/v2\/product_tag?post=6339"}],"curies":[{"name":"wp","href":"https:\/\/api.w.org\/{rel}","templated":true}]}}