{"id":6341,"date":"2025-01-27T11:01:55","date_gmt":"2025-01-27T10:01:55","guid":{"rendered":"https:\/\/www.nikki.amsterdam\/?post_type=product&#038;p=6341"},"modified":"2026-03-06T12:59:35","modified_gmt":"2026-03-06T11:59:35","slug":"the-hot-shot","status":"publish","type":"product","link":"https:\/\/www.nikki.amsterdam\/fr\/produit\/offres-combinees\/the-hot-shot\/","title":{"rendered":"The.Hot Shot"},"content":{"rendered":"<h2>Cet ensemble de prestations comprend<\/h2>\n<p>The.Plaid - la seule et unique couverture chauffante infrarouge sans fil en polaire Teddy<br \/>\n\u2714 The.Pillow - oreiller chauffant bien rembourr\u00e9, id\u00e9al pour tenir ou pour le dos<br \/>\n\u2714 Banque d'alimentation 20 000 mAh assortie (100 Wh)<br \/>\n\u2714 Banque d'\u00e9nergie assortie de 16 000 mAh (80 Wh)<br \/>\n\u2714 Guide rapide pour une mise en service rapide<\/p>\n<h2><strong>The.Plaid Original<\/strong><\/h2>\n<p>The.Plaid est une couverture chauffante sans fil qui comporte pas moins de 8 \u00e9l\u00e9ments chauffants infrarouges r\u00e9partis sur toute la longueur de la couverture. Vous vous enveloppez de chaleur et notre technologie infrarouge vous r\u00e9chauffe de l'int\u00e9rieur. La puissante banque d'\u00e9nergie de 20 000 mAh (100 Wh) fournit jusqu'\u00e0 10 heures de chaleur confortable jusqu'\u00e0 une temp\u00e9rature interne de 58\u00b0C.<\/p>\n<h2><strong>The.Pillow<\/strong><\/h2>\n<p>L'Oreiller (60 x 45 cm) est un oreiller chauffant \u00e0 infrarouge dot\u00e9 de 4 \u00e9l\u00e9ments chauffants qui chauffent exactement l\u00e0 o\u00f9 vous en avez besoin. Il s'agit d'un oreiller ferme et rembourr\u00e9, ce qui permet de le serrer confortablement pour r\u00e9chauffer votre corps. Vous pouvez \u00e9galement l'utiliser comme oreiller dans votre chambre \u00e0 coucher. Avec 4 \u00e9l\u00e9ments chauffants et une batterie sans fil de 16 000 mAh (80 Wh), vous serez chauff\u00e9 pendant 14 heures jusqu'\u00e0 une temp\u00e9rature interne de 58\u00b0C.<\/p>\n<p>Vous avez le choix entre 3 r\u00e9glages de chaleur diff\u00e9rents :<\/p>\n<ul>\n<li><strong>Rouge<\/strong> | Dur\u00e9e d'utilisation Le Plaid 6 | L'Oreiller 10 heures<\/li>\n<li><strong>Bleu<\/strong> | Dur\u00e9e d'utilisation The.Plaid 8 | The.Pillow 12 heures<\/li>\n<li><strong>Vert<\/strong> | Dur\u00e9e d'utilisation The.Plaid 10 | The.Pillow 14 heures<\/li>\n<\/ul>\n<h2><strong>S\u00e9curit\u00e9<\/strong><\/h2>\n<p>Tous nos produits sont test\u00e9s de mani\u00e8re approfondie et portent les labels de qualit\u00e9 n\u00e9cessaires. La batterie est prot\u00e9g\u00e9e contre la surchauffe et s'\u00e9teint lorsqu'elle devient trop chaude.<\/p>","protected":false},"excerpt":{"rendered":"Voordeelpakket met een infrarood warmtedeken The.Plaid Original \u00e9n warmtekussen The.Pillow. Beide draadloos en gemaakt van heerlijk zachte Teddy fleece.\r\n\r\nNormaal los samen \u20ac268,-\r\nLos samen in voorjaarssale \u20ac218,-\r\n<strong>Maintenant en combi dans la vente de printemps \u20ac189<\/strong>\r\n\r\n<strong>Economisez \u20ac79<\/strong>\r\n-&gt; Avantage de l'offre group\u00e9e suppl\u00e9mentaire : 29\r\n\r\n&nbsp;\r\n\r\n&nbsp;","protected":false},"featured_media":7999,"template":"","meta":{"_acf_changed":false},"product_brand":[],"product_cat":[221,330],"product_tag":[],"class_list":{"0":"post-6341","1":"product","2":"type-product","3":"status-publish","4":"has-post-thumbnail","6":"product_cat-combideals","7":"product_cat-combideals-warmteproducten","9":"first","10":"instock","11":"sale","12":"taxable","13":"shipping-taxable","14":"purchasable","15":"product-type-variable"},"composite_virtual":false,"composite_layout":"","composite_add_to_cart_form_location":"","composite_editable_in_cart":false,"composite_sold_individually_context":"","composite_shop_price_calc":"","composite_components":[],"composite_scenarios":[],"exclude_global_add_ons":[],"addons":[],"acf":[],"yoast_head":null,"yoast_head_json":null,"_links":{"self":[{"href":"https:\/\/www.nikki.amsterdam\/fr\/wp-json\/wp\/v2\/product\/6341","targetHints":{"allow":["GET"]}}],"collection":[{"href":"https:\/\/www.nikki.amsterdam\/fr\/wp-json\/wp\/v2\/product"}],"about":[{"href":"https:\/\/www.nikki.amsterdam\/fr\/wp-json\/wp\/v2\/types\/product"}],"wp:featuredmedia":[{"embeddable":true,"href":"https:\/\/www.nikki.amsterdam\/fr\/wp-json\/wp\/v2\/media\/7999"}],"wp:attachment":[{"href":"https:\/\/www.nikki.amsterdam\/fr\/wp-json\/wp\/v2\/media?parent=6341"}],"wp:term":[{"taxonomy":"product_brand","embeddable":true,"href":"https:\/\/www.nikki.amsterdam\/fr\/wp-json\/wp\/v2\/product_brand?post=6341"},{"taxonomy":"product_cat","embeddable":true,"href":"https:\/\/www.nikki.amsterdam\/fr\/wp-json\/wp\/v2\/product_cat?post=6341"},{"taxonomy":"product_tag","embeddable":true,"href":"https:\/\/www.nikki.amsterdam\/fr\/wp-json\/wp\/v2\/product_tag?post=6341"}],"curies":[{"name":"wp","href":"https:\/\/api.w.org\/{rel}","templated":true}]}}