{"id":6342,"date":"2025-01-27T11:01:55","date_gmt":"2025-01-27T10:01:55","guid":{"rendered":"https:\/\/www.nikki.amsterdam\/?post_type=product&#038;p=6342"},"modified":"2026-03-13T10:10:39","modified_gmt":"2026-03-13T09:10:39","slug":"seat-pad","status":"publish","type":"product","link":"https:\/\/www.nikki.amsterdam\/fr\/product\/warmteproducten\/warmtedekens\/seat-pad\/","title":{"rendered":"The.Seat Pad"},"content":{"rendered":"<p>The.Seat Pad - votre chauffe-si\u00e8ge personnel (135 x 45 cm), \u00e0 tout moment et en tout lieu.  Avec <strong>6 \u00e9l\u00e9ments chauffants<\/strong> (4 \u00e0 l'arri\u00e8re, 2 sur le si\u00e8ge), vous appr\u00e9cierez <strong>chaleur douce et cibl\u00e9e<\/strong> exactement l\u00e0 o\u00f9 vous en avez besoin.<\/p>\n<p>Fabriqu\u00e9 en tissu laineux confortable et lavable, il est dot\u00e9 de 3 r\u00e9glages de chaleur pour choisir la temp\u00e9rature id\u00e9ale.<\/p>\n<p>Gr\u00e2ce \u00e0 la <strong>sangle de transport en cuir \u00e9l\u00e9gante<\/strong> Emportez votre coussin The.Seat avec vous sans effort, du salon au bureau. <strong>Chaleur, confort et style \u00e0 la fois<\/strong><\/p>\n<h2><strong>Heures de chaleur<\/strong><\/h2>\n<p>Le.Seat Pad est \u00e9quip\u00e9 d'une puissante banque d'\u00e9nergie de 16 000 mAh (80 Wh). Le bouton situ\u00e9 \u00e0 l'ext\u00e9rieur vous permet de choisir votre chaleur personnelle pour une dur\u00e9e maximale de 12 heures.<\/p>\n<p>Vous avez le choix entre 3 r\u00e9glages de chaleur diff\u00e9rents :<\/p>\n<ul>\n<li><strong>Rouge<\/strong> | Dur\u00e9e de fonctionnement : 8 heures.<\/li>\n<li><strong>Bleu<\/strong> | interne 50\u00b0C | tactile 40\u00b0C | dur\u00e9e de fonctionnement 10 heures<\/li>\n<li><strong>Vert<\/strong> | interne 45\u00b0C | tactile 38\u00b0C | dur\u00e9e de fonctionnement 12 heures<\/li>\n<\/ul>\n<h2><strong>Nos avantages<\/strong><\/h2>\n<ul>\n<li><strong>Qualit\u00e9 sup\u00e9rieure : <\/strong>Fabriqu\u00e9s \u00e0 partir de mat\u00e9riaux de haute qualit\u00e9 et dot\u00e9s d'une technologie infrarouge avanc\u00e9e. Nos produits de chauffage ne sont pas seulement luxueux, ils sont aussi tr\u00e8s performants, jour apr\u00e8s jour, saison apr\u00e8s saison.<\/li>\n<li><strong>Longue dur\u00e9e de vie, sans mise \u00e0 niveau co\u00fbteuse : <\/strong>La batterie puissante dure beaucoup plus longtemps que ce \u00e0 quoi vous \u00eates habitu\u00e9. Pas besoin d'accessoires suppl\u00e9mentaires ou de compl\u00e9ments co\u00fbteux - chez nous, le confort durable fait partie de l'\u00e9quipement de s\u00e9rie.<\/li>\n<li><strong>Une chaleur compl\u00e8te et durable :<\/strong> Gr\u00e2ce aux multiples \u00e9l\u00e9ments chauffants r\u00e9partis sur toute la surface, vous b\u00e9n\u00e9ficiez d'une chaleur infrarouge constante et agr\u00e9able, non seulement \u00e0 un endroit, mais partout o\u00f9 vous la ressentez. De plus, c'est vous qui \u00eates chauff\u00e9 et non l'environnement, ce qui permet de baisser le chauffage d'un degr\u00e9 !<\/li>\n<li><strong>Prix \u00e9quitable, chauffage \u00e9quitable : <\/strong>Nous investissons dans la qualit\u00e9, pas dans un marketing co\u00fbteux ou un emballage superflu. Ainsi, nos prix restent justes et nous sommes transparents en ce qui concerne la chaleur r\u00e9elle.<\/li>\n<\/ul>\n<h2><strong>S\u00e9curit\u00e9<\/strong><\/h2>\n<p>Tous nos produits sont test\u00e9s de mani\u00e8re approfondie et portent les labels de qualit\u00e9 n\u00e9cessaires. La batterie est prot\u00e9g\u00e9e contre la surchauffe et s'\u00e9teint lorsqu'elle devient trop chaude.<\/p>","protected":false},"excerpt":{"rendered":"Chauffe-fauteuil sans fil XL de luxe (135 x 45 cm) en tissu laineux.\r\n\u2705 6 \u00e9l\u00e9ments chauffants infrarouges (dossier et assise)\r\n\u2705 Chaleur interne r\u00e9glable jusqu'\u00e0 58\u00b0C\r\n\u2705 Jusqu'\u00e0 12 heures de chaleur sur 1 charge\r\n\u2705 Comprend une sangle de transport en cuir gratuite\r\n\u2705 Banque d'alimentation gratuite d'une valeur de 49,95\r\n\r\n \r\n\r\nOffre temporaire de printemps \u20ac139 pour \u20ac99\r\n<a href=\"https:\/\/www.nikki.amsterdam\/fr\/produit\/offres-combinees\/the-sit-and-heat\/\"><strong>D\u00e9sormais, le set comprenant The.Plaid est encore plus avantageux.<\/strong><\/a>","protected":false},"featured_media":7994,"template":"","meta":{"_acf_changed":false},"product_brand":[],"product_cat":[104],"product_tag":[],"class_list":{"0":"post-6342","1":"product","2":"type-product","3":"status-publish","4":"has-post-thumbnail","6":"product_cat-warmtedekens","8":"first","9":"instock","10":"sale","11":"taxable","12":"shipping-taxable","13":"purchasable","14":"product-type-variable"},"composite_virtual":false,"composite_layout":"","composite_add_to_cart_form_location":"","composite_editable_in_cart":false,"composite_sold_individually_context":"","composite_shop_price_calc":"","composite_components":[],"composite_scenarios":[],"exclude_global_add_ons":false,"addons":[{"name":"Combinez et profitez !","type":"checkbox","position":0,"required":false,"title_format":"label","default":"","description_enable":true,"description":"Le deuxi\u00e8me produit est un produit thermique ? Indiquez-nous la couleur souhait\u00e9e dans le champ des commentaires lors de la commande !","placeholder_enable":false,"placeholder":"","display":"select","restrictions_type":"any_text","adjust_price":false,"price":"","price_type":"flat_fee","restrictions":false,"min":"0","max":"0","options":[{"label":"+ The.Plaid van \u20ac149 voor","price":"110","price_type":"flat_fee","image":0,"visibility":true}],"id":1753088750}],"acf":[],"yoast_head":null,"yoast_head_json":null,"_links":{"self":[{"href":"https:\/\/www.nikki.amsterdam\/fr\/wp-json\/wp\/v2\/product\/6342","targetHints":{"allow":["GET"]}}],"collection":[{"href":"https:\/\/www.nikki.amsterdam\/fr\/wp-json\/wp\/v2\/product"}],"about":[{"href":"https:\/\/www.nikki.amsterdam\/fr\/wp-json\/wp\/v2\/types\/product"}],"wp:featuredmedia":[{"embeddable":true,"href":"https:\/\/www.nikki.amsterdam\/fr\/wp-json\/wp\/v2\/media\/7994"}],"wp:attachment":[{"href":"https:\/\/www.nikki.amsterdam\/fr\/wp-json\/wp\/v2\/media?parent=6342"}],"wp:term":[{"taxonomy":"product_brand","embeddable":true,"href":"https:\/\/www.nikki.amsterdam\/fr\/wp-json\/wp\/v2\/product_brand?post=6342"},{"taxonomy":"product_cat","embeddable":true,"href":"https:\/\/www.nikki.amsterdam\/fr\/wp-json\/wp\/v2\/product_cat?post=6342"},{"taxonomy":"product_tag","embeddable":true,"href":"https:\/\/www.nikki.amsterdam\/fr\/wp-json\/wp\/v2\/product_tag?post=6342"}],"curies":[{"name":"wp","href":"https:\/\/api.w.org\/{rel}","templated":true}]}}