{"id":6345,"date":"2025-01-27T11:01:56","date_gmt":"2025-01-27T10:01:56","guid":{"rendered":"https:\/\/www.nikki.amsterdam\/?post_type=product&#038;p=6345"},"modified":"2026-03-06T13:03:35","modified_gmt":"2026-03-06T12:03:35","slug":"the-wrap-it-up","status":"publish","type":"product","link":"https:\/\/www.nikki.amsterdam\/fr\/produit\/offres-combinees\/the-wrap-it-up\/","title":{"rendered":"The.Wrap it Up"},"content":{"rendered":"<h2>Cet ensemble de prestations comprend<\/h2>\n<p>The Plaid Original - couverture chauffante sans fil et \u00e0 infrarouge<br \/>\n\u2714 Banque d'alimentation 20 000 mAh assortie (100 Wh)<br \/>\n\u2714 The.Wrap - coussin chauffant multifonctionnel avec 3 options<br \/>\n\u2714 Banque d'alimentation 10 000 mAh assortie (50 Wh)<br \/>\n\u2714 Guide rapide pour une mise en service rapide<\/p>\n<h2><strong>The.Plaid Original<\/strong><\/h2>\n<p>Enveloppez-vous de chaleur ! Notre couverture chauffante sans fil The.Plaid est suffisamment grande pour s'y blottir (150 x 130 cm). Avec 8 \u00e9l\u00e9ments chauffants r\u00e9partis uniform\u00e9ment sur la couverture, vous serez r\u00e9chauff\u00e9 exactement l\u00e0 o\u00f9 votre corps en a besoin. Avec 3 niveaux de chaleur r\u00e9glables, vous choisissez la chaleur qui vous convient, jusqu'\u00e0 10 heures gr\u00e2ce \u00e0 la banque d'alimentation incluse.<\/p>\n<p>Une attention particuli\u00e8re a \u00e9t\u00e9 port\u00e9e \u00e0 la douceur et \u00e0 la qualit\u00e9 du tissu. Le Plaid est fabriqu\u00e9 dans une adorable polaire Teddy dont la couverture ext\u00e9rieure est lavable en machine. M\u00eame apr\u00e8s de nombreux lavages, la couverture reste tr\u00e8s douce. Cette douceur, combin\u00e9e \u00e0 des heures de chaleur, est un pur plaisir.<\/p>\n<h2><strong>The.Wrap<\/strong><\/h2>\n<p>L'enveloppe (55 x 40 cm) est un coussin chauffant \u00e0 infrarouge \u00e0 3 fonctions. Vous l'utilisez comme coussin d'assise, mais en enroulant le coussin vers l'ext\u00e9rieur ou vers l'int\u00e9rieur, il peut \u00e9galement servir de bouillotte ou de chauffe-mains. Le coussin enroul\u00e9 est fix\u00e9 \u00e0 l'aide d'une fermeture \u00e9clair double face.<\/p>\n<p>Vous avez le choix entre 3 r\u00e9glages de chaleur diff\u00e9rents :<\/p>\n<ul>\n<li><strong>Rouge<\/strong> | Dur\u00e9e d'utilisation The.Plaid 6 heures | The.Wrap 6 heures<\/li>\n<li><strong>Bleu<\/strong> | Dur\u00e9e d'utilisation The.Plaid 8 heures | The.Wrap 8 heures<\/li>\n<li><strong>Vert<\/strong> | Dur\u00e9e d'utilisation The.Plaid 10 heures | The.Wrap 10 heures<\/li>\n<\/ul>\n<h2><strong>S\u00e9curit\u00e9<\/strong><\/h2>\n<p>Tous nos produits sont test\u00e9s de mani\u00e8re approfondie et portent les labels de qualit\u00e9 n\u00e9cessaires. La batterie est prot\u00e9g\u00e9e contre la surchauffe et s'\u00e9teint lorsqu'elle devient trop chaude.<\/p>","protected":false},"excerpt":{"rendered":"Combideal van onze infrarood warmtedeken The.Plaid Original (normaal \u20ac149,- in voorjaarssale \u20ac119,-) en draadloos warmtekussen The.Wrap (los \u20ac89,-).\r\n\r\nNormaal los \u20ac238,-\r\nLos in voorjaarsale \u20ac208,-\r\n<strong>Maintenant en combi dans la vente de printemps \u20ac179<\/strong>\r\n\r\n<strong>Economisez 59<\/strong>\r\n-&gt; avantage suppl\u00e9mentaire de l'offre group\u00e9e \u20ac29\r\n\r\n&nbsp;","protected":false},"featured_media":8000,"template":"","meta":{"_acf_changed":false},"product_brand":[],"product_cat":[221,330],"product_tag":[],"class_list":{"0":"post-6345","1":"product","2":"type-product","3":"status-publish","4":"has-post-thumbnail","6":"product_cat-combideals","7":"product_cat-combideals-warmteproducten","9":"first","10":"instock","11":"sale","12":"taxable","13":"shipping-taxable","14":"purchasable","15":"product-type-variable"},"composite_virtual":false,"composite_layout":"","composite_add_to_cart_form_location":"","composite_editable_in_cart":false,"composite_sold_individually_context":"","composite_shop_price_calc":"","composite_components":[],"composite_scenarios":[],"exclude_global_add_ons":[],"addons":[],"acf":[],"yoast_head":null,"yoast_head_json":null,"_links":{"self":[{"href":"https:\/\/www.nikki.amsterdam\/fr\/wp-json\/wp\/v2\/product\/6345","targetHints":{"allow":["GET"]}}],"collection":[{"href":"https:\/\/www.nikki.amsterdam\/fr\/wp-json\/wp\/v2\/product"}],"about":[{"href":"https:\/\/www.nikki.amsterdam\/fr\/wp-json\/wp\/v2\/types\/product"}],"wp:featuredmedia":[{"embeddable":true,"href":"https:\/\/www.nikki.amsterdam\/fr\/wp-json\/wp\/v2\/media\/8000"}],"wp:attachment":[{"href":"https:\/\/www.nikki.amsterdam\/fr\/wp-json\/wp\/v2\/media?parent=6345"}],"wp:term":[{"taxonomy":"product_brand","embeddable":true,"href":"https:\/\/www.nikki.amsterdam\/fr\/wp-json\/wp\/v2\/product_brand?post=6345"},{"taxonomy":"product_cat","embeddable":true,"href":"https:\/\/www.nikki.amsterdam\/fr\/wp-json\/wp\/v2\/product_cat?post=6345"},{"taxonomy":"product_tag","embeddable":true,"href":"https:\/\/www.nikki.amsterdam\/fr\/wp-json\/wp\/v2\/product_tag?post=6345"}],"curies":[{"name":"wp","href":"https:\/\/api.w.org\/{rel}","templated":true}]}}