{"id":6346,"date":"2025-01-27T11:01:56","date_gmt":"2025-01-27T10:01:56","guid":{"rendered":"https:\/\/www.nikki.amsterdam\/?post_type=product&#038;p=6346"},"modified":"2026-03-03T20:14:12","modified_gmt":"2026-03-03T19:14:12","slug":"the-pets-pillow","status":"publish","type":"product","link":"https:\/\/www.nikki.amsterdam\/fr\/produit\/produits-de-chauffage\/coussins-chauffants\/the-pets-pillow\/","title":{"rendered":"The.Pets Pillow"},"content":{"rendered":"<h2>Comment fonctionne l'oreiller The.Pets Pillow ?<\/h2>\n<h2><strong>3 niveaux de chaleur, 1 pile, 4 \u00e9l\u00e9ments chauffants<\/strong><\/h2>\n<p>L'oreiller.Pets compte pas moins de 4 \u00e9l\u00e9ments chauffants astucieusement r\u00e9partis sur un c\u00f4t\u00e9 de l'oreiller. Ainsi, votre animal ressent la chaleur l\u00e0 o\u00f9 il en a le plus besoin. Le bouton situ\u00e9 \u00e0 l'ext\u00e9rieur permet de choisir le r\u00e9glage souhait\u00e9. Gr\u00e2ce \u00e0 la puissante batterie de 16 000 mAh (80Wh), votre animal b\u00e9n\u00e9ficiera de jusqu'\u00e0 10 heures de chaleur confortable, sans aucun fil.<\/p>\n<p>Vous avez le choix entre 3 r\u00e9glages de chaleur diff\u00e9rents :<\/p>\n<p>Rouge | Interne 58\u00b0C | Tactile 45\u00b0C | Dur\u00e9e de fonctionnement 10 heures<\/p>\n<p>Bleu | interne 50\u00b0C | tactile 40\u00b0C | dur\u00e9e de fonctionnement 8 heures<\/p>\n<p>Vert | interne 45\u00b0C | tactile 38\u00b0C | dur\u00e9e de fonctionnement 6 heures<\/p>\n<h2><strong>Mat\u00e9riau<\/strong><\/h2>\n<p>La housse ext\u00e9rieure du coussin Pets Pillow est fabriqu\u00e9e en polaire Teddy tr\u00e8s douce. Il est agr\u00e9able et moelleux, mais suffisamment solide pour r\u00e9sister \u00e0 une s\u00e9ance de creusage.<\/p>\n<p>La housse ext\u00e9rieure peut \u00eatre lav\u00e9e en machine.<\/p>\n<p>La couche antid\u00e9rapante \u00e0 la base garantit que le coussin ne se d\u00e9place pas sur les surfaces glissantes.<\/p>\n<p>Il s'agit d'une mousse froide de haute qualit\u00e9 et d'une bonne fermet\u00e9 qui se redresse lorsque l'animal se met debout. Cela donne un bon soutien et permet \u00e0 l'animal de ne pas rester couch\u00e9 sur le sol. Cette mousse est entour\u00e9e d'une housse int\u00e9rieure imperm\u00e9able qui contient les \u00e9l\u00e9ments chauffants. Les \u00e9l\u00e9ments et la mousse sont ainsi prot\u00e9g\u00e9s de l'humidit\u00e9 et le chien peut simplement s'allonger sur son coussin apr\u00e8s une douche ou une baignade.<\/p>\n<h2><strong>S\u00e9curit\u00e9<\/strong><\/h2>\n<p>La banque d'\u00e9nergie est bien rang\u00e9e dans une poche \u00e0 l'int\u00e9rieur du coussin. Il n'y a pas de fils d\u00e9tach\u00e9s que le chien ou le chat pourrait m\u00e2cher. Si une personne intelligente r\u00e9ussit \u00e0 trouver les fils, il utilise 5 V et ne pr\u00e9sente donc aucun danger.<\/p>\n<p>Toutefois, nous recommandons de n'utiliser le coussin que lorsque l'animal est surveill\u00e9. Retirez le banc d'alimentation lorsque l'animal est seul pendant de longues p\u00e9riodes. M\u00eame sans utiliser les \u00e9l\u00e9ments chauffants, le coussin s'est av\u00e9r\u00e9 accueillant pour les animaux domestiques. Tous nos produits ont \u00e9t\u00e9 test\u00e9s de mani\u00e8re approfondie et portent les labels de qualit\u00e9 n\u00e9cessaires. La batterie est prot\u00e9g\u00e9e contre la surchauffe et s'\u00e9teint lorsqu'elle devient trop chaude.<\/p>\n<p>&nbsp;<\/p>","protected":false},"excerpt":{"rendered":"Coussin chauffant \u00e0 infrarouge (grand et petit) en polaire Teddy pour chien et chat. Confortable avec un matelas de haute qualit\u00e9.","protected":false},"featured_media":7998,"template":"","meta":{"_acf_changed":false},"product_brand":[],"product_cat":[105],"product_tag":[],"class_list":{"0":"post-6346","1":"product","2":"type-product","3":"status-publish","4":"has-post-thumbnail","6":"product_cat-warmtekussens","8":"first","9":"instock","10":"sale","11":"taxable","12":"shipping-taxable","13":"purchasable","14":"product-type-variable"},"composite_virtual":false,"composite_layout":"","composite_add_to_cart_form_location":"","composite_editable_in_cart":false,"composite_sold_individually_context":"","composite_shop_price_calc":"","composite_components":[],"composite_scenarios":[],"exclude_global_add_ons":[],"addons":[],"acf":[],"yoast_head":null,"yoast_head_json":null,"_links":{"self":[{"href":"https:\/\/www.nikki.amsterdam\/fr\/wp-json\/wp\/v2\/product\/6346","targetHints":{"allow":["GET"]}}],"collection":[{"href":"https:\/\/www.nikki.amsterdam\/fr\/wp-json\/wp\/v2\/product"}],"about":[{"href":"https:\/\/www.nikki.amsterdam\/fr\/wp-json\/wp\/v2\/types\/product"}],"wp:featuredmedia":[{"embeddable":true,"href":"https:\/\/www.nikki.amsterdam\/fr\/wp-json\/wp\/v2\/media\/7998"}],"wp:attachment":[{"href":"https:\/\/www.nikki.amsterdam\/fr\/wp-json\/wp\/v2\/media?parent=6346"}],"wp:term":[{"taxonomy":"product_brand","embeddable":true,"href":"https:\/\/www.nikki.amsterdam\/fr\/wp-json\/wp\/v2\/product_brand?post=6346"},{"taxonomy":"product_cat","embeddable":true,"href":"https:\/\/www.nikki.amsterdam\/fr\/wp-json\/wp\/v2\/product_cat?post=6346"},{"taxonomy":"product_tag","embeddable":true,"href":"https:\/\/www.nikki.amsterdam\/fr\/wp-json\/wp\/v2\/product_tag?post=6346"}],"curies":[{"name":"wp","href":"https:\/\/api.w.org\/{rel}","templated":true}]}}