{"id":6347,"date":"2025-01-27T11:01:56","date_gmt":"2025-01-27T10:01:56","guid":{"rendered":"https:\/\/www.nikki.amsterdam\/?post_type=product&#038;p=6347"},"modified":"2026-03-23T08:03:40","modified_gmt":"2026-03-23T07:03:40","slug":"the-comfort-combi","status":"publish","type":"product","link":"https:\/\/www.nikki.amsterdam\/fr\/produit\/offres-combinees\/the-comfort-combi\/","title":{"rendered":"The.Comfort Combi"},"content":{"rendered":"<h2>Cet ensemble de prestations comprend<\/h2>\n<p>Chaleur confortable et \u00e9clairage d'ambiance en un seul paquet !<br \/>\n\u2714 The.Lampion - refroidisseur de vin avec enceinte bluetooth et \u00e9clairage multicolore<br \/>\nThe.Wrap - coussin chauffant multifonctionnel \u00e0 utiliser comme bouillotte, chauffe-mains et oreiller cervical<br \/>\n\u2714 Banque d'alimentation 10 000 mAh assortie (50 Wh)<br \/>\n\u2714 Adaptateur associ\u00e9<br \/>\n\u2714 Guide rapide pour une mise en service rapide<\/p>\n<p><strong>The.Lampion<\/strong><br \/>\nLe.Lampion offre plus qu'un bel \u00e9clairage ! Gr\u00e2ce au haut-parleur bleutooth int\u00e9gr\u00e9, vous diffusez votre propre musique et gardez votre vin d\u00e9licieusement frais. Une lanterne, un rafra\u00eechisseur de vin et un haut-parleur en 1 ! De quoi avez-vous encore besoin ?<\/p>\n<p><strong>The.Wrap<\/strong><br \/>\nL'enveloppe (55 x 40 cm) est un coussin chauffant \u00e0 infrarouge qui a trois fonctions : coussin d'assise, bouillotte et chauffe-mains. Pour ce faire, il suffit de plier le coussin vers l'int\u00e9rieur ou l'ext\u00e9rieur et de le fixer \u00e0 l'aide d'une fermeture \u00e0 glissi\u00e8re double face. Avec 2 \u00e9l\u00e9ments chauffants et une batterie sans fil de 10 000 mAh (50 Wh), vous serez r\u00e9chauff\u00e9 jusqu'\u00e0 58\u00b0C de chaleur interne pendant 10 heures.<\/p>\n<p>Vous avez le choix entre 3 r\u00e9glages de chaleur diff\u00e9rents :<\/p>\n<ul>\n<li><strong>Rouge<\/strong> | interne 58\u00b0C | tactile 45\u00b0C | dur\u00e9e de fonctionnement 10 heures<\/li>\n<li><strong>Bleu<\/strong> | interne 50\u00b0C | tactile 40\u00b0C | temps de fonctionnement 12fire<\/li>\n<li><strong>Vert<\/strong> | Dur\u00e9e de fonctionnement : 14 heures.<\/li>\n<\/ul>\n<p><strong>S\u00e9curit\u00e9<\/strong><br \/>\nTous nos produits sont test\u00e9s de mani\u00e8re approfondie et portent les labels de qualit\u00e9 n\u00e9cessaires. La batterie est prot\u00e9g\u00e9e contre la surchauffe et s'\u00e9teint lorsqu'elle devient trop chaude.<\/p>","protected":false},"excerpt":{"rendered":"Ensemble de prestations comprenant le refroidisseur de vin The.Lampion et le coussin chauffant multifonctionnel The.Wrap . Chaleur et atmosph\u00e8re dans un seul paquet. Un cadeau pour elle et lui.\r\n\r\nNormalement ensemble \u20ac238,-\r\nEn vente de printemps s\u00e9par\u00e9ment \u20ac218,-\r\n\r\n<strong>Maintenant en offre combin\u00e9e \u20ac199<\/strong>\r\n\r\n&nbsp;\r\n\r\n&nbsp;\r\n\r\n&nbsp;\r\n\r\n&nbsp;","protected":false},"featured_media":12337,"template":"","meta":{"_acf_changed":false},"product_brand":[],"product_cat":[221,331],"product_tag":[],"class_list":{"0":"post-6347","1":"product","2":"type-product","3":"status-publish","4":"has-post-thumbnail","6":"product_cat-combideals","7":"product_cat-combideals-lampen","9":"first","10":"instock","11":"sale","12":"taxable","13":"shipping-taxable","14":"purchasable","15":"product-type-variable"},"composite_virtual":false,"composite_layout":"","composite_add_to_cart_form_location":"","composite_editable_in_cart":false,"composite_sold_individually_context":"","composite_shop_price_calc":"","composite_components":[],"composite_scenarios":[],"exclude_global_add_ons":[],"addons":[],"acf":[],"yoast_head":null,"yoast_head_json":null,"_links":{"self":[{"href":"https:\/\/www.nikki.amsterdam\/fr\/wp-json\/wp\/v2\/product\/6347","targetHints":{"allow":["GET"]}}],"collection":[{"href":"https:\/\/www.nikki.amsterdam\/fr\/wp-json\/wp\/v2\/product"}],"about":[{"href":"https:\/\/www.nikki.amsterdam\/fr\/wp-json\/wp\/v2\/types\/product"}],"wp:featuredmedia":[{"embeddable":true,"href":"https:\/\/www.nikki.amsterdam\/fr\/wp-json\/wp\/v2\/media\/12337"}],"wp:attachment":[{"href":"https:\/\/www.nikki.amsterdam\/fr\/wp-json\/wp\/v2\/media?parent=6347"}],"wp:term":[{"taxonomy":"product_brand","embeddable":true,"href":"https:\/\/www.nikki.amsterdam\/fr\/wp-json\/wp\/v2\/product_brand?post=6347"},{"taxonomy":"product_cat","embeddable":true,"href":"https:\/\/www.nikki.amsterdam\/fr\/wp-json\/wp\/v2\/product_cat?post=6347"},{"taxonomy":"product_tag","embeddable":true,"href":"https:\/\/www.nikki.amsterdam\/fr\/wp-json\/wp\/v2\/product_tag?post=6347"}],"curies":[{"name":"wp","href":"https:\/\/api.w.org\/{rel}","templated":true}]}}