{"id":6349,"date":"2025-01-27T11:01:57","date_gmt":"2025-01-27T10:01:57","guid":{"rendered":"https:\/\/www.nikki.amsterdam\/?post_type=product&#038;p=6349"},"modified":"2026-04-07T10:11:58","modified_gmt":"2026-04-07T08:11:58","slug":"the-bowl","status":"publish","type":"product","link":"https:\/\/www.nikki.amsterdam\/fr\/produit\/lampes\/lampes-de-haut-parleur\/the-bowl\/","title":{"rendered":"The.Bowl"},"content":{"rendered":"<h2>Comment fonctionne The.Bowl ?<\/h2>\n<h2><strong>Haut-parleur Bluetooth<\/strong><\/h2>\n<p>Gr\u00e2ce au c\u00e2ble fourni, vous chargez The.Bowl et l'utilisez ensuite sans fil. Gr\u00e2ce \u00e0 la technologie Bluetooth, vous pouvez facilement coupler votre t\u00e9l\u00e9phone ou un autre appareil avec The.Bowl. Choisissez votre propre liste de lecture ou votre station de radio pr\u00e9f\u00e9r\u00e9e et profitez d'un son de haute qualit\u00e9.<\/p>\n<h2><strong>\u00c9clairage multicolore<\/strong><\/h2>\n<p>Blanc chaud ou multicolore, \u00e0 vous de choisir ! Il y a une couleur pour chaque humeur. Laissez les couleurs s'estomper au rythme de la musique, en mode fondu silencieux, ou choisissez une couleur unique fixe.<\/p>\n<h2><strong>Application<\/strong><\/h2>\n<p>T\u00e9l\u00e9chargez gratuitement notre propre application Nikki.Amsterdam qui vous permet de contr\u00f4ler \u00e0 la fois la lumi\u00e8re et le son. Utilisez votre propre liste de lecture ou mettez votre station de radio pr\u00e9f\u00e9r\u00e9e. Les possibilit\u00e9s sont infinies. Vous pouvez relier plusieurs lanternes ensemble pour cr\u00e9er la m\u00eame lumi\u00e8re et le m\u00eame son partout. Vous poss\u00e9dez d\u00e9j\u00e0 l'un de nos autres produits LED avec haut-parleur ? Ils peuvent \u00e9galement \u00eatre connect\u00e9s \u00e0 The.Bowl !<\/p>\n<h2><strong>Multifonctionnel<\/strong><\/h2>\n<p>Votre boisson est d\u00e9licieusement fra\u00eeche et la musique joue en arri\u00e8re-plan. Vous remplissez de glace (d'eau) la cavit\u00e9 \u00e9tanche situ\u00e9e au centre de The.Bowl et votre refroidisseur de vin est pr\u00eat \u00e0 l'emploi. Mais avez-vous d\u00e9j\u00e0 pens\u00e9 \u00e0 utiliser The.Bowl pour refroidir des hu\u00eetres, par exemple ? Ou le remplir de bonbons ou d'autres cadeaux, par exemple ? Le bol est donc parfait pour une f\u00eate d'enfants, une foire ou un autre \u00e9v\u00e9nement.<\/p>","protected":false},"excerpt":{"rendered":"Refroidisseur \u00e0 vin g\u00e9ant pouvant contenir jusqu'\u00e0 12 bouteilles, avec \u00e9clairage multicolore et haut-parleur Bluetooth.","protected":false},"featured_media":12075,"template":"","meta":{"_acf_changed":false},"product_brand":[],"product_cat":[219,106],"product_tag":[],"class_list":{"0":"post-6349","1":"product","2":"type-product","3":"status-publish","4":"has-post-thumbnail","6":"product_cat-speaker-lampen","7":"product_cat-wijnkoeler-lampen","9":"first","10":"instock","11":"sale","12":"taxable","13":"shipping-taxable","14":"purchasable","15":"product-type-simple"},"composite_virtual":false,"composite_layout":"","composite_add_to_cart_form_location":"","composite_editable_in_cart":false,"composite_sold_individually_context":"","composite_shop_price_calc":"","composite_components":[],"composite_scenarios":[],"exclude_global_add_ons":[],"addons":[],"acf":[],"yoast_head":null,"yoast_head_json":null,"_links":{"self":[{"href":"https:\/\/www.nikki.amsterdam\/fr\/wp-json\/wp\/v2\/product\/6349","targetHints":{"allow":["GET"]}}],"collection":[{"href":"https:\/\/www.nikki.amsterdam\/fr\/wp-json\/wp\/v2\/product"}],"about":[{"href":"https:\/\/www.nikki.amsterdam\/fr\/wp-json\/wp\/v2\/types\/product"}],"wp:featuredmedia":[{"embeddable":true,"href":"https:\/\/www.nikki.amsterdam\/fr\/wp-json\/wp\/v2\/media\/12075"}],"wp:attachment":[{"href":"https:\/\/www.nikki.amsterdam\/fr\/wp-json\/wp\/v2\/media?parent=6349"}],"wp:term":[{"taxonomy":"product_brand","embeddable":true,"href":"https:\/\/www.nikki.amsterdam\/fr\/wp-json\/wp\/v2\/product_brand?post=6349"},{"taxonomy":"product_cat","embeddable":true,"href":"https:\/\/www.nikki.amsterdam\/fr\/wp-json\/wp\/v2\/product_cat?post=6349"},{"taxonomy":"product_tag","embeddable":true,"href":"https:\/\/www.nikki.amsterdam\/fr\/wp-json\/wp\/v2\/product_tag?post=6349"}],"curies":[{"name":"wp","href":"https:\/\/api.w.org\/{rel}","templated":true}]}}