{"id":6350,"date":"2025-01-27T11:01:57","date_gmt":"2025-01-27T10:01:57","guid":{"rendered":"https:\/\/www.nikki.amsterdam\/?post_type=product&#038;p=6350"},"modified":"2026-04-07T10:12:32","modified_gmt":"2026-04-07T08:12:32","slug":"the-lampion","status":"publish","type":"product","link":"https:\/\/www.nikki.amsterdam\/fr\/produit\/lampes\/lampes-de-haut-parleur\/the-lampion\/","title":{"rendered":"The.Lampion"},"content":{"rendered":"<h2>Comment fonctionne notre lampe pour refroidisseur de vin ?<\/h2>\n<h2><strong>Haut-parleur Bluetooth<\/strong><\/h2>\n<p>Gr\u00e2ce au c\u00e2ble fourni, vous chargez la lampe rafra\u00eechissante pour le vin et l'utilisez ensuite sans fil. Gr\u00e2ce \u00e0 la technologie Bluetooth, vous pouvez facilement coupler votre t\u00e9l\u00e9phone ou un autre appareil avec The.Lampion. Choisissez votre propre liste de lecture ou votre station de radio pr\u00e9f\u00e9r\u00e9e et profitez d'un son de haute qualit\u00e9.<\/p>\n<h2><strong>\u00c9clairage multicolore<\/strong><\/h2>\n<p>Blanc chaud ou multicolore, \u00e0 vous de choisir ! Il y a une couleur pour chaque humeur. Laissez les couleurs s'estomper au rythme de la musique, en mode fondu silencieux, ou choisissez une couleur unique fixe.<\/p>\n<h2><strong>Refroidisseur \u00e0 vin<\/strong><\/h2>\n<p>Une boisson bien fra\u00eeche et de la musique en fond sonore. Que voulez-vous de plus ? Vous remplissez de glace (eau) la cavit\u00e9 \u00e9tanche situ\u00e9e au milieu de The.Lampion et votre lampe rafra\u00eechissante est pr\u00eate \u00e0 l'emploi. The.Lampion en taille S est la plus petite taille et convient pour une bouteille de vin ou de champagne, The.Lampion en taille M est la taille moyenne et convient pour une bouteille de vin ou de champagne et enfin The.Lampion en taille L est la plus grande taille et convient pour 2 \u00e0 3 bouteilles de vin ou de champagne.<\/p>\n<h2><strong>Application<\/strong><\/h2>\n<p>T\u00e9l\u00e9chargez gratuitement notre propre application Nikki.Amsterdam qui vous permet de contr\u00f4ler \u00e0 la fois la lumi\u00e8re et le son. Utilisez votre propre liste de lecture ou mettez votre station de radio pr\u00e9f\u00e9r\u00e9e. Les possibilit\u00e9s sont infinies. Vous pouvez relier plusieurs lanternes ensemble pour cr\u00e9er la m\u00eame lumi\u00e8re et le m\u00eame son partout. Vous poss\u00e9dez d\u00e9j\u00e0 l'un de nos autres produits LED avec haut-parleur ? Ils peuvent eux aussi \u00eatre connect\u00e9s \u00e0 The.Lampion !<\/p>","protected":false},"excerpt":{"rendered":"Ce refroidisseur de vin ne se contente pas de refroidir vos boissons, il offre \u00e9galement un bel \u00e9clairage multicolore ! Et gr\u00e2ce au haut-parleur Bluetooth int\u00e9gr\u00e9, vous diffusez votre propre musique ! Enti\u00e8rement sans fil. De quoi avez-vous encore besoin ?","protected":false},"featured_media":11876,"template":"","meta":{"_acf_changed":false},"product_brand":[],"product_cat":[219,106],"product_tag":[],"class_list":{"0":"post-6350","1":"product","2":"type-product","3":"status-publish","4":"has-post-thumbnail","6":"product_cat-speaker-lampen","7":"product_cat-wijnkoeler-lampen","9":"first","10":"instock","11":"sale","12":"taxable","13":"shipping-taxable","14":"purchasable","15":"product-type-variable"},"composite_virtual":false,"composite_layout":"","composite_add_to_cart_form_location":"","composite_editable_in_cart":false,"composite_sold_individually_context":"","composite_shop_price_calc":"","composite_components":[],"composite_scenarios":[],"exclude_global_add_ons":false,"addons":[{"name":"Combineer en profiteer!","type":"checkbox","position":0,"required":false,"title_format":"label","default":"","description_enable":true,"description":"Tweede product een warmteproduct? Geef je gewenste kleur aan ons door via het opmerkingenveld bij het afrekenen!","placeholder_enable":false,"placeholder":"","display":"select","restrictions_type":"any_text","adjust_price":false,"price":"","price_type":"flat_fee","restrictions":false,"min":"0","max":"0","options":[{"label":"+ The.Plaid van \u20ac149 voor","price":"120","price_type":"flat_fee","image":0,"visibility":true},{"label":"+ The.Pillow van \u20ac119 voor","price":"90","price_type":"flat_fee","image":0,"visibility":true},{"label":"+ The.Wrap van \u20ac89 voor","price":"60","price_type":"flat_fee","image":0,"visibility":true}],"id":1753088026}],"acf":[],"yoast_head":null,"yoast_head_json":null,"_links":{"self":[{"href":"https:\/\/www.nikki.amsterdam\/fr\/wp-json\/wp\/v2\/product\/6350","targetHints":{"allow":["GET"]}}],"collection":[{"href":"https:\/\/www.nikki.amsterdam\/fr\/wp-json\/wp\/v2\/product"}],"about":[{"href":"https:\/\/www.nikki.amsterdam\/fr\/wp-json\/wp\/v2\/types\/product"}],"wp:featuredmedia":[{"embeddable":true,"href":"https:\/\/www.nikki.amsterdam\/fr\/wp-json\/wp\/v2\/media\/11876"}],"wp:attachment":[{"href":"https:\/\/www.nikki.amsterdam\/fr\/wp-json\/wp\/v2\/media?parent=6350"}],"wp:term":[{"taxonomy":"product_brand","embeddable":true,"href":"https:\/\/www.nikki.amsterdam\/fr\/wp-json\/wp\/v2\/product_brand?post=6350"},{"taxonomy":"product_cat","embeddable":true,"href":"https:\/\/www.nikki.amsterdam\/fr\/wp-json\/wp\/v2\/product_cat?post=6350"},{"taxonomy":"product_tag","embeddable":true,"href":"https:\/\/www.nikki.amsterdam\/fr\/wp-json\/wp\/v2\/product_tag?post=6350"}],"curies":[{"name":"wp","href":"https:\/\/api.w.org\/{rel}","templated":true}]}}