{"id":6353,"date":"2025-01-27T11:01:58","date_gmt":"2025-01-27T10:01:58","guid":{"rendered":"https:\/\/www.nikki.amsterdam\/?post_type=product&#038;p=6353"},"modified":"2026-03-23T07:55:31","modified_gmt":"2026-03-23T06:55:31","slug":"the-ball","status":"publish","type":"product","link":"https:\/\/www.nikki.amsterdam\/fr\/produit\/lampes\/autres-lampes\/the-ball\/","title":{"rendered":"The.Ball"},"content":{"rendered":"<h2>Comment fonctionne The.Ball ?<\/h2>\n<h2><strong>\u00c9clairage multicolore<\/strong><\/h2>\n<p>Blanc chaud ou multicolore, \u00e0 vous de choisir ! Il y a une couleur pour chaque humeur. Choisissez une couleur fixe, un mode d'att\u00e9nuation silencieux ou laissez la lumi\u00e8re s'estomper. Vous contr\u00f4lez The.Ball \u00e0 l'aide de la t\u00e9l\u00e9commande fournie.<\/p>\n<h2><strong>Sans fil<\/strong><\/h2>\n<p>The.Ball peut \u00eatre utilis\u00e9 sans fil. Vous chargez notre lampe de jardin \u00e0 l'aide du c\u00e2ble de chargement fourni. Une fois charg\u00e9e, vous pouvez profiter de ses magnifiques lumi\u00e8res pendant 10 heures.<\/p>\n<h2><strong>Imperm\u00e9able \u00e0 l'eau<\/strong><\/h2>\n<p>The.Ball est compl\u00e8tement imperm\u00e9able \u00e0 l'eau. Vous pouvez donc simplement laisser la lampe de jardin suspendue pendant une temp\u00eate de pluie. Vous pouvez faire flotter la lanterne elle-m\u00eame dans l'eau. Dans ce cas, nous vous recommandons d'enlever la poign\u00e9e en cuir.<\/p>\n<p>Le ballon The.Ball pouvant \u00e9galement \u00eatre utilis\u00e9 dans l'eau, il est <span style=\"text-decoration: underline\">pas<\/span> \u00e9quip\u00e9 d'un haut-parleur Bluetooth<\/p>","protected":false},"excerpt":{"rendered":"Lanterne \u00e9tanche multicolore avec des lumi\u00e8res LED dans un beau design. Ambiance dans l'arbre, sur la terrasse ou m\u00eame dans l'\u00e9tang.","protected":false},"featured_media":12066,"template":"","meta":{"_acf_changed":false},"product_brand":[],"product_cat":[107],"product_tag":[],"class_list":{"0":"post-6353","1":"product","2":"type-product","3":"status-publish","4":"has-post-thumbnail","6":"product_cat-overige-lampen","8":"first","9":"instock","10":"sale","11":"taxable","12":"shipping-taxable","13":"purchasable","14":"product-type-simple"},"composite_virtual":false,"composite_layout":"","composite_add_to_cart_form_location":"","composite_editable_in_cart":false,"composite_sold_individually_context":"","composite_shop_price_calc":"","composite_components":[],"composite_scenarios":[],"exclude_global_add_ons":[],"addons":[],"acf":[],"yoast_head":null,"yoast_head_json":null,"_links":{"self":[{"href":"https:\/\/www.nikki.amsterdam\/fr\/wp-json\/wp\/v2\/product\/6353","targetHints":{"allow":["GET"]}}],"collection":[{"href":"https:\/\/www.nikki.amsterdam\/fr\/wp-json\/wp\/v2\/product"}],"about":[{"href":"https:\/\/www.nikki.amsterdam\/fr\/wp-json\/wp\/v2\/types\/product"}],"wp:featuredmedia":[{"embeddable":true,"href":"https:\/\/www.nikki.amsterdam\/fr\/wp-json\/wp\/v2\/media\/12066"}],"wp:attachment":[{"href":"https:\/\/www.nikki.amsterdam\/fr\/wp-json\/wp\/v2\/media?parent=6353"}],"wp:term":[{"taxonomy":"product_brand","embeddable":true,"href":"https:\/\/www.nikki.amsterdam\/fr\/wp-json\/wp\/v2\/product_brand?post=6353"},{"taxonomy":"product_cat","embeddable":true,"href":"https:\/\/www.nikki.amsterdam\/fr\/wp-json\/wp\/v2\/product_cat?post=6353"},{"taxonomy":"product_tag","embeddable":true,"href":"https:\/\/www.nikki.amsterdam\/fr\/wp-json\/wp\/v2\/product_tag?post=6353"}],"curies":[{"name":"wp","href":"https:\/\/api.w.org\/{rel}","templated":true}]}}