{"id":6356,"date":"2025-01-27T11:01:58","date_gmt":"2025-01-27T10:01:58","guid":{"rendered":"https:\/\/www.nikki.amsterdam\/?post_type=product&#038;p=6356"},"modified":"2026-04-07T10:10:57","modified_gmt":"2026-04-07T08:10:57","slug":"the-pouf","status":"publish","type":"product","link":"https:\/\/www.nikki.amsterdam\/fr\/produit\/lampes\/lampes-de-haut-parleur\/the-pouf\/","title":{"rendered":"The.Pouf"},"content":{"rendered":"<h2><strong>Comment fonctionne The.Pouf ?<\/strong><\/h2>\n<h2><strong>Haut-parleur Bluetooth<\/strong><\/h2>\n<p>Gr\u00e2ce au c\u00e2ble fourni, vous chargez The.Pouf et l'utilisez ensuite sans fil. Gr\u00e2ce \u00e0 la technologie Bluetooth, vous pouvez facilement connecter votre t\u00e9l\u00e9phone ou un autre appareil \u00e0 The.Pouf. Choisissez votre propre liste de lecture ou votre station de radio pr\u00e9f\u00e9r\u00e9e et profitez d'un son de haute qualit\u00e9.<\/p>\n<h2><strong>\u00c9clairage multicolore<\/strong><\/h2>\n<p>Blanc chaud ou multicolore, \u00e0 vous de choisir ! Il y a une couleur pour chaque humeur. Laissez les couleurs s'estomper au rythme de la musique, en mode fondu silencieux, ou choisissez une couleur unique fixe.<\/p>\n<h2><strong>Application<\/strong><\/h2>\n<p>T\u00e9l\u00e9chargez gratuitement notre propre application Nikki.Amsterdam qui vous permet de contr\u00f4ler \u00e0 la fois la lumi\u00e8re et le son. Utilisez votre propre liste de lecture ou mettez votre station de radio pr\u00e9f\u00e9r\u00e9e. Les possibilit\u00e9s sont infinies. Vous pouvez relier plusieurs lanternes ensemble pour cr\u00e9er la m\u00eame lumi\u00e8re et le m\u00eame son partout. Vous poss\u00e9dez d\u00e9j\u00e0 l'un de nos autres produits LED avec haut-parleur ? Ils peuvent \u00e9galement \u00eatre connect\u00e9s \u00e0 The.Pouf !<\/p>","protected":false},"excerpt":{"rendered":"Simple et multifonctionnel. Sur ce pouf multicolore avec <strong>Eclairage LED<\/strong> Non seulement vous pouvez vous asseoir, mais vous pouvez \u00e9galement utiliser The.Pouf comme une chaise longue. <strong>Haut-parleur Bluetooth<\/strong>.","protected":false},"featured_media":12077,"template":"","meta":{"_acf_changed":false},"product_brand":[],"product_cat":[219],"product_tag":[],"class_list":{"0":"post-6356","1":"product","2":"type-product","3":"status-publish","4":"has-post-thumbnail","6":"product_cat-speaker-lampen","8":"first","9":"instock","10":"sale","11":"taxable","12":"shipping-taxable","13":"purchasable","14":"product-type-simple"},"composite_virtual":false,"composite_layout":"","composite_add_to_cart_form_location":"","composite_editable_in_cart":false,"composite_sold_individually_context":"","composite_shop_price_calc":"","composite_components":[],"composite_scenarios":[],"exclude_global_add_ons":[],"addons":[],"acf":[],"yoast_head":null,"yoast_head_json":null,"_links":{"self":[{"href":"https:\/\/www.nikki.amsterdam\/fr\/wp-json\/wp\/v2\/product\/6356","targetHints":{"allow":["GET"]}}],"collection":[{"href":"https:\/\/www.nikki.amsterdam\/fr\/wp-json\/wp\/v2\/product"}],"about":[{"href":"https:\/\/www.nikki.amsterdam\/fr\/wp-json\/wp\/v2\/types\/product"}],"wp:featuredmedia":[{"embeddable":true,"href":"https:\/\/www.nikki.amsterdam\/fr\/wp-json\/wp\/v2\/media\/12077"}],"wp:attachment":[{"href":"https:\/\/www.nikki.amsterdam\/fr\/wp-json\/wp\/v2\/media?parent=6356"}],"wp:term":[{"taxonomy":"product_brand","embeddable":true,"href":"https:\/\/www.nikki.amsterdam\/fr\/wp-json\/wp\/v2\/product_brand?post=6356"},{"taxonomy":"product_cat","embeddable":true,"href":"https:\/\/www.nikki.amsterdam\/fr\/wp-json\/wp\/v2\/product_cat?post=6356"},{"taxonomy":"product_tag","embeddable":true,"href":"https:\/\/www.nikki.amsterdam\/fr\/wp-json\/wp\/v2\/product_tag?post=6356"}],"curies":[{"name":"wp","href":"https:\/\/api.w.org\/{rel}","templated":true}]}}