{"id":6358,"date":"2025-01-27T11:01:59","date_gmt":"2025-01-27T10:01:59","guid":{"rendered":"https:\/\/www.nikki.amsterdam\/?post_type=product&#038;p=6358"},"modified":"2026-03-23T08:05:02","modified_gmt":"2026-03-23T07:05:02","slug":"the-seat","status":"publish","type":"product","link":"https:\/\/www.nikki.amsterdam\/fr\/produit\/offres-combinees\/the-seat\/","title":{"rendered":"The.Seat"},"content":{"rendered":"<h2><strong>Mat\u00e9riau<\/strong><\/h2>\n<p>Nos chaises longues gonflables sont fabriqu\u00e9es en tissu double paroi. Cela ne vous dit peut-\u00eatre rien, mais lorsque nous parlons de supboards, vous savez sans doute imm\u00e9diatement de quoi il s'agit. Les chaises sont donc robustes et r\u00e9sistantes aux d\u00e9chirures, ce qui leur permet de s'adapter \u00e0 des terrains plus accident\u00e9s. Un caillou ici ou l\u00e0 ne pose aucun probl\u00e8me. Le mat\u00e9riau lisse est facile \u00e0 nettoyer.<\/p>\n<h2><strong>Ce paquet contient<\/strong><\/h2>\n<p>2 x chaises gonflables et d\u00e9montables<br \/>\n\u2714 Coussins d'assise et de dossier d\u00e9perlants assortis (housse lavable en machine)<br \/>\n\u2714 1 x pompe d'accompagnement avec affichage de la pression<br \/>\n\u2714 ! x \u00e9tui de transport<\/p>\n<h2><strong>Gonflable<\/strong><\/h2>\n<p>La plupart des chaises gonflables restent toujours un peu molles, ce qui fait que vous vous y enfoncez. Ce n'est certainement pas le cas de The.Seat. Une fois gonfl\u00e9, c'est un fauteuil tr\u00e8s robuste et, gr\u00e2ce \u00e0 sa forme, tr\u00e8s confortable, avec une capacit\u00e9 de charge de +150 kg. M\u00eame une voiture peut passer dessus sans que le mat\u00e9riau ne se brise. Une fois gonfl\u00e9es, les chaises restent fermes pendant 2 mois et il n'est pas n\u00e9cessaire d'ajouter de l'air suppl\u00e9mentaire. Elles conviennent donc parfaitement pour le jardin ou sous la v\u00e9randa.<\/p>","protected":false},"excerpt":{"rendered":"Ensemble de salon de luxe pour l'ext\u00e9rieur qui s'installe en 5 minutes. Extr\u00eamement solide, il est livr\u00e9 dans un sac de transport pratique. Se d\u00e9tendre n'a jamais \u00e9t\u00e9 aussi relaxant !","protected":false},"featured_media":8028,"template":"","meta":{"_acf_changed":false},"product_brand":[],"product_cat":[221],"product_tag":[],"class_list":{"0":"post-6358","1":"product","2":"type-product","3":"status-publish","4":"has-post-thumbnail","6":"product_cat-combideals","8":"first","9":"instock","10":"sale","11":"taxable","12":"shipping-taxable","13":"purchasable","14":"product-type-simple"},"composite_virtual":false,"composite_layout":"","composite_add_to_cart_form_location":"","composite_editable_in_cart":false,"composite_sold_individually_context":"","composite_shop_price_calc":"","composite_components":[],"composite_scenarios":[],"exclude_global_add_ons":[],"addons":[],"acf":[],"yoast_head":null,"yoast_head_json":null,"_links":{"self":[{"href":"https:\/\/www.nikki.amsterdam\/fr\/wp-json\/wp\/v2\/product\/6358","targetHints":{"allow":["GET"]}}],"collection":[{"href":"https:\/\/www.nikki.amsterdam\/fr\/wp-json\/wp\/v2\/product"}],"about":[{"href":"https:\/\/www.nikki.amsterdam\/fr\/wp-json\/wp\/v2\/types\/product"}],"wp:featuredmedia":[{"embeddable":true,"href":"https:\/\/www.nikki.amsterdam\/fr\/wp-json\/wp\/v2\/media\/8028"}],"wp:attachment":[{"href":"https:\/\/www.nikki.amsterdam\/fr\/wp-json\/wp\/v2\/media?parent=6358"}],"wp:term":[{"taxonomy":"product_brand","embeddable":true,"href":"https:\/\/www.nikki.amsterdam\/fr\/wp-json\/wp\/v2\/product_brand?post=6358"},{"taxonomy":"product_cat","embeddable":true,"href":"https:\/\/www.nikki.amsterdam\/fr\/wp-json\/wp\/v2\/product_cat?post=6358"},{"taxonomy":"product_tag","embeddable":true,"href":"https:\/\/www.nikki.amsterdam\/fr\/wp-json\/wp\/v2\/product_tag?post=6358"}],"curies":[{"name":"wp","href":"https:\/\/api.w.org\/{rel}","templated":true}]}}