{"id":6359,"date":"2025-01-27T11:01:59","date_gmt":"2025-01-27T10:01:59","guid":{"rendered":"https:\/\/www.nikki.amsterdam\/?post_type=product&#038;p=6359"},"modified":"2026-04-28T11:30:44","modified_gmt":"2026-04-28T09:30:44","slug":"the-twilight","status":"publish","type":"product","link":"https:\/\/www.nikki.amsterdam\/fr\/produit\/lampes\/autres-lampes\/the-twilight\/","title":{"rendered":"The.Twilight"},"content":{"rendered":"<p>Cette lampe de table rechargeable avec des <strong>Eclairage LED<\/strong> a une hauteur de 28 cm. La lampe de table est disponible en 2 versions ; avec et sans <strong>Haut-parleur Bluetooth<\/strong>. Les deux exemplaires sont rechargeables et <strong>sans fil<\/strong> \u00e0 utiliser. Enti\u00e8rement charg\u00e9e, la lumi\u00e8re br\u00fble pendant 10 heures. Outre la lumi\u00e8re blanche chaude atmosph\u00e9rique, vous pouvez facilement changer et att\u00e9nuer la couleur via la t\u00e9l\u00e9commande ou l'application gratuite. De cette fa\u00e7on, vous cr\u00e9ez votre propre atmosph\u00e8re ! Emportez-la avec vous au camping, mettez-la dans votre jardin, votre v\u00e9randa ou \u00e0 l'int\u00e9rieur sur votre bureau.<\/p>\n<h2><strong>\u00c9clairage multicolore<\/strong><\/h2>\n<p>Blanc chaud ou multicolore, \u00e0 vous de choisir ! Il y a une couleur pour chaque humeur. Choisissez une couleur fixe, un mode d'att\u00e9nuation calme ou laissez la lumi\u00e8re s'estomper. Vous contr\u00f4lez le Twilight Tune via l'application. La version sans haut-parleur est livr\u00e9e avec une t\u00e9l\u00e9commande.<\/p>\n<h2><strong>Sans fil<\/strong><\/h2>\n<p>Le.Twilight est livr\u00e9 avec un c\u00e2ble de recharge. Ensuite, l'utilisation est totalement sans fil et vous cr\u00e9ez l'ambiance o\u00f9 vous le souhaitez. Dans le jardin, sur la terrasse, sur le bateau ou dans le parc !<\/p>\n<h2><strong>Haut-parleur Bluetooth<\/strong><\/h2>\n<p>La Twilight Tune est \u00e9quip\u00e9e d'un haut-parleur Bluetooth. Gr\u00e2ce au bluetooth, vous pouvez facilement connecter votre t\u00e9l\u00e9phone ou un autre appareil \u00e0 la lampe de table. Choisissez votre propre liste de lecture ou votre station de radio pr\u00e9f\u00e9r\u00e9e et profitez d'un son de haute qualit\u00e9.<\/p>\n<h2><strong>Application<\/strong><\/h2>\n<p>T\u00e9l\u00e9chargez notre propre application gratuite Nikki.Amsterdam qui vous permet de contr\u00f4ler les lumi\u00e8res et le son (sur The.Twilight Tune). Utilisez votre propre liste de lecture ou mettez votre station de radio pr\u00e9f\u00e9r\u00e9e. Les possibilit\u00e9s sont infinies. Vous pouvez relier plusieurs lumi\u00e8res ensemble pour cr\u00e9er la m\u00eame lumi\u00e8re et le m\u00eame son partout. Vous poss\u00e9dez d\u00e9j\u00e0 l'un de nos autres produits LED avec haut-parleur ? Ils peuvent \u00e9galement \u00eatre connect\u00e9s \u00e0 The.Twilight Tune !<\/p>","protected":false},"excerpt":{"rendered":"Lampe de table sans fil \u00e9l\u00e9gante avec \u00e9clairage LED multicolore. Disponible avec ou sans haut-parleur Bluetooth. Les lampes avec haut-parleur s'associent automatiquement les unes aux autres. Ainsi, vous cr\u00e9ez la m\u00eame lumi\u00e8re et le m\u00eame son dans tous les coins. Profitez de notre remise sur volume !","protected":false},"featured_media":12079,"template":"","meta":{"_acf_changed":false},"product_brand":[],"product_cat":[221,331,107,219],"product_tag":[],"class_list":{"0":"post-6359","1":"product","2":"type-product","3":"status-publish","4":"has-post-thumbnail","6":"product_cat-combideals","7":"product_cat-combideals-lampen","8":"product_cat-overige-lampen","9":"product_cat-speaker-lampen","11":"first","12":"instock","13":"sale","14":"taxable","15":"shipping-taxable","16":"purchasable","17":"product-type-variable"},"composite_virtual":false,"composite_layout":"","composite_add_to_cart_form_location":"","composite_editable_in_cart":false,"composite_sold_individually_context":"","composite_shop_price_calc":"","composite_components":[],"composite_scenarios":[],"exclude_global_add_ons":[],"addons":[],"acf":[],"yoast_head":null,"yoast_head_json":null,"_links":{"self":[{"href":"https:\/\/www.nikki.amsterdam\/fr\/wp-json\/wp\/v2\/product\/6359","targetHints":{"allow":["GET"]}}],"collection":[{"href":"https:\/\/www.nikki.amsterdam\/fr\/wp-json\/wp\/v2\/product"}],"about":[{"href":"https:\/\/www.nikki.amsterdam\/fr\/wp-json\/wp\/v2\/types\/product"}],"wp:featuredmedia":[{"embeddable":true,"href":"https:\/\/www.nikki.amsterdam\/fr\/wp-json\/wp\/v2\/media\/12079"}],"wp:attachment":[{"href":"https:\/\/www.nikki.amsterdam\/fr\/wp-json\/wp\/v2\/media?parent=6359"}],"wp:term":[{"taxonomy":"product_brand","embeddable":true,"href":"https:\/\/www.nikki.amsterdam\/fr\/wp-json\/wp\/v2\/product_brand?post=6359"},{"taxonomy":"product_cat","embeddable":true,"href":"https:\/\/www.nikki.amsterdam\/fr\/wp-json\/wp\/v2\/product_cat?post=6359"},{"taxonomy":"product_tag","embeddable":true,"href":"https:\/\/www.nikki.amsterdam\/fr\/wp-json\/wp\/v2\/product_tag?post=6359"}],"curies":[{"name":"wp","href":"https:\/\/api.w.org\/{rel}","templated":true}]}}