{"id":6377,"date":"2025-01-27T11:02:10","date_gmt":"2025-01-27T10:02:10","guid":{"rendered":"https:\/\/www.nikki.amsterdam\/?post_type=product&#038;p=6377"},"modified":"2025-10-09T16:56:45","modified_gmt":"2025-10-09T14:56:45","slug":"the-gift-card","status":"publish","type":"product","link":"https:\/\/www.nikki.amsterdam\/fr\/product\/gift-cards\/the-gift-card\/","title":{"rendered":"The.Gift Card"},"content":{"rendered":"<h2>En savoir plus sur The.Gift Card<\/h2>\n<p>Nos cartes-cadeaux sont la solution quand vous ne pouvez pas choisir ! Parfois, vous n'\u00eates pas s\u00fbr de ce qui fera vraiment plaisir \u00e0 l'autre. Une couverture chauffante ou plut\u00f4t un oreiller ? Ou cette lanterne sympa ? Et soyons honn\u00eates, on n'offre pas un cadeau aussi merveilleux \u00e0 tout le monde du jour au lendemain. Personne n'aime cela. C'est pourquoi vous avez le choix entre diff\u00e9rents montants par carte cadeau.<\/p>\n<p>Nous envoyons la carte dans une belle enveloppe par la poste, afin que vous puissiez remettre quelque chose de beau. Bien entendu, vous pouvez aussi l'envoyer directement au destinataire !<\/p>\n<p>Vous souhaitez offrir The.Gift Card \u00e0 plusieurs personnes ? Peut-\u00eatre avec une touche personnelle ? Cliquez ici pour les options ou envoyez un e-mail \u00e0 sales@nikki.amsterdam.<\/p>","protected":false},"excerpt":{"rendered":"Avec un ch\u00e8que-cadeau, vous \u00eates toujours au bon endroit. Disponible \u00e0 partir de 25 euros. Agr\u00e9able \u00e0 offrir et \u00e0 recevoir.","protected":false},"featured_media":6809,"template":"","meta":{"_acf_changed":false},"product_brand":[],"product_cat":[223],"product_tag":[],"class_list":{"0":"post-6377","1":"product","2":"type-product","3":"status-publish","4":"has-post-thumbnail","6":"product_cat-gift-cards","8":"first","9":"instock","10":"taxable","11":"shipping-taxable","12":"purchasable","13":"product-type-variable"},"composite_virtual":false,"composite_layout":"","composite_add_to_cart_form_location":"","composite_editable_in_cart":false,"composite_sold_individually_context":"","composite_shop_price_calc":"","composite_components":[],"composite_scenarios":[],"exclude_global_add_ons":[],"addons":[],"acf":[],"yoast_head":null,"yoast_head_json":null,"_links":{"self":[{"href":"https:\/\/www.nikki.amsterdam\/fr\/wp-json\/wp\/v2\/product\/6377","targetHints":{"allow":["GET"]}}],"collection":[{"href":"https:\/\/www.nikki.amsterdam\/fr\/wp-json\/wp\/v2\/product"}],"about":[{"href":"https:\/\/www.nikki.amsterdam\/fr\/wp-json\/wp\/v2\/types\/product"}],"wp:featuredmedia":[{"embeddable":true,"href":"https:\/\/www.nikki.amsterdam\/fr\/wp-json\/wp\/v2\/media\/6809"}],"wp:attachment":[{"href":"https:\/\/www.nikki.amsterdam\/fr\/wp-json\/wp\/v2\/media?parent=6377"}],"wp:term":[{"taxonomy":"product_brand","embeddable":true,"href":"https:\/\/www.nikki.amsterdam\/fr\/wp-json\/wp\/v2\/product_brand?post=6377"},{"taxonomy":"product_cat","embeddable":true,"href":"https:\/\/www.nikki.amsterdam\/fr\/wp-json\/wp\/v2\/product_cat?post=6377"},{"taxonomy":"product_tag","embeddable":true,"href":"https:\/\/www.nikki.amsterdam\/fr\/wp-json\/wp\/v2\/product_tag?post=6377"}],"curies":[{"name":"wp","href":"https:\/\/api.w.org\/{rel}","templated":true}]}}