{"id":6381,"date":"2025-01-27T11:02:11","date_gmt":"2025-01-27T10:02:11","guid":{"rendered":"https:\/\/www.nikki.amsterdam\/?post_type=product&#038;p=6381"},"modified":"2026-04-28T11:31:39","modified_gmt":"2026-04-28T09:31:39","slug":"the-bar-table","status":"publish","type":"product","link":"https:\/\/www.nikki.amsterdam\/fr\/produit\/lampes\/lampes-de-haut-parleur\/the-bar-table\/","title":{"rendered":"The.Bar Table"},"content":{"rendered":"<h2><strong>Comment fonctionne The.Bar Table ?<\/strong><\/h2>\n<h2><strong>Haut-parleur Bluetooth<\/strong><\/h2>\n<p>Le c\u00e2ble fourni permet de charger The.Bar Table et de l'utiliser ensuite sans fil. Connectez votre t\u00e9l\u00e9phone \u00e0 The.Bar Table via bluetooth et jouez votre propre liste de lecture. Gr\u00e2ce au haut-parleur de haute qualit\u00e9 situ\u00e9 en bas de la table, vous serez \u00e9tonn\u00e9 par le son.<\/p>\n<h2><strong>\u00c9clairage multicolore<\/strong><\/h2>\n<p>Blanc chaud ou multicolore, \u00e0 vous de choisir ! Il y a une couleur pour chaque humeur. Laissez les couleurs s'estomper au rythme de la musique, en mode fondu silencieux, ou choisissez une couleur unique fixe.<\/p>\n<h2><strong>Application<\/strong><\/h2>\n<p>T\u00e9l\u00e9chargez gratuitement notre propre application Nikki.Amsterdam qui vous permet de contr\u00f4ler \u00e0 la fois la lumi\u00e8re et le son. Utilisez votre propre liste de lecture ou mettez votre station de radio pr\u00e9f\u00e9r\u00e9e. Les possibilit\u00e9s sont infinies. Vous pouvez relier plusieurs lanternes ensemble pour cr\u00e9er la m\u00eame lumi\u00e8re et le m\u00eame son partout. Vous poss\u00e9dez d\u00e9j\u00e0 l'un de nos autres produits LED avec haut-parleur ? Ils peuvent eux aussi \u00eatre connect\u00e9s \u00e0 The.Lampion !<\/p>\n<h2><strong>Refroidisseur \u00e0 vin<\/strong><\/h2>\n<p>La table de bar est assez grande pour refroidir 12 bouteilles de vin ou de champagne. Vous remplissez la cavit\u00e9 centrale avec de la glace. L'eau glac\u00e9e peut ensuite \u00eatre \u00e9vacu\u00e9e en retirant le drain situ\u00e9 au bas de la table de bar. La table debout est dot\u00e9e d'un \u00e9l\u00e9gant rebord en acier bross\u00e9 sur lequel vous pouvez poser votre boisson. Les roues (avec frein) situ\u00e9es en bas facilitent le d\u00e9placement de la table The.Bar Table.<\/p>","protected":false},"excerpt":{"rendered":"Table \u00e9clair\u00e9e par LED avec haut-parleur Bluetooth et niche pour rafra\u00eechir les bouteilles de vin. Un mod\u00e8le de style pour vos f\u00eates de maison et de jardin ou vos r\u00e9unions (d'entreprise).\r\n\r\n<em>Attention ! Des frais de port s'appliquent \u00e0 cette table de bar, en fonction de la destination. N'h\u00e9sitez pas \u00e0 nous contacter \u00e0 <a rel=\"noopener\" data-start=\"861\" data-end=\"882\">sales@nikki.amsterdam<\/a>nous nous ferons un plaisir de vous aider \u00e0 effectuer un calcul ad\u00e9quat.<\/em>","protected":false},"featured_media":12080,"template":"","meta":{"_acf_changed":false},"product_brand":[],"product_cat":[219,106],"product_tag":[],"class_list":{"0":"post-6381","1":"product","2":"type-product","3":"status-publish","4":"has-post-thumbnail","6":"product_cat-speaker-lampen","7":"product_cat-wijnkoeler-lampen","9":"first","10":"instock","11":"sale","12":"taxable","13":"shipping-taxable","14":"purchasable","15":"product-type-simple"},"composite_virtual":false,"composite_layout":"","composite_add_to_cart_form_location":"","composite_editable_in_cart":false,"composite_sold_individually_context":"","composite_shop_price_calc":"","composite_components":[],"composite_scenarios":[],"exclude_global_add_ons":[],"addons":[],"acf":[],"yoast_head":null,"yoast_head_json":null,"_links":{"self":[{"href":"https:\/\/www.nikki.amsterdam\/fr\/wp-json\/wp\/v2\/product\/6381","targetHints":{"allow":["GET"]}}],"collection":[{"href":"https:\/\/www.nikki.amsterdam\/fr\/wp-json\/wp\/v2\/product"}],"about":[{"href":"https:\/\/www.nikki.amsterdam\/fr\/wp-json\/wp\/v2\/types\/product"}],"wp:featuredmedia":[{"embeddable":true,"href":"https:\/\/www.nikki.amsterdam\/fr\/wp-json\/wp\/v2\/media\/12080"}],"wp:attachment":[{"href":"https:\/\/www.nikki.amsterdam\/fr\/wp-json\/wp\/v2\/media?parent=6381"}],"wp:term":[{"taxonomy":"product_brand","embeddable":true,"href":"https:\/\/www.nikki.amsterdam\/fr\/wp-json\/wp\/v2\/product_brand?post=6381"},{"taxonomy":"product_cat","embeddable":true,"href":"https:\/\/www.nikki.amsterdam\/fr\/wp-json\/wp\/v2\/product_cat?post=6381"},{"taxonomy":"product_tag","embeddable":true,"href":"https:\/\/www.nikki.amsterdam\/fr\/wp-json\/wp\/v2\/product_tag?post=6381"}],"curies":[{"name":"wp","href":"https:\/\/api.w.org\/{rel}","templated":true}]}}