{"id":6382,"date":"2025-01-27T11:02:12","date_gmt":"2025-01-27T10:02:12","guid":{"rendered":"https:\/\/www.nikki.amsterdam\/?post_type=product&#038;p=6382"},"modified":"2026-04-28T11:29:12","modified_gmt":"2026-04-28T09:29:12","slug":"the-diffuser","status":"publish","type":"product","link":"https:\/\/www.nikki.amsterdam\/fr\/produit\/lampes\/autres-lampes\/the-diffuser\/","title":{"rendered":"The.Diffuser"},"content":{"rendered":"<h2><strong>Humidificateur<\/strong><\/h2>\n<p>Le diffuseur fonctionne sur secteur. Par un trou situ\u00e9 en haut de The.Diffuser, la brume est souffl\u00e9e vers le haut, humidifiant la pi\u00e8ce et aidant \u00e0 pr\u00e9venir la s\u00e9cheresse de l'air. La brumisation peut \u00eatre r\u00e9gl\u00e9e \u00e0 l'aide des boutons situ\u00e9s sur le diffuseur ou via l'application gratuite Smart Life.<\/p>\n<h2><strong>Aromath\u00e9rapie<\/strong><\/h2>\n<p>Le Diffuseur est livr\u00e9 avec 6 flacons d'huiles essentielles. En ajoutant quelques gouttes d'huile \u00e0 l'eau, un parfum agr\u00e9able est diffus\u00e9 gr\u00e2ce \u00e0 la technologie des ultrasons. Les odeurs ind\u00e9sirables sont ainsi dissip\u00e9es. En outre, les odeurs influencent nos \u00e9motions : certaines odeurs nous rendent joyeux, alertes ou d\u00e9tendus. Les senteurs peuvent \u00e9galement aider \u00e0 lutter contre la congestion nasale ou les maux de t\u00eate.<\/p>\n<h2><strong>\u00c9clairage multicolore<\/strong><\/h2>\n<p>Blanc chaud ou multicolore, \u00e0 vous de choisir ! Il y a une couleur pour chaque humeur. Choisissez une couleur fixe, un mode de fondu calme ou laissez la lumi\u00e8re s'\u00e9chelonner. Les couleurs peuvent \u00eatre r\u00e9gl\u00e9es \u00e0 l'aide des boutons situ\u00e9s sur le diffuseur ou via l'application gratuite Smart Life.<\/p>","protected":false},"excerpt":{"rendered":"Le diffuseur est un <strong>humidificateur<\/strong> et <strong>\u00e9vaporateur d'odeurs<\/strong> \u00e9quip\u00e9 d'un \u00e9clairage LED color\u00e9. Ce vaporisateur d'ar\u00f4mes est livr\u00e9 avec une bo\u00eete contenant 6 flacons d'huiles \u00e9thiques.","protected":false},"featured_media":12078,"template":"","meta":{"_acf_changed":false},"product_brand":[],"product_cat":[107],"product_tag":[],"class_list":{"0":"post-6382","1":"product","2":"type-product","3":"status-publish","4":"has-post-thumbnail","6":"product_cat-overige-lampen","8":"first","9":"instock","10":"sale","11":"taxable","12":"shipping-taxable","13":"purchasable","14":"product-type-variable"},"composite_virtual":false,"composite_layout":"","composite_add_to_cart_form_location":"","composite_editable_in_cart":false,"composite_sold_individually_context":"","composite_shop_price_calc":"","composite_components":[],"composite_scenarios":[],"exclude_global_add_ons":[],"addons":[],"acf":[],"yoast_head":null,"yoast_head_json":null,"_links":{"self":[{"href":"https:\/\/www.nikki.amsterdam\/fr\/wp-json\/wp\/v2\/product\/6382","targetHints":{"allow":["GET"]}}],"collection":[{"href":"https:\/\/www.nikki.amsterdam\/fr\/wp-json\/wp\/v2\/product"}],"about":[{"href":"https:\/\/www.nikki.amsterdam\/fr\/wp-json\/wp\/v2\/types\/product"}],"wp:featuredmedia":[{"embeddable":true,"href":"https:\/\/www.nikki.amsterdam\/fr\/wp-json\/wp\/v2\/media\/12078"}],"wp:attachment":[{"href":"https:\/\/www.nikki.amsterdam\/fr\/wp-json\/wp\/v2\/media?parent=6382"}],"wp:term":[{"taxonomy":"product_brand","embeddable":true,"href":"https:\/\/www.nikki.amsterdam\/fr\/wp-json\/wp\/v2\/product_brand?post=6382"},{"taxonomy":"product_cat","embeddable":true,"href":"https:\/\/www.nikki.amsterdam\/fr\/wp-json\/wp\/v2\/product_cat?post=6382"},{"taxonomy":"product_tag","embeddable":true,"href":"https:\/\/www.nikki.amsterdam\/fr\/wp-json\/wp\/v2\/product_tag?post=6382"}],"curies":[{"name":"wp","href":"https:\/\/api.w.org\/{rel}","templated":true}]}}