{"id":6386,"date":"2025-01-27T11:02:13","date_gmt":"2025-01-27T10:02:13","guid":{"rendered":"https:\/\/www.nikki.amsterdam\/?post_type=product&#038;p=6386"},"modified":"2025-10-22T10:39:44","modified_gmt":"2025-10-22T08:39:44","slug":"the-powerbank","status":"publish","type":"product","link":"https:\/\/www.nikki.amsterdam\/fr\/produit\/accessoires\/the-powerbank\/","title":{"rendered":"The.Powerbank"},"content":{"rendered":"<p>Tous nos produits sont livr\u00e9s avec leur propre banque d'alimentation. Il est sp\u00e9cialement adapt\u00e9 \u00e0 la taille du produit et au nombre correspondant d'\u00e9l\u00e9ments chauffants. Dans les sp\u00e9cifications de chaque produit, vous trouverez la banque d'alimentation standard fournie. Si celui-ci doit \u00eatre remplac\u00e9 ou si vous souhaitez en avoir un de rechange, conservez le m\u00eame powerbank. Nous recommandons d'utiliser nos powerbanks avec nos produits, sinon nous ne pouvons malheureusement pas offrir de garantie.<\/p>\n<p>Les Powerbank (16 000 et 20 000 mAh) sont dot\u00e9es de 2 ports USB A et d'un port USB-C. Cela vous permet de charger et\/ou d'utiliser plusieurs appareils simultan\u00e9ment. La powerbank est livr\u00e9e avec un c\u00e2ble pour la recharge.<\/p>\n<p>Le.Powerbank est dot\u00e9 de 4 voyants LED qui vous permettent de voir si la batterie est pleine et si votre appareil est en train de se recharger.<\/p>","protected":false},"excerpt":{"rendered":"La Powerbank de Nikki.Amsterdam est une batterie rechargeable disponible en diff\u00e9rentes capacit\u00e9s : 10 000 mAh, 16 000 mAh et 20 000 mAh.","protected":false},"featured_media":8151,"template":"","meta":{"_acf_changed":false},"product_brand":[],"product_cat":[222],"product_tag":[],"class_list":{"0":"post-6386","1":"product","2":"type-product","3":"status-publish","4":"has-post-thumbnail","6":"product_cat-accessoires","7":"product_shipping_class-accessoires","9":"first","10":"instock","11":"taxable","12":"shipping-taxable","13":"purchasable","14":"product-type-variable"},"composite_virtual":false,"composite_layout":"","composite_add_to_cart_form_location":"","composite_editable_in_cart":false,"composite_sold_individually_context":"","composite_shop_price_calc":"","composite_components":[],"composite_scenarios":[],"exclude_global_add_ons":[],"addons":[],"acf":[],"yoast_head":null,"yoast_head_json":null,"_links":{"self":[{"href":"https:\/\/www.nikki.amsterdam\/fr\/wp-json\/wp\/v2\/product\/6386","targetHints":{"allow":["GET"]}}],"collection":[{"href":"https:\/\/www.nikki.amsterdam\/fr\/wp-json\/wp\/v2\/product"}],"about":[{"href":"https:\/\/www.nikki.amsterdam\/fr\/wp-json\/wp\/v2\/types\/product"}],"wp:featuredmedia":[{"embeddable":true,"href":"https:\/\/www.nikki.amsterdam\/fr\/wp-json\/wp\/v2\/media\/8151"}],"wp:attachment":[{"href":"https:\/\/www.nikki.amsterdam\/fr\/wp-json\/wp\/v2\/media?parent=6386"}],"wp:term":[{"taxonomy":"product_brand","embeddable":true,"href":"https:\/\/www.nikki.amsterdam\/fr\/wp-json\/wp\/v2\/product_brand?post=6386"},{"taxonomy":"product_cat","embeddable":true,"href":"https:\/\/www.nikki.amsterdam\/fr\/wp-json\/wp\/v2\/product_cat?post=6386"},{"taxonomy":"product_tag","embeddable":true,"href":"https:\/\/www.nikki.amsterdam\/fr\/wp-json\/wp\/v2\/product_tag?post=6386"}],"curies":[{"name":"wp","href":"https:\/\/api.w.org\/{rel}","templated":true}]}}