{"id":6389,"date":"2025-01-27T11:02:14","date_gmt":"2025-01-27T10:02:14","guid":{"rendered":"https:\/\/www.nikki.amsterdam\/?post_type=product&#038;p=6389"},"modified":"2026-03-06T11:31:48","modified_gmt":"2026-03-06T10:31:48","slug":"the-wrap-duo","status":"publish","type":"product","link":"https:\/\/www.nikki.amsterdam\/fr\/produit\/offres-combinees\/the-wrap-duo\/","title":{"rendered":"The.Wrap Duo"},"content":{"rendered":"<h2>Cet ensemble de prestations comprend<\/h2>\n<p>\u2714 2 x The.Wrap<br \/>\n\u2714 2 x banque d'alimentation accompagnante de 10 000 mAh (50 Wh)<br \/>\n\u2714 Guide rapide pour une mise en service rapide<\/p>\n<p>L'enveloppe (55 x 40 cm) est un coussin chauffant \u00e0 infrarouge \u00e0 3 fonctions. Vous l'utilisez comme coussin d'assise, mais en enroulant le coussin vers l'ext\u00e9rieur ou vers l'int\u00e9rieur, il peut \u00e9galement servir de bouillotte ou de chauffe-mains. Le coussin enroul\u00e9 est fix\u00e9 \u00e0 l'aide d'une fermeture \u00e9clair double face.<\/p>\n<h2><strong>Heures de chaleur<\/strong><\/h2>\n<p>L'enveloppe est dot\u00e9e de deux \u00e9l\u00e9ments chauffants qui assurent une distribution optimale de la chaleur. Vous b\u00e9n\u00e9ficiez ainsi de la chaleur l\u00e0 o\u00f9 vous en avez besoin. Utilisez le bouton situ\u00e9 \u00e0 l'ext\u00e9rieur pour choisir votre chaleur personnelle. Gr\u00e2ce \u00e0 la puissante batterie de 10 000 mAh (50Wh), vous pouvez profiter de jusqu'\u00e0 10 heures de chaleur confortable sans fil. La housse ext\u00e9rieure est lavable en machine.<\/p>\n<p>Vous avez le choix entre 3 r\u00e9glages de chaleur diff\u00e9rents :<\/p>\n<p>Rouge | Interne 58\u00b0C | Tactile 45\u00b0C | Dur\u00e9e de fonctionnement 6 heures<\/p>\n<p>Bleu | interne 50\u00b0C | tactile 40\u00b0C | dur\u00e9e de fonctionnement 8 heures<\/p>\n<p>Vert | interne 45\u00b0C | tactile 38\u00b0C | dur\u00e9e de fonctionnement 10 heures<\/p>\n<h2><strong>Mat\u00e9riau<\/strong><\/h2>\n<p>L'\u00e9charpe a un facteur de c\u00e2linage \u00e9lev\u00e9 et est fabriqu\u00e9e en polaire Teddy tr\u00e8s douce. La housse ext\u00e9rieure peut \u00eatre lav\u00e9e en machine.<\/p>\n<p>Une fois enroul\u00e9 vers l'int\u00e9rieur ou l'ext\u00e9rieur, fixez l'oreiller \u00e0 l'aide d'une fermeture \u00e9clair double face. Vous obtiendrez ainsi une bouillotte ou un chauffe-mains.<\/p>\n<h2><strong>T<\/strong><strong>he.Wrap comme coussin de si\u00e8ge<\/strong><\/h2>\n<p>L'enveloppe n'est pas trop ferme et est m\u00eame un peu moelleuse. Il est agr\u00e9able de s'y asseoir pour travailler \u00e0 la maison ou dans le jardin.<\/p>\n<h2><strong>L'\u00e9charpe comme chauffe-mains<\/strong><\/h2>\n<p>Enroulez le coussin vers l'ext\u00e9rieur et fixez-le \u00e0 l'aide de la fermeture \u00e9clair. Placez ensuite vos mains de part et d'autre du rouleau et vous sentirez non seulement la douceur du tissu, mais aussi la merveilleuse chaleur qui s'en d\u00e9gage.<\/p>\n<h2><strong>L'\u00e9charpe comme pot ou oreiller de cou<\/strong><\/h2>\n<p>Roulez le coussin vers l'int\u00e9rieur et fixez-le avec la fermeture \u00e9clair. L'ext\u00e9rieur est maintenant chauff\u00e9. Une chaleur agr\u00e9able pour le lit ou pour les muscles endoloris de la nuque.<\/p>\n<h2><strong>S\u00e9curit\u00e9<\/strong><\/h2>\n<p>Tous nos produits sont test\u00e9s de mani\u00e8re approfondie et portent les labels de qualit\u00e9 n\u00e9cessaires. La batterie est prot\u00e9g\u00e9e contre la surchauffe et s'\u00e9teint lorsqu'elle devient trop chaude. La technologie infrarouge est s\u00fbre pour une utilisation \u00e0 long terme.<\/p>","protected":false},"excerpt":{"rendered":"Emballage de prestations avec 2 x The.Wrap (55 x 40 cm). Doublez la chaleur et le confort. Peut \u00eatre utilis\u00e9 comme bouillotte, coussin de si\u00e8ge et chauffe-mains.\r\n\r\nEn vrac \u20ac89,-\r\nOffre combin\u00e9e normalement \u20ac179,-\r\n<strong>En vente \u20ac149<\/strong>\r\n\r\n<strong>Economisez 30<\/strong>\r\n\r\n&nbsp;","protected":false},"featured_media":12085,"template":"","meta":{"_acf_changed":false},"product_brand":[],"product_cat":[221,330],"product_tag":[513],"class_list":{"0":"post-6389","1":"product","2":"type-product","3":"status-publish","4":"has-post-thumbnail","6":"product_cat-combideals","7":"product_cat-combideals-warmteproducten","8":"product_tag-startersdeal","10":"first","11":"instock","12":"sale","13":"taxable","14":"shipping-taxable","15":"purchasable","16":"product-type-variable"},"composite_virtual":false,"composite_layout":"","composite_add_to_cart_form_location":"","composite_editable_in_cart":false,"composite_sold_individually_context":"","composite_shop_price_calc":"","composite_components":[],"composite_scenarios":[],"exclude_global_add_ons":[],"addons":[],"acf":[],"yoast_head":null,"yoast_head_json":null,"_links":{"self":[{"href":"https:\/\/www.nikki.amsterdam\/fr\/wp-json\/wp\/v2\/product\/6389","targetHints":{"allow":["GET"]}}],"collection":[{"href":"https:\/\/www.nikki.amsterdam\/fr\/wp-json\/wp\/v2\/product"}],"about":[{"href":"https:\/\/www.nikki.amsterdam\/fr\/wp-json\/wp\/v2\/types\/product"}],"wp:featuredmedia":[{"embeddable":true,"href":"https:\/\/www.nikki.amsterdam\/fr\/wp-json\/wp\/v2\/media\/12085"}],"wp:attachment":[{"href":"https:\/\/www.nikki.amsterdam\/fr\/wp-json\/wp\/v2\/media?parent=6389"}],"wp:term":[{"taxonomy":"product_brand","embeddable":true,"href":"https:\/\/www.nikki.amsterdam\/fr\/wp-json\/wp\/v2\/product_brand?post=6389"},{"taxonomy":"product_cat","embeddable":true,"href":"https:\/\/www.nikki.amsterdam\/fr\/wp-json\/wp\/v2\/product_cat?post=6389"},{"taxonomy":"product_tag","embeddable":true,"href":"https:\/\/www.nikki.amsterdam\/fr\/wp-json\/wp\/v2\/product_tag?post=6389"}],"curies":[{"name":"wp","href":"https:\/\/api.w.org\/{rel}","templated":true}]}}