{"id":6390,"date":"2025-01-27T11:02:14","date_gmt":"2025-01-27T10:02:14","guid":{"rendered":"https:\/\/www.nikki.amsterdam\/?post_type=product&#038;p=6390"},"modified":"2026-03-06T11:24:27","modified_gmt":"2026-03-06T10:24:27","slug":"the-plaid-powerplus","status":"publish","type":"product","link":"https:\/\/www.nikki.amsterdam\/fr\/produit\/offres-combinees\/the-plaid-powerplus\/","title":{"rendered":"The.Plaid Powerplus"},"content":{"rendered":"<h2>Cet ensemble de prestations comprend<\/h2>\n<p>The Plaid Original (avec powerbank)<br \/>\n\u2714 Banque d'\u00e9nergie suppl\u00e9mentaire 20 000 mAh (100 Wh)<br \/>\n\u2714 sangle de transport en cuir<br \/>\n\u2714 Guide rapide pour une mise en service rapide<\/p>\n<h2><strong>The.Plaid Original<\/strong><\/h2>\n<p>Enveloppez-vous de chaleur ! Notre couverture chauffante sans fil The.Plaid est suffisamment grande pour s'y blottir (150 x 130 cm). Avec 8 \u00e9l\u00e9ments chauffants r\u00e9partis uniform\u00e9ment sur la couverture, vous serez r\u00e9chauff\u00e9 exactement l\u00e0 o\u00f9 votre corps en a besoin. Avec 3 niveaux de chaleur r\u00e9glables, vous pouvez choisir la chaleur que vous pr\u00e9f\u00e9rez, jusqu'\u00e0 10 heures gr\u00e2ce au bloc d'alimentation inclus.<br \/>\nUne attention particuli\u00e8re a \u00e9t\u00e9 port\u00e9e \u00e0 la douceur et \u00e0 la qualit\u00e9 du tissu. Le Plaid est fabriqu\u00e9 dans une adorable polaire Teddy dont la couverture ext\u00e9rieure est lavable en machine. M\u00eame apr\u00e8s de nombreux lavages, la couverture reste tr\u00e8s douce. Cette douceur, combin\u00e9e \u00e0 des heures de chaleur, est un pur plaisir.<\/p>\n<h2><strong>The.Powerbank<\/strong><\/h2>\n<p>La.Powerbank de 20 000 mAh est dot\u00e9e de 2 ports USB A et d'un port USB-C. Cela vous permet de charger et\/ou d'utiliser plusieurs appareils simultan\u00e9ment. La powerbank est livr\u00e9e avec un c\u00e2ble pour la recharge.<\/p>\n<p>Le.Powerbank est dot\u00e9 de 4 voyants LED qui vous permettent de voir si la batterie est pleine et si votre appareil est en train de se recharger.<\/p>\n<h2><strong>Heures de chaleur<\/strong><\/h2>\n<p>L'Oriiginal.Plaid est livr\u00e9 avec un puissant powerbank de 20 000 mAh (100 Wh). Avec cet emballage, vous recevez un powerbank suppl\u00e9mentaire pour un plaisir encore plus long ou comme r\u00e9serve. Le bouton situ\u00e9 \u00e0 l'ext\u00e9rieur de The.Plaid Original vous permet de choisir votre chaleur personnelle pour une dur\u00e9e maximale de 14 heures.<\/p>\n<p>Vous avez le choix entre 3 r\u00e9glages de chaleur diff\u00e9rents :<\/p>\n<ul>\n<li><strong>Rouge<\/strong> | Dur\u00e9e de fonctionnement : 6 heures.<\/li>\n<li><strong>Bleu<\/strong> | interne 50\u00b0C | tactile 40\u00b0C | dur\u00e9e de fonctionnement 8 heures<\/li>\n<li><strong>Vert<\/strong> | interne 45\u00b0C | tactile 38\u00b0C | dur\u00e9e de fonctionnement 10 heures<\/li>\n<\/ul>\n<h2><strong>Nos avantages<\/strong><\/h2>\n<ul>\n<li><strong>Qualit\u00e9 sup\u00e9rieure : <\/strong>Fabriqu\u00e9s \u00e0 partir de mat\u00e9riaux de haute qualit\u00e9 et dot\u00e9s d'une technologie infrarouge avanc\u00e9e. Nos produits de chauffage ne sont pas seulement luxueux, ils sont aussi tr\u00e8s performants, jour apr\u00e8s jour, saison apr\u00e8s saison.<\/li>\n<li><strong>Longue dur\u00e9e de vie, sans mise \u00e0 niveau co\u00fbteuse : <\/strong>La batterie puissante dure beaucoup plus longtemps que ce \u00e0 quoi vous \u00eates habitu\u00e9. Pas besoin d'accessoires suppl\u00e9mentaires ou de compl\u00e9ments co\u00fbteux - chez nous, le confort durable fait partie de l'\u00e9quipement de s\u00e9rie.<\/li>\n<li><strong>Une chaleur compl\u00e8te et durable : <\/strong>Gr\u00e2ce aux multiples \u00e9l\u00e9ments chauffants r\u00e9partis sur toute la surface, vous b\u00e9n\u00e9ficiez d'une chaleur infrarouge constante et agr\u00e9able, non seulement \u00e0 un endroit, mais partout o\u00f9 vous la ressentez. De plus, c'est vous qui \u00eates chauff\u00e9 et non l'environnement, ce qui permet de baisser le chauffage d'un degr\u00e9 !<\/li>\n<li><strong>Prix \u00e9quitable, chauffage \u00e9quitable : <\/strong>Nous investissons dans la qualit\u00e9, pas dans un marketing co\u00fbteux ou un emballage superflu. Ainsi, nos prix restent justes et nous sommes transparents en ce qui concerne la chaleur r\u00e9elle.<\/li>\n<\/ul>","protected":false},"excerpt":{"rendered":"Pack avantage avec The.Plaid Original et un power bank suppl\u00e9mentaire au prix r\u00e9duit de 50%. Un pour une utilisation imm\u00e9diate et un de rechange. Profitez tr\u00e8s longtemps de la chaleur \u00e0 tout moment et en tout lieu.","protected":false},"featured_media":12083,"template":"","meta":{"_acf_changed":false},"product_brand":[],"product_cat":[221,330],"product_tag":[515],"class_list":{"0":"post-6390","1":"product","2":"type-product","3":"status-publish","4":"has-post-thumbnail","6":"product_cat-combideals","7":"product_cat-combideals-warmteproducten","8":"product_tag-power-pack","10":"first","11":"instock","12":"sale","13":"taxable","14":"shipping-taxable","15":"purchasable","16":"product-type-variable"},"composite_virtual":false,"composite_layout":"","composite_add_to_cart_form_location":"","composite_editable_in_cart":false,"composite_sold_individually_context":"","composite_shop_price_calc":"","composite_components":[],"composite_scenarios":[],"exclude_global_add_ons":[],"addons":[],"acf":[],"yoast_head":null,"yoast_head_json":null,"_links":{"self":[{"href":"https:\/\/www.nikki.amsterdam\/fr\/wp-json\/wp\/v2\/product\/6390","targetHints":{"allow":["GET"]}}],"collection":[{"href":"https:\/\/www.nikki.amsterdam\/fr\/wp-json\/wp\/v2\/product"}],"about":[{"href":"https:\/\/www.nikki.amsterdam\/fr\/wp-json\/wp\/v2\/types\/product"}],"wp:featuredmedia":[{"embeddable":true,"href":"https:\/\/www.nikki.amsterdam\/fr\/wp-json\/wp\/v2\/media\/12083"}],"wp:attachment":[{"href":"https:\/\/www.nikki.amsterdam\/fr\/wp-json\/wp\/v2\/media?parent=6390"}],"wp:term":[{"taxonomy":"product_brand","embeddable":true,"href":"https:\/\/www.nikki.amsterdam\/fr\/wp-json\/wp\/v2\/product_brand?post=6390"},{"taxonomy":"product_cat","embeddable":true,"href":"https:\/\/www.nikki.amsterdam\/fr\/wp-json\/wp\/v2\/product_cat?post=6390"},{"taxonomy":"product_tag","embeddable":true,"href":"https:\/\/www.nikki.amsterdam\/fr\/wp-json\/wp\/v2\/product_tag?post=6390"}],"curies":[{"name":"wp","href":"https:\/\/api.w.org\/{rel}","templated":true}]}}