{"id":6408,"date":"2025-01-27T11:02:27","date_gmt":"2025-01-27T10:02:27","guid":{"rendered":"https:\/\/www.nikki.amsterdam\/?post_type=product&#038;p=6408"},"modified":"2026-02-28T13:11:03","modified_gmt":"2026-02-28T12:11:03","slug":"the-cushion-comfort","status":"publish","type":"product","link":"https:\/\/www.nikki.amsterdam\/fr\/produit\/offres-combinees\/the-cushion-comfort\/","title":{"rendered":"The.Cushion Comfort"},"content":{"rendered":"<h2>Cet ensemble de prestations comprend<\/h2>\n<p>2 coussins chauffants diff\u00e9rents aux propri\u00e9t\u00e9s uniques<br \/>\nThe.Wrap - coussin chauffant multifonctionnel \u00e0 utiliser comme bouillotte, chauffe-mains et oreiller cervical<br \/>\n\u2714 The.Pillow - oreiller chauffant bien rembourr\u00e9, id\u00e9al pour tenir ou pour le dos<br \/>\n\u2714 Banque d'alimentation 10 000 mAh assortie (50 Wh)<br \/>\n\u2714 Banque d'\u00e9nergie assortie de 16 000 mAh (80 Wh)<br \/>\n\u2714 Guide rapide pour une mise en service rapide<\/p>\n<h2><strong>The.Wrap<\/strong><\/h2>\n<p>L'enveloppe (55 x 40 cm) est un coussin chauffant \u00e0 infrarouge qui a trois fonctions : coussin d'assise, bouillotte et chauffe-mains. Pour ce faire, il suffit de plier le coussin vers l'int\u00e9rieur ou l'ext\u00e9rieur et de le fixer \u00e0 l'aide d'une fermeture \u00e0 glissi\u00e8re double face. Avec 2 \u00e9l\u00e9ments chauffants et une batterie sans fil de 10 000 mAh (50 Wh), vous serez r\u00e9chauff\u00e9 jusqu'\u00e0 58\u00b0C de chaleur interne pendant 10 heures.<\/p>\n<h2><strong>The.Pillow<\/strong><\/h2>\n<p>L'Oreiller (60 x 45 cm) est un oreiller chauffant \u00e0 infrarouge dot\u00e9 de 4 \u00e9l\u00e9ments chauffants qui chauffent exactement l\u00e0 o\u00f9 vous en avez besoin. Il s'agit d'un oreiller ferme et rembourr\u00e9, ce qui permet de le serrer confortablement pour r\u00e9chauffer votre corps. Vous pouvez \u00e9galement l'utiliser comme oreiller dans votre chambre \u00e0 coucher. Avec 4 \u00e9l\u00e9ments chauffants et une batterie sans fil de 16 000 mAh (80 Wh), vous serez chauff\u00e9 pendant 14 heures jusqu'\u00e0 une temp\u00e9rature interne de 58\u00b0C.<\/p>\n<p>Vous avez le choix entre 3 r\u00e9glages de chaleur diff\u00e9rents :<\/p>\n<ul>\n<li><strong>Rouge<\/strong> | La dur\u00e9e d'utilisation de l'enveloppe est de 6 heures, celle de l'oreiller de 10 heures.<\/li>\n<li><strong>Bleu<\/strong> | La dur\u00e9e d'utilisation de l'enveloppe est de 8 heures, celle de l'oreiller de 12 heures.<\/li>\n<li><strong>Vert<\/strong> | Dur\u00e9e d'utilisation de l'enveloppe 10 heures, de l'oreiller 14 heures.<\/li>\n<\/ul>\n<h2><strong>S\u00e9curit\u00e9<\/strong><\/h2>\n<p>Tous nos produits sont test\u00e9s de mani\u00e8re approfondie et portent les labels de qualit\u00e9 n\u00e9cessaires. La batterie est prot\u00e9g\u00e9e contre la surchauffe et s'\u00e9teint lorsqu'elle devient trop chaude.<\/p>","protected":false},"excerpt":{"rendered":"Pack de prestations avec 2 coussins chauffants : The.Pillow et The.Wrap (- 33%). Tous deux merveilleusement confortables avec une chaleur interne allant jusqu'\u00e0 58\u00b0C, mais avec des caract\u00e9ristiques uniques diff\u00e9rentes. Combinez-les et profitez-en !","protected":false},"featured_media":8002,"template":"","meta":{"_acf_changed":false},"product_brand":[],"product_cat":[221,330],"product_tag":[],"class_list":{"0":"post-6408","1":"product","2":"type-product","3":"status-publish","4":"has-post-thumbnail","6":"product_cat-combideals","7":"product_cat-combideals-warmteproducten","9":"first","10":"instock","11":"sale","12":"taxable","13":"shipping-taxable","14":"purchasable","15":"product-type-variable"},"composite_virtual":false,"composite_layout":"","composite_add_to_cart_form_location":"","composite_editable_in_cart":false,"composite_sold_individually_context":"","composite_shop_price_calc":"","composite_components":[],"composite_scenarios":[],"exclude_global_add_ons":[],"addons":[],"acf":[],"yoast_head":null,"yoast_head_json":null,"_links":{"self":[{"href":"https:\/\/www.nikki.amsterdam\/fr\/wp-json\/wp\/v2\/product\/6408","targetHints":{"allow":["GET"]}}],"collection":[{"href":"https:\/\/www.nikki.amsterdam\/fr\/wp-json\/wp\/v2\/product"}],"about":[{"href":"https:\/\/www.nikki.amsterdam\/fr\/wp-json\/wp\/v2\/types\/product"}],"wp:featuredmedia":[{"embeddable":true,"href":"https:\/\/www.nikki.amsterdam\/fr\/wp-json\/wp\/v2\/media\/8002"}],"wp:attachment":[{"href":"https:\/\/www.nikki.amsterdam\/fr\/wp-json\/wp\/v2\/media?parent=6408"}],"wp:term":[{"taxonomy":"product_brand","embeddable":true,"href":"https:\/\/www.nikki.amsterdam\/fr\/wp-json\/wp\/v2\/product_brand?post=6408"},{"taxonomy":"product_cat","embeddable":true,"href":"https:\/\/www.nikki.amsterdam\/fr\/wp-json\/wp\/v2\/product_cat?post=6408"},{"taxonomy":"product_tag","embeddable":true,"href":"https:\/\/www.nikki.amsterdam\/fr\/wp-json\/wp\/v2\/product_tag?post=6408"}],"curies":[{"name":"wp","href":"https:\/\/api.w.org\/{rel}","templated":true}]}}