{"id":6412,"date":"2025-01-27T11:02:29","date_gmt":"2025-01-27T10:02:29","guid":{"rendered":"https:\/\/www.nikki.amsterdam\/?post_type=product&#038;p=6412"},"modified":"2025-12-15T13:37:08","modified_gmt":"2025-12-15T12:37:08","slug":"the-wrap-refurbished","status":"publish","type":"product","link":"https:\/\/www.nikki.amsterdam\/fr\/produit\/refurbished\/the-wrap-refurbished\/","title":{"rendered":"The.Wrap Refurbished"},"content":{"rendered":"<h2>Comment fonctionne The.Wrap Refurbished ?<\/h2>\n<p>Nos produits remis \u00e0 neuf ont \u00e9t\u00e9 enti\u00e8rement v\u00e9rifi\u00e9s et \u00e9quip\u00e9s de nouvelles pi\u00e8ces si n\u00e9cessaire.<br \/>\nL'enveloppe (55 x 40 cm) est un coussin chauffant \u00e0 infrarouge \u00e0 3 fonctions. Vous l'utilisez comme coussin d'assise, mais en enroulant le coussin vers l'ext\u00e9rieur ou vers l'int\u00e9rieur, il peut \u00e9galement servir de bouillotte ou de chauffe-mains. Le coussin enroul\u00e9 est fix\u00e9 \u00e0 l'aide d'une fermeture \u00e9clair double face.<\/p>\n<h2><strong>3 niveaux de chaleur, 1 pile, 2 \u00e9l\u00e9ments chauffants<\/strong><\/h2>\n<p>L'enveloppe est dot\u00e9e de deux \u00e9l\u00e9ments chauffants qui assurent une distribution optimale de la chaleur. Vous b\u00e9n\u00e9ficiez ainsi de la chaleur l\u00e0 o\u00f9 vous en avez besoin. Utilisez le bouton situ\u00e9 \u00e0 l'ext\u00e9rieur pour choisir votre chaleur personnelle. Gr\u00e2ce \u00e0 la puissante batterie de 10 000 mAh (50Wh), vous pouvez profiter de jusqu'\u00e0 10 heures de chaleur confortable sans fil. La housse ext\u00e9rieure est lavable en machine.<\/p>\n<p>Vous avez le choix entre 3 r\u00e9glages de chaleur diff\u00e9rents :<\/p>\n<p>Rouge | Interne 58\u00b0C | Tactile 45\u00b0C | Dur\u00e9e de fonctionnement 6 heures<\/p>\n<p>Bleu | interne 50\u00b0C | tactile 40\u00b0C | dur\u00e9e de fonctionnement 8 heures<\/p>\n<p>Vert | interne 45\u00b0C | tactile 38\u00b0C | dur\u00e9e de fonctionnement 10 heures<\/p>\n<h2><strong>Mat\u00e9riau<\/strong><\/h2>\n<p>L'\u00e9charpe a un facteur de c\u00e2linage \u00e9lev\u00e9 et est fabriqu\u00e9e en polaire Teddy tr\u00e8s douce. La housse ext\u00e9rieure peut \u00eatre lav\u00e9e en machine.<\/p>\n<p>Une fois enroul\u00e9 vers l'int\u00e9rieur ou l'ext\u00e9rieur, fixez l'oreiller \u00e0 l'aide d'une fermeture \u00e9clair double face. Vous obtiendrez ainsi une bouillotte ou un chauffe-mains.<\/p>\n<h2><strong>T<\/strong><strong>he.Wrap comme coussin de si\u00e8ge<\/strong><\/h2>\n<p>L'enveloppe n'est pas trop ferme et est m\u00eame un peu moelleuse. Il est agr\u00e9able de s'y asseoir pour travailler \u00e0 la maison ou dans le jardin.<\/p>\n<h2><strong>L'\u00e9charpe comme chauffe-mains<\/strong><\/h2>\n<p>Enroulez le coussin vers l'ext\u00e9rieur et fixez-le \u00e0 l'aide de la fermeture \u00e9clair. Placez ensuite vos mains de part et d'autre du rouleau et vous sentirez non seulement la douceur du tissu, mais aussi la merveilleuse chaleur qui s'en d\u00e9gage.<\/p>\n<h2><strong>L'\u00e9charpe comme pot ou oreiller de cou<\/strong><\/h2>\n<p>Roulez le coussin vers l'int\u00e9rieur et fixez-le avec la fermeture \u00e9clair. L'ext\u00e9rieur est maintenant chauff\u00e9. Une chaleur agr\u00e9able pour le lit ou pour les muscles endoloris de la nuque.<\/p>\n<h2><strong>S\u00e9curit\u00e9<\/strong><\/h2>\n<p>Tous nos produits sont test\u00e9s de mani\u00e8re approfondie et portent les labels de qualit\u00e9 n\u00e9cessaires. La batterie est prot\u00e9g\u00e9e contre la surchauffe et s'\u00e9teint lorsqu'elle devient trop chaude. La technologie infrarouge est s\u00fbre pour une utilisation \u00e0 long terme.<\/p>","protected":false},"excerpt":{"rendered":"Coussin infrarouge multifonctionnel avec 3 fonctions : coussin de si\u00e8ge, chauffe-mains ou \u00e9charpe. Enroulez-le ou d\u00e9roulez-le et fermez-le \u00e0 l'aide de la fermeture \u00e9clair pour une chaleur instantan\u00e9e \u00e0 tout moment et en tout lieu.","protected":false},"featured_media":8031,"template":"","meta":{"_acf_changed":false},"product_brand":[],"product_cat":[281],"product_tag":[],"class_list":{"0":"post-6412","1":"product","2":"type-product","3":"status-publish","4":"has-post-thumbnail","6":"product_cat-refurbished","8":"first","9":"instock","10":"sale","11":"taxable","12":"shipping-taxable","13":"purchasable","14":"product-type-variable"},"composite_virtual":false,"composite_layout":"","composite_add_to_cart_form_location":"","composite_editable_in_cart":false,"composite_sold_individually_context":"","composite_shop_price_calc":"","composite_components":[],"composite_scenarios":[],"exclude_global_add_ons":[],"addons":[],"acf":[],"yoast_head":null,"yoast_head_json":null,"_links":{"self":[{"href":"https:\/\/www.nikki.amsterdam\/fr\/wp-json\/wp\/v2\/product\/6412","targetHints":{"allow":["GET"]}}],"collection":[{"href":"https:\/\/www.nikki.amsterdam\/fr\/wp-json\/wp\/v2\/product"}],"about":[{"href":"https:\/\/www.nikki.amsterdam\/fr\/wp-json\/wp\/v2\/types\/product"}],"wp:featuredmedia":[{"embeddable":true,"href":"https:\/\/www.nikki.amsterdam\/fr\/wp-json\/wp\/v2\/media\/8031"}],"wp:attachment":[{"href":"https:\/\/www.nikki.amsterdam\/fr\/wp-json\/wp\/v2\/media?parent=6412"}],"wp:term":[{"taxonomy":"product_brand","embeddable":true,"href":"https:\/\/www.nikki.amsterdam\/fr\/wp-json\/wp\/v2\/product_brand?post=6412"},{"taxonomy":"product_cat","embeddable":true,"href":"https:\/\/www.nikki.amsterdam\/fr\/wp-json\/wp\/v2\/product_cat?post=6412"},{"taxonomy":"product_tag","embeddable":true,"href":"https:\/\/www.nikki.amsterdam\/fr\/wp-json\/wp\/v2\/product_tag?post=6412"}],"curies":[{"name":"wp","href":"https:\/\/api.w.org\/{rel}","templated":true}]}}