{"id":6444,"date":"2025-01-27T11:02:42","date_gmt":"2025-01-27T10:02:42","guid":{"rendered":"https:\/\/www.nikki.amsterdam\/product\/the-lampion-l-refurbished\/"},"modified":"2026-03-21T22:57:17","modified_gmt":"2026-03-21T21:57:17","slug":"the-lampion-l-refurbished","status":"publish","type":"product","link":"https:\/\/www.nikki.amsterdam\/fr\/produit\/refurbished\/the-lampion-l-refurbished\/","title":{"rendered":"The.Lampion L Refurbished"},"content":{"rendered":"<h2>Comment fonctionne The.Lampion Refurbished ?<\/h2>\n<p>Tous nos produits r\u00e9nov\u00e9s sont enti\u00e8rement contr\u00f4l\u00e9s et b\u00e9n\u00e9ficient de 2 garanties.<\/p>\n<h2><strong>Haut-parleur Bluetooth<\/strong><\/h2>\n<p>Le c\u00e2ble fourni permet de charger le Lampion et de l'utiliser ensuite sans fil. Gr\u00e2ce \u00e0 la technologie Bluetooth, vous pouvez facilement connecter votre t\u00e9l\u00e9phone ou un autre appareil \u00e0 The.Lampion. Choisissez votre propre liste de lecture ou votre station de radio pr\u00e9f\u00e9r\u00e9e et profitez d'un son de haute qualit\u00e9.<\/p>\n<h3><strong>\u00c9clairage multicolore<\/strong><\/h3>\n<p>Blanc chaud ou multicolore, \u00e0 vous de choisir ! Il y a une couleur pour chaque humeur. Laissez les couleurs s'estomper au rythme de la musique, en mode fondu silencieux, ou choisissez une couleur unique fixe.<\/p>\n<h2><strong>Application<\/strong><\/h2>\n<p>T\u00e9l\u00e9chargez gratuitement notre propre application Nikki.Amsterdam qui vous permet de contr\u00f4ler \u00e0 la fois la lumi\u00e8re et le son. Utilisez votre propre liste de lecture ou mettez votre station de radio pr\u00e9f\u00e9r\u00e9e. Les possibilit\u00e9s sont infinies. Vous pouvez relier plusieurs lanternes ensemble pour cr\u00e9er la m\u00eame lumi\u00e8re et le m\u00eame son partout. Vous poss\u00e9dez d\u00e9j\u00e0 l'un de nos autres produits LED avec haut-parleur ? Ils peuvent eux aussi \u00eatre connect\u00e9s \u00e0 The.Lampion !<\/p>\n<h2><strong>Refroidisseur \u00e0 vin<\/strong><\/h2>\n<p>Une boisson bien fra\u00eeche et de la musique en fond sonore. Que voulez-vous de plus ? Il suffit de remplir de glace (eau) la cavit\u00e9 \u00e9tanche situ\u00e9e au milieu de The.Lampion et votre refroidisseur de vin est pr\u00eat \u00e0 l'emploi. \"<\/p>","protected":false},"excerpt":{"rendered":"Ce refroidisseur de vin ne se contente pas de refroidir vos boissons, il offre \u00e9galement un bel \u00e9clairage multicolore ! Et gr\u00e2ce au haut-parleur Bluetooth int\u00e9gr\u00e9, vous diffusez votre propre musique ! Enti\u00e8rement sans fil. De quoi avez-vous encore besoin ?","protected":false},"featured_media":8037,"template":"","meta":{"_acf_changed":false},"product_brand":[],"product_cat":[281],"product_tag":[],"class_list":{"0":"post-6444","1":"product","2":"type-product","3":"status-publish","4":"has-post-thumbnail","6":"product_cat-refurbished","8":"first","9":"instock","10":"taxable","11":"shipping-taxable","12":"purchasable","13":"product-type-simple"},"composite_virtual":false,"composite_layout":"","composite_add_to_cart_form_location":"","composite_editable_in_cart":false,"composite_sold_individually_context":"","composite_shop_price_calc":"","composite_components":[],"composite_scenarios":[],"exclude_global_add_ons":[],"addons":[],"acf":[],"yoast_head":null,"yoast_head_json":null,"_links":{"self":[{"href":"https:\/\/www.nikki.amsterdam\/fr\/wp-json\/wp\/v2\/product\/6444","targetHints":{"allow":["GET"]}}],"collection":[{"href":"https:\/\/www.nikki.amsterdam\/fr\/wp-json\/wp\/v2\/product"}],"about":[{"href":"https:\/\/www.nikki.amsterdam\/fr\/wp-json\/wp\/v2\/types\/product"}],"wp:featuredmedia":[{"embeddable":true,"href":"https:\/\/www.nikki.amsterdam\/fr\/wp-json\/wp\/v2\/media\/8037"}],"wp:attachment":[{"href":"https:\/\/www.nikki.amsterdam\/fr\/wp-json\/wp\/v2\/media?parent=6444"}],"wp:term":[{"taxonomy":"product_brand","embeddable":true,"href":"https:\/\/www.nikki.amsterdam\/fr\/wp-json\/wp\/v2\/product_brand?post=6444"},{"taxonomy":"product_cat","embeddable":true,"href":"https:\/\/www.nikki.amsterdam\/fr\/wp-json\/wp\/v2\/product_cat?post=6444"},{"taxonomy":"product_tag","embeddable":true,"href":"https:\/\/www.nikki.amsterdam\/fr\/wp-json\/wp\/v2\/product_tag?post=6444"}],"curies":[{"name":"wp","href":"https:\/\/api.w.org\/{rel}","templated":true}]}}