{"id":7930,"date":"2025-02-13T13:54:10","date_gmt":"2025-02-13T12:54:10","guid":{"rendered":"https:\/\/www.nikki.amsterdam\/product\/niet-gecategoriseerd\/the-cooler\/"},"modified":"2025-10-09T17:00:20","modified_gmt":"2025-10-09T15:00:20","slug":"the-cooler","status":"publish","type":"product","link":"https:\/\/www.nikki.amsterdam\/fr\/product\/accessoires\/the-cooler\/","title":{"rendered":"The.Cooler"},"content":{"rendered":"<h2>Comment fonctionne The.Cooler ?<\/h2>\n<p>Mettez The.Cooler au cong\u00e9lateur. Une fois refroidi, pliez la housse autour d'une bouteille de vin ou de champagne tr\u00e8s facilement. Pratique \u00e0 utiliser en combinaison avec The.Lampion. Ainsi, vous n'avez pas besoin de glace et vous pr\u00e9sentez votre boisson avec style !<\/p>","protected":false},"excerpt":{"rendered":"Le Cooler est un manchon pratique pour garder le vin ou le champagne au frais.","protected":false},"featured_media":7946,"template":"","meta":{"_acf_changed":false},"product_brand":[],"product_cat":[222],"product_tag":[],"class_list":{"0":"post-7930","1":"product","2":"type-product","3":"status-publish","4":"has-post-thumbnail","6":"product_cat-accessoires","7":"product_shipping_class-accessoires","9":"first","10":"instock","11":"taxable","12":"shipping-taxable","13":"purchasable","14":"product-type-simple"},"composite_virtual":false,"composite_layout":"","composite_add_to_cart_form_location":"","composite_editable_in_cart":false,"composite_sold_individually_context":"","composite_shop_price_calc":"","composite_components":[],"composite_scenarios":[],"exclude_global_add_ons":[],"addons":[],"acf":[],"yoast_head":null,"yoast_head_json":null,"_links":{"self":[{"href":"https:\/\/www.nikki.amsterdam\/fr\/wp-json\/wp\/v2\/product\/7930","targetHints":{"allow":["GET"]}}],"collection":[{"href":"https:\/\/www.nikki.amsterdam\/fr\/wp-json\/wp\/v2\/product"}],"about":[{"href":"https:\/\/www.nikki.amsterdam\/fr\/wp-json\/wp\/v2\/types\/product"}],"wp:featuredmedia":[{"embeddable":true,"href":"https:\/\/www.nikki.amsterdam\/fr\/wp-json\/wp\/v2\/media\/7946"}],"wp:attachment":[{"href":"https:\/\/www.nikki.amsterdam\/fr\/wp-json\/wp\/v2\/media?parent=7930"}],"wp:term":[{"taxonomy":"product_brand","embeddable":true,"href":"https:\/\/www.nikki.amsterdam\/fr\/wp-json\/wp\/v2\/product_brand?post=7930"},{"taxonomy":"product_cat","embeddable":true,"href":"https:\/\/www.nikki.amsterdam\/fr\/wp-json\/wp\/v2\/product_cat?post=7930"},{"taxonomy":"product_tag","embeddable":true,"href":"https:\/\/www.nikki.amsterdam\/fr\/wp-json\/wp\/v2\/product_tag?post=7930"}],"curies":[{"name":"wp","href":"https:\/\/api.w.org\/{rel}","templated":true}]}}