{"id":7931,"date":"2025-02-13T13:54:11","date_gmt":"2025-02-13T12:54:11","guid":{"rendered":"https:\/\/www.nikki.amsterdam\/product\/niet-gecategoriseerd\/the-remote\/"},"modified":"2025-10-22T10:40:38","modified_gmt":"2025-10-22T08:40:38","slug":"the-remote","status":"publish","type":"product","link":"https:\/\/www.nikki.amsterdam\/fr\/produit\/accessoires\/the-remote\/","title":{"rendered":"The.Remote"},"content":{"rendered":"<p>Nos lanternes d'\u00e9clairage LED sans Bluetooth ont de la couleur ! Avec The.Remote, r\u00e9glez votre couleur et votre mode pr\u00e9f\u00e9r\u00e9s.<\/p>","protected":false},"excerpt":{"rendered":"La t\u00e9l\u00e9commande est une t\u00e9l\u00e9commande sans fil adapt\u00e9e \u00e0 nos produits d'\u00e9clairage Led sans Bluetooth.","protected":false},"featured_media":7939,"template":"","meta":{"_acf_changed":false},"product_brand":[],"product_cat":[222],"product_tag":[],"class_list":{"0":"post-7931","1":"product","2":"type-product","3":"status-publish","4":"has-post-thumbnail","6":"product_cat-accessoires","7":"product_shipping_class-accessoires","9":"first","10":"instock","11":"taxable","12":"shipping-taxable","13":"purchasable","14":"product-type-simple"},"composite_virtual":false,"composite_layout":"","composite_add_to_cart_form_location":"","composite_editable_in_cart":false,"composite_sold_individually_context":"","composite_shop_price_calc":"","composite_components":[],"composite_scenarios":[],"exclude_global_add_ons":[],"addons":[],"acf":[],"yoast_head":null,"yoast_head_json":null,"_links":{"self":[{"href":"https:\/\/www.nikki.amsterdam\/fr\/wp-json\/wp\/v2\/product\/7931","targetHints":{"allow":["GET"]}}],"collection":[{"href":"https:\/\/www.nikki.amsterdam\/fr\/wp-json\/wp\/v2\/product"}],"about":[{"href":"https:\/\/www.nikki.amsterdam\/fr\/wp-json\/wp\/v2\/types\/product"}],"wp:featuredmedia":[{"embeddable":true,"href":"https:\/\/www.nikki.amsterdam\/fr\/wp-json\/wp\/v2\/media\/7939"}],"wp:attachment":[{"href":"https:\/\/www.nikki.amsterdam\/fr\/wp-json\/wp\/v2\/media?parent=7931"}],"wp:term":[{"taxonomy":"product_brand","embeddable":true,"href":"https:\/\/www.nikki.amsterdam\/fr\/wp-json\/wp\/v2\/product_brand?post=7931"},{"taxonomy":"product_cat","embeddable":true,"href":"https:\/\/www.nikki.amsterdam\/fr\/wp-json\/wp\/v2\/product_cat?post=7931"},{"taxonomy":"product_tag","embeddable":true,"href":"https:\/\/www.nikki.amsterdam\/fr\/wp-json\/wp\/v2\/product_tag?post=7931"}],"curies":[{"name":"wp","href":"https:\/\/api.w.org\/{rel}","templated":true}]}}