{"id":7933,"date":"2025-02-13T13:54:12","date_gmt":"2025-02-13T12:54:12","guid":{"rendered":"https:\/\/www.nikki.amsterdam\/product\/niet-gecategoriseerd\/the-adapter-dc\/"},"modified":"2026-03-11T12:08:07","modified_gmt":"2026-03-11T11:08:07","slug":"the-adapter-dc","status":"publish","type":"product","link":"https:\/\/www.nikki.amsterdam\/fr\/produit\/accessoires\/the-adapter-dc\/","title":{"rendered":"The.Adapter DC"},"content":{"rendered":"<h2>Comment fonctionne The.Adapter DC ?<\/h2>\n<p>Avec The.Adapter DC de Nikki.Amsterdam, il est possible de recharger les produits o\u00f9 et quand vous le souhaitez. Il est important que le produit Nikki.Amsterdam ait une entr\u00e9e DC. Ceci est indiqu\u00e9 dans les descriptions des produits.<\/p>\n<p>Daarnaast kunnen ook andere elektronische apparaten (naast de Nikki.Amsterdam producten) die voorzien zijn van een DC ingang opgeladen worden<\/p>","protected":false},"excerpt":{"rendered":"Cet adaptateur permet de recharger nos produits dot\u00e9s d'une entr\u00e9e CC.\r\n\r\n*Ne convient pas pour charger le Powerbank.","protected":false},"featured_media":7941,"template":"","meta":{"_acf_changed":false},"product_brand":[],"product_cat":[222],"product_tag":[],"class_list":{"0":"post-7933","1":"product","2":"type-product","3":"status-publish","4":"has-post-thumbnail","6":"product_cat-accessoires","7":"product_shipping_class-accessoires","9":"first","10":"instock","11":"taxable","12":"shipping-taxable","13":"purchasable","14":"product-type-simple"},"composite_virtual":false,"composite_layout":"","composite_add_to_cart_form_location":"","composite_editable_in_cart":false,"composite_sold_individually_context":"","composite_shop_price_calc":"","composite_components":[],"composite_scenarios":[],"exclude_global_add_ons":[],"addons":[],"acf":[],"yoast_head":null,"yoast_head_json":null,"_links":{"self":[{"href":"https:\/\/www.nikki.amsterdam\/fr\/wp-json\/wp\/v2\/product\/7933","targetHints":{"allow":["GET"]}}],"collection":[{"href":"https:\/\/www.nikki.amsterdam\/fr\/wp-json\/wp\/v2\/product"}],"about":[{"href":"https:\/\/www.nikki.amsterdam\/fr\/wp-json\/wp\/v2\/types\/product"}],"wp:featuredmedia":[{"embeddable":true,"href":"https:\/\/www.nikki.amsterdam\/fr\/wp-json\/wp\/v2\/media\/7941"}],"wp:attachment":[{"href":"https:\/\/www.nikki.amsterdam\/fr\/wp-json\/wp\/v2\/media?parent=7933"}],"wp:term":[{"taxonomy":"product_brand","embeddable":true,"href":"https:\/\/www.nikki.amsterdam\/fr\/wp-json\/wp\/v2\/product_brand?post=7933"},{"taxonomy":"product_cat","embeddable":true,"href":"https:\/\/www.nikki.amsterdam\/fr\/wp-json\/wp\/v2\/product_cat?post=7933"},{"taxonomy":"product_tag","embeddable":true,"href":"https:\/\/www.nikki.amsterdam\/fr\/wp-json\/wp\/v2\/product_tag?post=7933"}],"curies":[{"name":"wp","href":"https:\/\/api.w.org\/{rel}","templated":true}]}}