{"id":8395,"date":"2025-03-18T14:09:45","date_gmt":"2025-03-18T13:09:45","guid":{"rendered":"https:\/\/www.nikki.amsterdam\/?post_type=product&#038;p=8395"},"modified":"2026-05-11T11:34:29","modified_gmt":"2026-05-11T09:34:29","slug":"the-sit-and-heat","status":"publish","type":"product","link":"https:\/\/www.nikki.amsterdam\/fr\/product\/warmteproducten\/warmtedekens\/the-sit-and-heat\/","title":{"rendered":"The.Sit &amp; Heat"},"content":{"rendered":"<h2>Cet ensemble de prestations comprend<\/h2>\n<p>&#x2714; The.Plaid Original<br \/>\n&#x2714; Bijbehorende powerbank 20.000 mAh (100 Wh)<br \/>\n&#x2714; The.Seat pad<br \/>\n&#x2714; Bijbehorende powerbank 16.000 mAh (80 Wh)<br \/>\n&#x2714; 2 x lederen draagband<br \/>\n\u2714 Guide rapide pour une mise en service rapide<\/p>\n<h2><strong>The.Plaid Original<\/strong><\/h2>\n<p>Enveloppez-vous de chaleur ! Notre couverture chauffante sans fil The.Plaid est suffisamment grande pour s'y blottir (150 x 130 cm). Avec 8 \u00e9l\u00e9ments chauffants r\u00e9partis uniform\u00e9ment sur la couverture, vous serez r\u00e9chauff\u00e9 exactement l\u00e0 o\u00f9 votre corps en a besoin. Avec 3 niveaux de chaleur r\u00e9glables, vous choisissez la chaleur qui vous convient, jusqu'\u00e0 10 heures gr\u00e2ce \u00e0 la banque d'alimentation incluse.<\/p>\n<p>Une attention particuli\u00e8re a \u00e9t\u00e9 port\u00e9e \u00e0 la douceur et \u00e0 la qualit\u00e9 du tissu. Le Plaid est fabriqu\u00e9 dans une adorable polaire Teddy dont la couverture ext\u00e9rieure est lavable en machine. M\u00eame apr\u00e8s de nombreux lavages, la couverture reste tr\u00e8s douce. Cette douceur, combin\u00e9e \u00e0 des heures de chaleur, est un pur plaisir.<\/p>\n<h2><strong>The.Seat Pad<\/strong><\/h2>\n<p>Profitez de la douce chaleur de The.Seat Pad. Notre chauffage de chaise sans fil avec pas moins de 6 \u00e9l\u00e9ments chauffants ; 4 dans le dos, 2 dans le si\u00e8ge. The.Seat Pad chauffe exactement l\u00e0 o\u00f9 vous en avez besoin. Le tissu est un tissu doux et laineux, confortable et lavable en machine. Les 3 r\u00e9glages vous permettent d'ajuster votre propre temp\u00e9rature. Gr\u00e2ce \u00e0 la sangle de transport en cuir pratique et \u00e9l\u00e9gante, vous pouvez facilement ranger le chauffe-si\u00e8ge ou l'emmener au bureau.<\/p>\n<p>Vous avez le choix entre 3 r\u00e9glages de chaleur diff\u00e9rents :<\/p>\n<ul>\n<li><strong>Rouge<\/strong> | Dur\u00e9e d'utilisation Le plaid 6 heures | Le coussin 12 heures<\/li>\n<li><strong>Bleu<\/strong> | Dur\u00e9e d'utilisation Le plaid 8 heures | Le coussin 10 heures<\/li>\n<li><strong>Vert<\/strong> | Dur\u00e9e d'utilisation Le plaid 10 heures | Le coussin 8 heures<\/li>\n<\/ul>\n<h2><strong>S\u00e9curit\u00e9<\/strong><\/h2>\n<p>Tous nos produits sont test\u00e9s de mani\u00e8re approfondie et portent les labels de qualit\u00e9 n\u00e9cessaires. La batterie est prot\u00e9g\u00e9e contre la surchauffe et s'\u00e9teint lorsqu'elle devient trop chaude.<\/p>","protected":false},"excerpt":{"rendered":"La meilleure offre du moment ! Dans cette offre combin\u00e9e, vous recevrez <strong data-start=\"409\" data-end=\"447\">The.Seat Pad<\/strong> <em>(normalement 139 \u20ac) +<\/em><strong data-start=\"409\" data-end=\"447\"> Le.Plaid<\/strong>\u00a0<em>(normalement 149 \u20ac)<\/em><strong data-start=\"409\" data-end=\"447\">\r\n<\/strong>\r\n\r\nNormalement ensemble \u20ac288<br data-start=\"433\" data-end=\"436\" \/>En vente au printemps \u20ac218\r\n<strong>Maintenant en offre combin\u00e9e pour \u20ac189<\/strong>\r\n\r\n<strong>Vous \u00e9conomisez 99 euros<\/strong>\r\n\r\n&nbsp;","protected":false},"featured_media":8399,"template":"","meta":{"_acf_changed":false},"product_brand":[],"product_cat":[221,104,330],"product_tag":[],"class_list":{"0":"post-8395","1":"product","2":"type-product","3":"status-publish","4":"has-post-thumbnail","6":"product_cat-combideals","7":"product_cat-warmtedekens","8":"product_cat-combideals-warmteproducten","10":"first","11":"instock","12":"sale","13":"taxable","14":"shipping-taxable","15":"purchasable","16":"product-type-variable"},"composite_virtual":false,"composite_layout":"","composite_add_to_cart_form_location":"","composite_editable_in_cart":false,"composite_sold_individually_context":"","composite_shop_price_calc":"","composite_components":[],"composite_scenarios":[],"exclude_global_add_ons":[],"addons":[],"acf":[],"yoast_head":null,"yoast_head_json":null,"_links":{"self":[{"href":"https:\/\/www.nikki.amsterdam\/fr\/wp-json\/wp\/v2\/product\/8395","targetHints":{"allow":["GET"]}}],"collection":[{"href":"https:\/\/www.nikki.amsterdam\/fr\/wp-json\/wp\/v2\/product"}],"about":[{"href":"https:\/\/www.nikki.amsterdam\/fr\/wp-json\/wp\/v2\/types\/product"}],"wp:featuredmedia":[{"embeddable":true,"href":"https:\/\/www.nikki.amsterdam\/fr\/wp-json\/wp\/v2\/media\/8399"}],"wp:attachment":[{"href":"https:\/\/www.nikki.amsterdam\/fr\/wp-json\/wp\/v2\/media?parent=8395"}],"wp:term":[{"taxonomy":"product_brand","embeddable":true,"href":"https:\/\/www.nikki.amsterdam\/fr\/wp-json\/wp\/v2\/product_brand?post=8395"},{"taxonomy":"product_cat","embeddable":true,"href":"https:\/\/www.nikki.amsterdam\/fr\/wp-json\/wp\/v2\/product_cat?post=8395"},{"taxonomy":"product_tag","embeddable":true,"href":"https:\/\/www.nikki.amsterdam\/fr\/wp-json\/wp\/v2\/product_tag?post=8395"}],"curies":[{"name":"wp","href":"https:\/\/api.w.org\/{rel}","templated":true}]}}